{"id":2,"date":"2024-05-07T11:46:19","date_gmt":"2024-05-07T11:46:19","guid":{"rendered":"https:\/\/lzo-im-norden.de\/?page_id=2"},"modified":"2024-05-14T06:52:46","modified_gmt":"2024-05-14T06:52:46","slug":"das-konzept","status":"publish","type":"page","link":"https:\/\/lzo-im-norden.de\/","title":{"rendered":"Das Konzept"},"content":{"rendered":"\n<h1 class=\"wp-block-heading has-text-align-center\">Im Norden &#8211; Kunst der LzO<\/h1>\n\n\n\n<div class=\"wp-block-columns is-layout-flex wp-container-core-columns-is-layout-28f84493 wp-block-columns-is-layout-flex\">\n<div class=\"wp-block-column is-layout-flow wp-block-column-is-layout-flow\">\n<p>Eine \u00fcber f\u00fcnf Meter hohe Bronzeplastik von Thomas Sch\u00fctte vor der LzO-Zentrale zeigt an: Hier ist man offen f\u00fcr aktuelle Kunst. Der r\u00e4tselhaft vertr\u00e4umte monumentale \u201eMann im Matsch\u201c ist Teil der Kunstsammlung der LzO, die seit dem Bezug des Neubaukomplexes 2009 aufgebaut wird. Sie steht unter dem Motto \u201eIM NORDEN\u201c und ber\u00fccksichtigt K\u00fcnstler mit einem Bezug zum Oldenburger Land, dem Gesch\u00e4ftsgebiet der LzO. Damit unterstreicht die LzO ihre Verbundenheit mit der Region.<\/p>\n\n\n\n<p>Etliche K\u00fcnstler schufen Arbeiten eigens f\u00fcr das neue Geb\u00e4ude: Auch Hermann Pitz etwa, der im zentralen Atrium des Baukomplexes ein plastisches Spiel mit den historischen Fl\u00e4chenumrissen des Oldenburger Landes inszeniert, Heidi Specker und Laurenz Berges, die fotografische Studien in der Region betrieben, oder Hartmut Neumann, der ein \u201eNordisches Paradies\u201c malte.<\/p>\n\n\n\n<p>Die LzO versteht ihr Kunstengagement als besonderes Kommunikationsangebot f\u00fcr Mitarbeiterinnen und Mitarbeiter und f\u00fcr Besucher. Nicht zuletzt aber auch als nachhaltigen Beitrag zur Entwicklung und Wertsch\u00e4tzung von Kreativit\u00e4t und Innovation.<\/p>\n<\/div>\n\n\n\n<div class=\"wp-block-column is-layout-flow wp-block-column-is-layout-flow\">\n<figure class=\"wp-block-image size-full\"><img loading=\"lazy\" decoding=\"async\" width=\"600\" height=\"399\" src=\"https:\/\/lzo-im-norden.de\/wp-content\/uploads\/2024\/05\/startseite-skulptur.jpg\" alt=\"\" class=\"wp-image-120\" srcset=\"https:\/\/lzo-im-norden.de\/wp-content\/uploads\/2024\/05\/startseite-skulptur.jpg 600w, https:\/\/lzo-im-norden.de\/wp-content\/uploads\/2024\/05\/startseite-skulptur-300x200.jpg 300w\" sizes=\"auto, (max-width: 600px) 100vw, 600px\" \/><\/figure>\n<\/div>\n<\/div>\n\n\n\n<p>Diese K\u00fcnstler sind mit Arbeiten in der Kunstsammlung IM NORDEN der LzO vertreten:<br><a href=\"https:\/\/lzo-im-norden.de\/?page_id=476\">Susanne Ackermann<\/a>\u00a0*\u00a0\u00a0<a href=\"https:\/\/lzo-im-norden.de\/?page_id=478\">Diana Mercedes Alonso<\/a>\u00a0*\u00a0\u00a0<a href=\"https:\/\/lzo-im-norden.de\/?page_id=478\">Laurenz Berges<\/a>\u00a0*\u00a0\u00a0<a href=\"https:\/\/lzo-im-norden.de\/?page_id=480\">Henning Bohl<\/a>\u00a0*\u00a0\u00a0<a href=\"https:\/\/lzo-im-norden.de\/?page_id=189\">Astrid Brandt<\/a>\u00a0*\u00a0\u00a0<a href=\"https:\/\/lzo-im-norden.de\/?page_id=482\">Eckhard D\u00f6rr<\/a>\u00a0*\u00a0\u00a0<a href=\"https:\/\/lzo-im-norden.de\/?page_id=484\">\u00d3lafur El\u00edasson<\/a>\u00a0*\u00a0\u00a0<a href=\"https:\/\/lzo-im-norden.de\/?page_id=486\">Harald Falkenhagen<\/a>\u00a0*\u00a0\u00a0<a href=\"https:\/\/lzo-im-norden.de\/?page_id=488\">Rainer Fetting<\/a>\u00a0*\u00a0\u00a0<a href=\"https:\/\/lzo-im-norden.de\/?page_id=490\">Ludger Gerdes<\/a>\u00a0*\u00a0\u00a0<a href=\"https:\/\/lzo-im-norden.de\/?page_id=492\">Herwig Gillerke<\/a>\u00a0*\u00a0\u00a0<a href=\"https:\/\/lzo-im-norden.de\/?page_id=494\">Oliver Godow<\/a>\u00a0*\u00a0\u00a0<a href=\"https:\/\/lzo-im-norden.de\/?page_id=496\">Eugenia Gortchakova<\/a>\u00a0*\u00a0\u00a0<a href=\"https:\/\/lzo-im-norden.de\/?page_id=498\">Dieter H\u00e4rtel<\/a>\u00a0*\u00a0\u00a0<a href=\"https:\/\/lzo-im-norden.de\/?page_id=501\">Thomas Hartmann<\/a>\u00a0*\u00a0\u00a0<a href=\"https:\/\/lzo-im-norden.de\/?page_id=503\">Helmut Helmes<\/a>\u00a0*\u00a0\u00a0<a href=\"https:\/\/lzo-im-norden.de\/?page_id=520\">Tine Holterhoff<\/a>\u00a0*\u00a0\u00a0<a href=\"https:\/\/lzo-im-norden.de\/?page_id=522\">Jessica Kallage-G\u00f6tze<\/a>\u00a0*\u00a0\u00a0<a href=\"https:\/\/lzo-im-norden.de\/?page_id=524\">Per Kirkeby<\/a>\u00a0*\u00a0\u00a0<a href=\"https:\/\/lzo-im-norden.de\/?page_id=526\">Matthias Langer<\/a>\u00a0*\u00a0\u00a0<a href=\"https:\/\/lzo-im-norden.de\/?page_id=528\">Katia Liebmann<\/a>\u00a0*\u00a0\u00a0<a href=\"https:\/\/lzo-im-norden.de\/?page_id=530\">Jub M\u00f6nster<\/a>\u00a0*\u00a0\u00a0<a href=\"https:\/\/lzo-im-norden.de\/?page_id=532\">Jochen M\u00fchlenbrink<\/a>\u00a0*\u00a0\u00a0<a href=\"https:\/\/lzo-im-norden.de\/?page_id=534\">Helmut Middendorf<\/a>\u00a0*\u00a0\u00a0<a href=\"https:\/\/lzo-im-norden.de\/?page_id=536\">Mariella Mosler<\/a>\u00a0*\u00a0\u00a0<a href=\"https:\/\/lzo-im-norden.de\/?page_id=538\">Charlotte Mumm<\/a>\u00a0*\u00a0\u00a0<a href=\"https:\/\/lzo-im-norden.de\/?page_id=540\">Hartmut Neumann<\/a>\u00a0*\u00a0\u00a0<a href=\"https:\/\/lzo-im-norden.de\/?page_id=542\">Johannes Oberth\u00fcr<\/a>\u00a0*\u00a0\u00a0<a href=\"https:\/\/lzo-im-norden.de\/?page_id=545\">Hermann Pitz<\/a>\u00a0*\u00a0\u00a0<a href=\"https:\/\/lzo-im-norden.de\/?page_id=547\">Jan Pleitner<\/a>\u00a0*\u00a0\u00a0<a href=\"https:\/\/lzo-im-norden.de\/?page_id=549\">Piotr Rambowski<\/a>\u00a0*\u00a0\u00a0<a href=\"https:\/\/lzo-im-norden.de\/?page_id=551\">Michael Ramsauer<\/a>\u00a0*\u00a0\u00a0<a href=\"https:\/\/lzo-im-norden.de\/?page_id=553\">Edeltraut Rath<\/a>\u00a0*\u00a0\u00a0<a href=\"https:\/\/lzo-im-norden.de\/?page_id=556\">Brigitte Riesebrodt<\/a>\u00a0*\u00a0\u00a0<a href=\"https:\/\/lzo-im-norden.de\/?page_id=558\">Bettina Sch\u00fcnemann<\/a>\u00a0*\u00a0\u00a0<a href=\"https:\/\/lzo-im-norden.de\/?page_id=560\">Thomas Sch\u00fctte<\/a>\u00a0*\u00a0\u00a0<a href=\"https:\/\/lzo-im-norden.de\/?page_id=562\">Matthias Schoenfelder<\/a>\u00a0*\u00a0\u00a0<a href=\"https:\/\/lzo-im-norden.de\/?page_id=564\">Marina Schulze<\/a>\u00a0*\u00a0\u00a0<a href=\"https:\/\/lzo-im-norden.de\/?page_id=566\">Julia Siegmund<\/a>\u00a0*\u00a0\u00a0<a href=\"https:\/\/lzo-im-norden.de\/?page_id=568\">Heidi Specker<\/a>\u00a0*\u00a0\u00a0<a href=\"https:\/\/lzo-im-norden.de\/?page_id=570\">Nicola St\u00e4glich<\/a>\u00a0*\u00a0\u00a0<a href=\"https:\/\/lzo-im-norden.de\/?page_id=572\">Markus Tepe<\/a>\u00a0*\u00a0\u00a0<a href=\"https:\/\/lzo-im-norden.de\/?page_id=574\">Kerstin Vornmoor<\/a>\u00a0*\u00a0\u00a0<a href=\"https:\/\/lzo-im-norden.de\/?page_id=576\">Burchard Vossmann<\/a>\u00a0*\u00a0\u00a0<a href=\"https:\/\/lzo-im-norden.de\/?page_id=578\">Insa Winkler<\/a>\u00a0*\u00a0<\/p>\n\n\n\n<div style=\"height:40px\" aria-hidden=\"true\" class=\"wp-block-spacer\"><\/div>\n\n\n\n<div class=\"wp-block-columns arrowLink is-layout-flex wp-container-core-columns-is-layout-28f84493 wp-block-columns-is-layout-flex\">\n<div class=\"wp-block-column is-layout-flow wp-block-column-is-layout-flow\" style=\"flex-basis:25%\">\n<h2 class=\"wp-block-heading\">Das Konzept<\/h2>\n\n\n\n<p>Die Sammlung unter dem Motto &#8222;IM NORDEN&#8220; ber\u00fccksichtigt K\u00fcnstler mit einem Bezug zum Oldenburger Land, dem Gesch\u00e4ftsgebiet der LzO.\u00a0<br><\/p>\n\n\n\n<p><a href=\"https:\/\/lzo-im-norden.de\/\"><strong>mehr erfahren<\/strong><\/a><\/p>\n<\/div>\n\n\n\n<div class=\"wp-block-column is-layout-flow wp-block-column-is-layout-flow\" style=\"flex-basis:25%\">\n<h2 class=\"wp-block-heading\">Die K\u00fcnstler<\/h2>\n\n\n\n<p>Folgende K\u00fcnstler sind mit Ihren Arbeiten in der Kunstsammlung IM NORDEN der LzO vertreten.<br><\/p>\n\n\n\n<p><strong><a href=\"https:\/\/lzo-im-norden.de\/?page_id=184\">mehr erfahren<\/a><\/strong><\/p>\n<\/div>\n\n\n\n<div class=\"wp-block-column is-layout-flow wp-block-column-is-layout-flow\" style=\"flex-basis:25%\">\n<h2 class=\"wp-block-heading\">Die Galerie<\/h2>\n\n\n\n<p>Hier sehen Sie eine Auswahl von Kunstwerken aus der Sammlung\u00a0 IM NORDEN.<br><\/p>\n\n\n\n<p><strong><a href=\"https:\/\/lzo-im-norden.de\/?page_id=210\">mehr erfahren<\/a><\/strong><\/p>\n<\/div>\n\n\n\n<div class=\"wp-block-column is-layout-flow wp-block-column-is-layout-flow\" style=\"flex-basis:25%\">\n<h2 class=\"wp-block-heading\">F\u00fchrungen<\/h2>\n\n\n\n<p>Wenn Sie mehr zum Kunstkonzept IM NORDEN erfahren wollen: Die LzO bietet Kunstf\u00fchrungen an.<br><\/p>\n\n\n\n<p><strong><a href=\"https:\/\/lzo-im-norden.de\/?page_id=208\">mehr erfahren<\/a><\/strong><\/p>\n<\/div>\n<\/div>\n\n\n\n<div style=\"height:100px\" aria-hidden=\"true\" class=\"wp-block-spacer\"><\/div>\n","protected":false},"excerpt":{"rendered":"<p>Im Norden &#8211; Kunst der LzO Eine \u00fcber f\u00fcnf Meter hohe Bronzeplastik von Thomas Sch\u00fctte vor der LzO-Zentrale zeigt an: Hier ist man offen f\u00fcr aktuelle Kunst. Der r\u00e4tselhaft vertr\u00e4umte monumentale \u201eMann im Matsch\u201c ist Teil der Kunstsammlung der LzO, die seit dem Bezug des Neubaukomplexes 2009 aufgebaut wird. Sie steht unter dem Motto \u201eIM [&hellip;]<\/p>\n","protected":false},"author":1,"featured_media":0,"parent":0,"menu_order":0,"comment_status":"closed","ping_status":"closed","template":"","meta":{"footnotes":""},"class_list":["post-2","page","type-page","status-publish","hentry"],"yoast_head":"<!-- This site is optimized with the Yoast SEO plugin v27.4 - https:\/\/yoast.com\/product\/yoast-seo-wordpress\/ -->\n<title>Das Konzept - IM NORDEN - die Kunstsammlung der Landessparkasse zu Oldenburg<\/title>\n<meta name=\"robots\" content=\"index, follow, max-snippet:-1, max-image-preview:large, max-video-preview:-1\" \/>\n<link rel=\"canonical\" href=\"https:\/\/lzo-im-norden.de\/\" \/>\n<meta property=\"og:locale\" content=\"de_DE\" \/>\n<meta property=\"og:type\" content=\"article\" \/>\n<meta property=\"og:title\" content=\"Das Konzept - IM NORDEN - die Kunstsammlung der Landessparkasse zu Oldenburg\" \/>\n<meta property=\"og:description\" content=\"Im Norden &#8211; Kunst der LzO Eine \u00fcber f\u00fcnf Meter hohe Bronzeplastik von Thomas Sch\u00fctte vor der LzO-Zentrale zeigt an: Hier ist man offen f\u00fcr aktuelle Kunst. Der r\u00e4tselhaft vertr\u00e4umte monumentale \u201eMann im Matsch\u201c ist Teil der Kunstsammlung der LzO, die seit dem Bezug des Neubaukomplexes 2009 aufgebaut wird. Sie steht unter dem Motto \u201eIM [&hellip;]\" \/>\n<meta property=\"og:url\" content=\"https:\/\/lzo-im-norden.de\/\" \/>\n<meta property=\"og:site_name\" content=\"IM NORDEN - die Kunstsammlung der Landessparkasse zu Oldenburg\" \/>\n<meta property=\"article:modified_time\" content=\"2024-05-14T06:52:46+00:00\" \/>\n<meta property=\"og:image\" content=\"https:\/\/lzo-im-norden.de\/wp-content\/uploads\/2024\/05\/startseite-skulptur.jpg\" \/>\n<meta name=\"twitter:card\" content=\"summary_large_image\" \/>\n<meta name=\"twitter:label1\" content=\"Gesch\u00e4tzte Lesezeit\" \/>\n\t<meta name=\"twitter:data1\" content=\"3\u00a0Minuten\" \/>\n<script type=\"application\/ld+json\" class=\"yoast-schema-graph\">{\"@context\":\"https:\\\/\\\/schema.org\",\"@graph\":[{\"@type\":\"WebPage\",\"@id\":\"https:\\\/\\\/lzo-im-norden.de\\\/\",\"url\":\"https:\\\/\\\/lzo-im-norden.de\\\/\",\"name\":\"Das Konzept - IM NORDEN - die Kunstsammlung der Landessparkasse zu Oldenburg\",\"isPartOf\":{\"@id\":\"https:\\\/\\\/lzo-im-norden.de\\\/#website\"},\"primaryImageOfPage\":{\"@id\":\"https:\\\/\\\/lzo-im-norden.de\\\/#primaryimage\"},\"image\":{\"@id\":\"https:\\\/\\\/lzo-im-norden.de\\\/#primaryimage\"},\"thumbnailUrl\":\"https:\\\/\\\/lzo-im-norden.de\\\/wp-content\\\/uploads\\\/2024\\\/05\\\/startseite-skulptur.jpg\",\"datePublished\":\"2024-05-07T11:46:19+00:00\",\"dateModified\":\"2024-05-14T06:52:46+00:00\",\"breadcrumb\":{\"@id\":\"https:\\\/\\\/lzo-im-norden.de\\\/#breadcrumb\"},\"inLanguage\":\"de\",\"potentialAction\":[{\"@type\":\"ReadAction\",\"target\":[\"https:\\\/\\\/lzo-im-norden.de\\\/\"]}]},{\"@type\":\"ImageObject\",\"inLanguage\":\"de\",\"@id\":\"https:\\\/\\\/lzo-im-norden.de\\\/#primaryimage\",\"url\":\"https:\\\/\\\/lzo-im-norden.de\\\/wp-content\\\/uploads\\\/2024\\\/05\\\/startseite-skulptur.jpg\",\"contentUrl\":\"https:\\\/\\\/lzo-im-norden.de\\\/wp-content\\\/uploads\\\/2024\\\/05\\\/startseite-skulptur.jpg\",\"width\":600,\"height\":399},{\"@type\":\"BreadcrumbList\",\"@id\":\"https:\\\/\\\/lzo-im-norden.de\\\/#breadcrumb\",\"itemListElement\":[{\"@type\":\"ListItem\",\"position\":1,\"name\":\"Startseite\",\"item\":\"https:\\\/\\\/lzo-im-norden.de\\\/\"},{\"@type\":\"ListItem\",\"position\":2,\"name\":\"Das Konzept\"}]},{\"@type\":\"WebSite\",\"@id\":\"https:\\\/\\\/lzo-im-norden.de\\\/#website\",\"url\":\"https:\\\/\\\/lzo-im-norden.de\\\/\",\"name\":\"IM NORDEN - die Kunstsammlung der Landessparkasse zu Oldenburg\",\"description\":\"\",\"publisher\":{\"@id\":\"https:\\\/\\\/lzo-im-norden.de\\\/#organization\"},\"potentialAction\":[{\"@type\":\"SearchAction\",\"target\":{\"@type\":\"EntryPoint\",\"urlTemplate\":\"https:\\\/\\\/lzo-im-norden.de\\\/?s={search_term_string}\"},\"query-input\":{\"@type\":\"PropertyValueSpecification\",\"valueRequired\":true,\"valueName\":\"search_term_string\"}}],\"inLanguage\":\"de\"},{\"@type\":\"Organization\",\"@id\":\"https:\\\/\\\/lzo-im-norden.de\\\/#organization\",\"name\":\"IM NORDEN - die Kunstsammlung der Landessparkasse zu Oldenburg\",\"url\":\"https:\\\/\\\/lzo-im-norden.de\\\/\",\"logo\":{\"@type\":\"ImageObject\",\"inLanguage\":\"de\",\"@id\":\"https:\\\/\\\/lzo-im-norden.de\\\/#\\\/schema\\\/logo\\\/image\\\/\",\"url\":\"https:\\\/\\\/lzo-im-norden.de\\\/wp-content\\\/uploads\\\/2024\\\/05\\\/im-norden.png\",\"contentUrl\":\"https:\\\/\\\/lzo-im-norden.de\\\/wp-content\\\/uploads\\\/2024\\\/05\\\/im-norden.png\",\"width\":356,\"height\":105,\"caption\":\"IM NORDEN - die Kunstsammlung der Landessparkasse zu Oldenburg\"},\"image\":{\"@id\":\"https:\\\/\\\/lzo-im-norden.de\\\/#\\\/schema\\\/logo\\\/image\\\/\"}}]}<\/script>\n<!-- \/ Yoast SEO plugin. -->","yoast_head_json":{"title":"Das Konzept - IM NORDEN - die Kunstsammlung der Landessparkasse zu Oldenburg","robots":{"index":"index","follow":"follow","max-snippet":"max-snippet:-1","max-image-preview":"max-image-preview:large","max-video-preview":"max-video-preview:-1"},"canonical":"https:\/\/lzo-im-norden.de\/","og_locale":"de_DE","og_type":"article","og_title":"Das Konzept - IM NORDEN - die Kunstsammlung der Landessparkasse zu Oldenburg","og_description":"Im Norden &#8211; Kunst der LzO Eine \u00fcber f\u00fcnf Meter hohe Bronzeplastik von Thomas Sch\u00fctte vor der LzO-Zentrale zeigt an: Hier ist man offen f\u00fcr aktuelle Kunst. Der r\u00e4tselhaft vertr\u00e4umte monumentale \u201eMann im Matsch\u201c ist Teil der Kunstsammlung der LzO, die seit dem Bezug des Neubaukomplexes 2009 aufgebaut wird. Sie steht unter dem Motto \u201eIM [&hellip;]","og_url":"https:\/\/lzo-im-norden.de\/","og_site_name":"IM NORDEN - die Kunstsammlung der Landessparkasse zu Oldenburg","article_modified_time":"2024-05-14T06:52:46+00:00","og_image":[{"url":"https:\/\/lzo-im-norden.de\/wp-content\/uploads\/2024\/05\/startseite-skulptur.jpg","type":"","width":"","height":""}],"twitter_card":"summary_large_image","twitter_misc":{"Gesch\u00e4tzte Lesezeit":"3\u00a0Minuten"},"schema":{"@context":"https:\/\/schema.org","@graph":[{"@type":"WebPage","@id":"https:\/\/lzo-im-norden.de\/","url":"https:\/\/lzo-im-norden.de\/","name":"Das Konzept - IM NORDEN - die Kunstsammlung der Landessparkasse zu Oldenburg","isPartOf":{"@id":"https:\/\/lzo-im-norden.de\/#website"},"primaryImageOfPage":{"@id":"https:\/\/lzo-im-norden.de\/#primaryimage"},"image":{"@id":"https:\/\/lzo-im-norden.de\/#primaryimage"},"thumbnailUrl":"https:\/\/lzo-im-norden.de\/wp-content\/uploads\/2024\/05\/startseite-skulptur.jpg","datePublished":"2024-05-07T11:46:19+00:00","dateModified":"2024-05-14T06:52:46+00:00","breadcrumb":{"@id":"https:\/\/lzo-im-norden.de\/#breadcrumb"},"inLanguage":"de","potentialAction":[{"@type":"ReadAction","target":["https:\/\/lzo-im-norden.de\/"]}]},{"@type":"ImageObject","inLanguage":"de","@id":"https:\/\/lzo-im-norden.de\/#primaryimage","url":"https:\/\/lzo-im-norden.de\/wp-content\/uploads\/2024\/05\/startseite-skulptur.jpg","contentUrl":"https:\/\/lzo-im-norden.de\/wp-content\/uploads\/2024\/05\/startseite-skulptur.jpg","width":600,"height":399},{"@type":"BreadcrumbList","@id":"https:\/\/lzo-im-norden.de\/#breadcrumb","itemListElement":[{"@type":"ListItem","position":1,"name":"Startseite","item":"https:\/\/lzo-im-norden.de\/"},{"@type":"ListItem","position":2,"name":"Das Konzept"}]},{"@type":"WebSite","@id":"https:\/\/lzo-im-norden.de\/#website","url":"https:\/\/lzo-im-norden.de\/","name":"IM NORDEN - die Kunstsammlung der Landessparkasse zu Oldenburg","description":"","publisher":{"@id":"https:\/\/lzo-im-norden.de\/#organization"},"potentialAction":[{"@type":"SearchAction","target":{"@type":"EntryPoint","urlTemplate":"https:\/\/lzo-im-norden.de\/?s={search_term_string}"},"query-input":{"@type":"PropertyValueSpecification","valueRequired":true,"valueName":"search_term_string"}}],"inLanguage":"de"},{"@type":"Organization","@id":"https:\/\/lzo-im-norden.de\/#organization","name":"IM NORDEN - die Kunstsammlung der Landessparkasse zu Oldenburg","url":"https:\/\/lzo-im-norden.de\/","logo":{"@type":"ImageObject","inLanguage":"de","@id":"https:\/\/lzo-im-norden.de\/#\/schema\/logo\/image\/","url":"https:\/\/lzo-im-norden.de\/wp-content\/uploads\/2024\/05\/im-norden.png","contentUrl":"https:\/\/lzo-im-norden.de\/wp-content\/uploads\/2024\/05\/im-norden.png","width":356,"height":105,"caption":"IM NORDEN - die Kunstsammlung der Landessparkasse zu Oldenburg"},"image":{"@id":"https:\/\/lzo-im-norden.de\/#\/schema\/logo\/image\/"}}]}},"_links":{"self":[{"href":"https:\/\/lzo-im-norden.de\/index.php?rest_route=\/wp\/v2\/pages\/2","targetHints":{"allow":["GET"]}}],"collection":[{"href":"https:\/\/lzo-im-norden.de\/index.php?rest_route=\/wp\/v2\/pages"}],"about":[{"href":"https:\/\/lzo-im-norden.de\/index.php?rest_route=\/wp\/v2\/types\/page"}],"author":[{"embeddable":true,"href":"https:\/\/lzo-im-norden.de\/index.php?rest_route=\/wp\/v2\/users\/1"}],"replies":[{"embeddable":true,"href":"https:\/\/lzo-im-norden.de\/index.php?rest_route=%2Fwp%2Fv2%2Fcomments&post=2"}],"version-history":[{"count":7,"href":"https:\/\/lzo-im-norden.de\/index.php?rest_route=\/wp\/v2\/pages\/2\/revisions"}],"predecessor-version":[{"id":611,"href":"https:\/\/lzo-im-norden.de\/index.php?rest_route=\/wp\/v2\/pages\/2\/revisions\/611"}],"wp:attachment":[{"href":"https:\/\/lzo-im-norden.de\/index.php?rest_route=%2Fwp%2Fv2%2Fmedia&parent=2"}],"curies":[{"name":"wp","href":"https:\/\/api.w.org\/{rel}","templated":true}]}}