{"id":208,"date":"2024-05-08T11:26:48","date_gmt":"2024-05-08T11:26:48","guid":{"rendered":"https:\/\/lzo-im-norden.de\/?page_id=208"},"modified":"2024-05-08T11:26:48","modified_gmt":"2024-05-08T11:26:48","slug":"fuehrungen","status":"publish","type":"page","link":"https:\/\/lzo-im-norden.de\/?page_id=208","title":{"rendered":"F\u00fchrungen"},"content":{"rendered":"\n<h1 class=\"wp-block-heading has-text-align-center\">F\u00fchrungen<\/h1>\n\n\n\n<div class=\"wp-block-columns is-layout-flex wp-container-core-columns-is-layout-28f84493 wp-block-columns-is-layout-flex\">\n<div class=\"wp-block-column is-layout-flow wp-block-column-is-layout-flow\">\n<p>Ein besonderes Anliegen der LzO ist es, die Kunstsammlung IM NORDEN f\u00fcr G\u00e4ste und kunstinteressierte erlebbar zu machen. Aus diesem Grund werden regelm\u00e4\u00dfig \u00f6ffentliche F\u00fchrungen mit unterschiedlichen thematischen und technikbezogenen Schwerpunkten angeboten.<\/p>\n\n\n\n<p>Wenn Sie sich f\u00fcr F\u00fchrungen anmelden m\u00f6chten,&nbsp;klicken Sie bitte auf die entsprechenden Anmeldefelder.<\/p>\n<\/div>\n\n\n\n<div class=\"wp-block-column is-layout-flow wp-block-column-is-layout-flow\">\n<figure class=\"wp-block-image size-full\"><img loading=\"lazy\" decoding=\"async\" width=\"500\" height=\"362\" src=\"https:\/\/lzo-im-norden.de\/wp-content\/uploads\/2024\/05\/Seestueck-Moewen-_mit_Frau_Delgado.jpg\" alt=\"\" class=\"wp-image-130\" srcset=\"https:\/\/lzo-im-norden.de\/wp-content\/uploads\/2024\/05\/Seestueck-Moewen-_mit_Frau_Delgado.jpg 500w, https:\/\/lzo-im-norden.de\/wp-content\/uploads\/2024\/05\/Seestueck-Moewen-_mit_Frau_Delgado-300x217.jpg 300w\" sizes=\"auto, (max-width: 500px) 100vw, 500px\" \/><\/figure>\n<\/div>\n<\/div>\n\n\n\n<div class=\"wp-block-group is-nowrap is-layout-flex wp-container-core-group-is-layout-6c531013 wp-block-group-is-layout-flex\">\n<figure class=\"wp-block-image alignleft size-full is-resized\"><img loading=\"lazy\" decoding=\"async\" width=\"20\" height=\"15\" src=\"https:\/\/lzo-im-norden.de\/wp-content\/uploads\/2024\/05\/pfeil.png\" alt=\"\" class=\"wp-image-129\" style=\"width:20px\"\/><\/figure>\n\n\n\n<p>Alle F\u00fchrungen starten um 18:30 Uhr und enden ca. um 20:00 Uhr.<\/p>\n<\/div>\n\n\n\n<hr class=\"wp-block-separator has-text-color has-accent-5-color has-alpha-channel-opacity has-accent-5-background-color has-background is-style-wide\"\/>\n\n\n\n<p>Sie haben weitere Fragen zur Sammlung?<br>Schreiben Sie uns gern eine E-Mail an\u00a0<a href=\"mailto:ImNorden@lzo.com\">ImNorden@lzo.com<\/a>.<\/p>\n","protected":false},"excerpt":{"rendered":"<p>F\u00fchrungen Ein besonderes Anliegen der LzO ist es, die Kunstsammlung IM NORDEN f\u00fcr G\u00e4ste und kunstinteressierte erlebbar zu machen. Aus diesem Grund werden regelm\u00e4\u00dfig \u00f6ffentliche F\u00fchrungen mit unterschiedlichen thematischen und technikbezogenen Schwerpunkten angeboten. Wenn Sie sich f\u00fcr F\u00fchrungen anmelden m\u00f6chten,&nbsp;klicken Sie bitte auf die entsprechenden Anmeldefelder. Alle F\u00fchrungen starten um 18:30 Uhr und enden ca. [&hellip;]<\/p>\n","protected":false},"author":1,"featured_media":0,"parent":0,"menu_order":0,"comment_status":"closed","ping_status":"closed","template":"","meta":{"footnotes":""},"class_list":["post-208","page","type-page","status-publish","hentry"],"yoast_head":"<!-- This site is optimized with the Yoast SEO plugin v27.6 - https:\/\/yoast.com\/product\/yoast-seo-wordpress\/ -->\n<title>F\u00fchrungen - IM NORDEN - die Kunstsammlung der Landessparkasse zu Oldenburg<\/title>\n<meta name=\"robots\" content=\"index, follow, max-snippet:-1, max-image-preview:large, max-video-preview:-1\" \/>\n<link rel=\"canonical\" href=\"https:\/\/lzo-im-norden.de\/?page_id=208\" \/>\n<meta property=\"og:locale\" content=\"de_DE\" \/>\n<meta property=\"og:type\" content=\"article\" \/>\n<meta property=\"og:title\" content=\"F\u00fchrungen - IM NORDEN - die Kunstsammlung der Landessparkasse zu Oldenburg\" \/>\n<meta property=\"og:description\" content=\"F\u00fchrungen Ein besonderes Anliegen der LzO ist es, die Kunstsammlung IM NORDEN f\u00fcr G\u00e4ste und kunstinteressierte erlebbar zu machen. Aus diesem Grund werden regelm\u00e4\u00dfig \u00f6ffentliche F\u00fchrungen mit unterschiedlichen thematischen und technikbezogenen Schwerpunkten angeboten. Wenn Sie sich f\u00fcr F\u00fchrungen anmelden m\u00f6chten,&nbsp;klicken Sie bitte auf die entsprechenden Anmeldefelder. Alle F\u00fchrungen starten um 18:30 Uhr und enden ca. [&hellip;]\" \/>\n<meta property=\"og:url\" content=\"https:\/\/lzo-im-norden.de\/?page_id=208\" \/>\n<meta property=\"og:site_name\" content=\"IM NORDEN - die Kunstsammlung der Landessparkasse zu Oldenburg\" \/>\n<meta property=\"og:image\" content=\"https:\/\/lzo-im-norden.de\/wp-content\/uploads\/2024\/05\/Seestueck-Moewen-_mit_Frau_Delgado.jpg\" \/>\n<meta name=\"twitter:card\" content=\"summary_large_image\" \/>\n<meta name=\"twitter:label1\" content=\"Gesch\u00e4tzte Lesezeit\" \/>\n\t<meta name=\"twitter:data1\" content=\"1\u00a0Minute\" \/>\n<script type=\"application\/ld+json\" class=\"yoast-schema-graph\">{\"@context\":\"https:\\\/\\\/schema.org\",\"@graph\":[{\"@type\":\"WebPage\",\"@id\":\"https:\\\/\\\/lzo-im-norden.de\\\/?page_id=208\",\"url\":\"https:\\\/\\\/lzo-im-norden.de\\\/?page_id=208\",\"name\":\"F\u00fchrungen - IM NORDEN - die Kunstsammlung der Landessparkasse zu Oldenburg\",\"isPartOf\":{\"@id\":\"https:\\\/\\\/lzo-im-norden.de\\\/#website\"},\"primaryImageOfPage\":{\"@id\":\"https:\\\/\\\/lzo-im-norden.de\\\/?page_id=208#primaryimage\"},\"image\":{\"@id\":\"https:\\\/\\\/lzo-im-norden.de\\\/?page_id=208#primaryimage\"},\"thumbnailUrl\":\"https:\\\/\\\/lzo-im-norden.de\\\/wp-content\\\/uploads\\\/2024\\\/05\\\/Seestueck-Moewen-_mit_Frau_Delgado.jpg\",\"datePublished\":\"2024-05-08T11:26:48+00:00\",\"breadcrumb\":{\"@id\":\"https:\\\/\\\/lzo-im-norden.de\\\/?page_id=208#breadcrumb\"},\"inLanguage\":\"de\",\"potentialAction\":[{\"@type\":\"ReadAction\",\"target\":[\"https:\\\/\\\/lzo-im-norden.de\\\/?page_id=208\"]}]},{\"@type\":\"ImageObject\",\"inLanguage\":\"de\",\"@id\":\"https:\\\/\\\/lzo-im-norden.de\\\/?page_id=208#primaryimage\",\"url\":\"https:\\\/\\\/lzo-im-norden.de\\\/wp-content\\\/uploads\\\/2024\\\/05\\\/Seestueck-Moewen-_mit_Frau_Delgado.jpg\",\"contentUrl\":\"https:\\\/\\\/lzo-im-norden.de\\\/wp-content\\\/uploads\\\/2024\\\/05\\\/Seestueck-Moewen-_mit_Frau_Delgado.jpg\",\"width\":500,\"height\":362},{\"@type\":\"BreadcrumbList\",\"@id\":\"https:\\\/\\\/lzo-im-norden.de\\\/?page_id=208#breadcrumb\",\"itemListElement\":[{\"@type\":\"ListItem\",\"position\":1,\"name\":\"Startseite\",\"item\":\"https:\\\/\\\/lzo-im-norden.de\\\/\"},{\"@type\":\"ListItem\",\"position\":2,\"name\":\"F\u00fchrungen\"}]},{\"@type\":\"WebSite\",\"@id\":\"https:\\\/\\\/lzo-im-norden.de\\\/#website\",\"url\":\"https:\\\/\\\/lzo-im-norden.de\\\/\",\"name\":\"IM NORDEN - die Kunstsammlung der Landessparkasse zu Oldenburg\",\"description\":\"\",\"publisher\":{\"@id\":\"https:\\\/\\\/lzo-im-norden.de\\\/#organization\"},\"potentialAction\":[{\"@type\":\"SearchAction\",\"target\":{\"@type\":\"EntryPoint\",\"urlTemplate\":\"https:\\\/\\\/lzo-im-norden.de\\\/?s={search_term_string}\"},\"query-input\":{\"@type\":\"PropertyValueSpecification\",\"valueRequired\":true,\"valueName\":\"search_term_string\"}}],\"inLanguage\":\"de\"},{\"@type\":\"Organization\",\"@id\":\"https:\\\/\\\/lzo-im-norden.de\\\/#organization\",\"name\":\"IM NORDEN - die Kunstsammlung der Landessparkasse zu Oldenburg\",\"url\":\"https:\\\/\\\/lzo-im-norden.de\\\/\",\"logo\":{\"@type\":\"ImageObject\",\"inLanguage\":\"de\",\"@id\":\"https:\\\/\\\/lzo-im-norden.de\\\/#\\\/schema\\\/logo\\\/image\\\/\",\"url\":\"https:\\\/\\\/lzo-im-norden.de\\\/wp-content\\\/uploads\\\/2024\\\/05\\\/im-norden.png\",\"contentUrl\":\"https:\\\/\\\/lzo-im-norden.de\\\/wp-content\\\/uploads\\\/2024\\\/05\\\/im-norden.png\",\"width\":356,\"height\":105,\"caption\":\"IM NORDEN - die Kunstsammlung der Landessparkasse zu Oldenburg\"},\"image\":{\"@id\":\"https:\\\/\\\/lzo-im-norden.de\\\/#\\\/schema\\\/logo\\\/image\\\/\"}}]}<\/script>\n<!-- \/ Yoast SEO plugin. -->","yoast_head_json":{"title":"F\u00fchrungen - IM NORDEN - die Kunstsammlung der Landessparkasse zu Oldenburg","robots":{"index":"index","follow":"follow","max-snippet":"max-snippet:-1","max-image-preview":"max-image-preview:large","max-video-preview":"max-video-preview:-1"},"canonical":"https:\/\/lzo-im-norden.de\/?page_id=208","og_locale":"de_DE","og_type":"article","og_title":"F\u00fchrungen - IM NORDEN - die Kunstsammlung der Landessparkasse zu Oldenburg","og_description":"F\u00fchrungen Ein besonderes Anliegen der LzO ist es, die Kunstsammlung IM NORDEN f\u00fcr G\u00e4ste und kunstinteressierte erlebbar zu machen. Aus diesem Grund werden regelm\u00e4\u00dfig \u00f6ffentliche F\u00fchrungen mit unterschiedlichen thematischen und technikbezogenen Schwerpunkten angeboten. Wenn Sie sich f\u00fcr F\u00fchrungen anmelden m\u00f6chten,&nbsp;klicken Sie bitte auf die entsprechenden Anmeldefelder. Alle F\u00fchrungen starten um 18:30 Uhr und enden ca. [&hellip;]","og_url":"https:\/\/lzo-im-norden.de\/?page_id=208","og_site_name":"IM NORDEN - die Kunstsammlung der Landessparkasse zu Oldenburg","og_image":[{"url":"https:\/\/lzo-im-norden.de\/wp-content\/uploads\/2024\/05\/Seestueck-Moewen-_mit_Frau_Delgado.jpg","type":"","width":"","height":""}],"twitter_card":"summary_large_image","twitter_misc":{"Gesch\u00e4tzte Lesezeit":"1\u00a0Minute"},"schema":{"@context":"https:\/\/schema.org","@graph":[{"@type":"WebPage","@id":"https:\/\/lzo-im-norden.de\/?page_id=208","url":"https:\/\/lzo-im-norden.de\/?page_id=208","name":"F\u00fchrungen - IM NORDEN - die Kunstsammlung der Landessparkasse zu Oldenburg","isPartOf":{"@id":"https:\/\/lzo-im-norden.de\/#website"},"primaryImageOfPage":{"@id":"https:\/\/lzo-im-norden.de\/?page_id=208#primaryimage"},"image":{"@id":"https:\/\/lzo-im-norden.de\/?page_id=208#primaryimage"},"thumbnailUrl":"https:\/\/lzo-im-norden.de\/wp-content\/uploads\/2024\/05\/Seestueck-Moewen-_mit_Frau_Delgado.jpg","datePublished":"2024-05-08T11:26:48+00:00","breadcrumb":{"@id":"https:\/\/lzo-im-norden.de\/?page_id=208#breadcrumb"},"inLanguage":"de","potentialAction":[{"@type":"ReadAction","target":["https:\/\/lzo-im-norden.de\/?page_id=208"]}]},{"@type":"ImageObject","inLanguage":"de","@id":"https:\/\/lzo-im-norden.de\/?page_id=208#primaryimage","url":"https:\/\/lzo-im-norden.de\/wp-content\/uploads\/2024\/05\/Seestueck-Moewen-_mit_Frau_Delgado.jpg","contentUrl":"https:\/\/lzo-im-norden.de\/wp-content\/uploads\/2024\/05\/Seestueck-Moewen-_mit_Frau_Delgado.jpg","width":500,"height":362},{"@type":"BreadcrumbList","@id":"https:\/\/lzo-im-norden.de\/?page_id=208#breadcrumb","itemListElement":[{"@type":"ListItem","position":1,"name":"Startseite","item":"https:\/\/lzo-im-norden.de\/"},{"@type":"ListItem","position":2,"name":"F\u00fchrungen"}]},{"@type":"WebSite","@id":"https:\/\/lzo-im-norden.de\/#website","url":"https:\/\/lzo-im-norden.de\/","name":"IM NORDEN - die Kunstsammlung der Landessparkasse zu Oldenburg","description":"","publisher":{"@id":"https:\/\/lzo-im-norden.de\/#organization"},"potentialAction":[{"@type":"SearchAction","target":{"@type":"EntryPoint","urlTemplate":"https:\/\/lzo-im-norden.de\/?s={search_term_string}"},"query-input":{"@type":"PropertyValueSpecification","valueRequired":true,"valueName":"search_term_string"}}],"inLanguage":"de"},{"@type":"Organization","@id":"https:\/\/lzo-im-norden.de\/#organization","name":"IM NORDEN - die Kunstsammlung der Landessparkasse zu Oldenburg","url":"https:\/\/lzo-im-norden.de\/","logo":{"@type":"ImageObject","inLanguage":"de","@id":"https:\/\/lzo-im-norden.de\/#\/schema\/logo\/image\/","url":"https:\/\/lzo-im-norden.de\/wp-content\/uploads\/2024\/05\/im-norden.png","contentUrl":"https:\/\/lzo-im-norden.de\/wp-content\/uploads\/2024\/05\/im-norden.png","width":356,"height":105,"caption":"IM NORDEN - die Kunstsammlung der Landessparkasse zu Oldenburg"},"image":{"@id":"https:\/\/lzo-im-norden.de\/#\/schema\/logo\/image\/"}}]}},"_links":{"self":[{"href":"https:\/\/lzo-im-norden.de\/index.php?rest_route=\/wp\/v2\/pages\/208","targetHints":{"allow":["GET"]}}],"collection":[{"href":"https:\/\/lzo-im-norden.de\/index.php?rest_route=\/wp\/v2\/pages"}],"about":[{"href":"https:\/\/lzo-im-norden.de\/index.php?rest_route=\/wp\/v2\/types\/page"}],"author":[{"embeddable":true,"href":"https:\/\/lzo-im-norden.de\/index.php?rest_route=\/wp\/v2\/users\/1"}],"replies":[{"embeddable":true,"href":"https:\/\/lzo-im-norden.de\/index.php?rest_route=%2Fwp%2Fv2%2Fcomments&post=208"}],"version-history":[{"count":1,"href":"https:\/\/lzo-im-norden.de\/index.php?rest_route=\/wp\/v2\/pages\/208\/revisions"}],"predecessor-version":[{"id":209,"href":"https:\/\/lzo-im-norden.de\/index.php?rest_route=\/wp\/v2\/pages\/208\/revisions\/209"}],"wp:attachment":[{"href":"https:\/\/lzo-im-norden.de\/index.php?rest_route=%2Fwp%2Fv2%2Fmedia&parent=208"}],"curies":[{"name":"wp","href":"https:\/\/api.w.org\/{rel}","templated":true}]}}