{"id":480,"date":"2024-05-08T13:35:42","date_gmt":"2024-05-08T13:35:42","guid":{"rendered":"https:\/\/lzo-im-norden.de\/?page_id=480"},"modified":"2024-05-13T07:00:27","modified_gmt":"2024-05-13T07:00:27","slug":"henning-bohl","status":"publish","type":"page","link":"https:\/\/lzo-im-norden.de\/?page_id=480","title":{"rendered":"Henning Bohl"},"content":{"rendered":"\n<h1 class=\"wp-block-heading has-text-align-center\">HENNING BOHL<\/h1>\n\n\n\n<div class=\"wp-block-columns is-layout-flex wp-container-core-columns-is-layout-28f84493 wp-block-columns-is-layout-flex\">\n<div class=\"wp-block-column is-layout-flow wp-block-column-is-layout-flow\" style=\"flex-basis:25%\">\n<figure class=\"wp-block-image size-full\"><img loading=\"lazy\" decoding=\"async\" width=\"150\" height=\"183\" src=\"https:\/\/lzo-im-norden.de\/wp-content\/uploads\/2024\/05\/port-15.jpg\" alt=\"\" class=\"wp-image-286\"\/><\/figure>\n<\/div>\n\n\n\n<div class=\"wp-block-column is-layout-flow wp-block-column-is-layout-flow\" style=\"flex-basis:75%\">\n<figure class=\"wp-block-table is-style-stripes\"><table><tbody><tr><td>* 1975<\/td><td>in Oldenburg<\/td><\/tr><tr><td>1997 \u2013 2000<\/td><td>Studium an der Kunsthochschule Kassel bei Urs L\u00fcthi<\/td><\/tr><tr><td>2000 \u2013 2004<\/td><td>Studium an der St\u00e4delschule Frankfurt a. M. bei Thomas Bayrle und Michael Krebber<\/td><\/tr><tr><td colspan=\"2\">Div. Stipendien<\/td><\/tr><tr><td colspan=\"2\">Viel beachtete Ausstellungen&nbsp;<br>im In- und Ausland<\/td><\/tr><tr><td colspan=\"2\">lebt in Berlin und Hamburg.<\/td><\/tr><\/tbody><\/table><\/figure>\n<\/div>\n<\/div>\n\n\n\n<div style=\"height:50px\" aria-hidden=\"true\" class=\"wp-block-spacer\"><\/div>\n\n\n\n<h1 class=\"wp-block-heading has-text-align-center\">Werke<\/h1>\n\n\n<style id=\"wp_carousel_dynamic_css427\">.sp-wp-carousel-free-id-427.wpcf-fancybox-wrapper .fancybox-bg{background: #0b0b0b;opacity: 0.8;}.sp-wp-carousel-free-id-427.wpcf-fancybox-wrapper .fancybox-navigation .fancybox-button .wpcp-fancybox-nav-arrow i {color: #ccc;}.sp-wp-carousel-free-id-427.wpcf-fancybox-wrapper .fancybox-navigation .fancybox-button .wpcp-fancybox-nav-arrow i:hover {color: #fff;}.sp-wp-carousel-free-id-427.wpcf-fancybox-wrapper .fancybox-navigation .fancybox-button {background: #1e1e1e;}.sp-wp-carousel-free-id-427.wpcf-fancybox-wrapper .fancybox-navigation .fancybox-button:hover {background: #1e1e1e;}#sp-wp-carousel-free-id-427 .wpcp-swiper-dots {margin: 40px 0px 0px 0px;}.wpcp-wrapper-427 .swiper-wrapper .swiper-slide-kenburn, .wpcp-wrapper-427 .swiper-wrapper, .wpcp-wrapper-427 .wpcpro-row{align-items: center;}#sp-wp-carousel-free-id-427 .wpcp-single-item {box-shadow: 0px 0px 0px 0px #dddddd;transition: all .3s;margin: 0px;}#sp-wp-carousel-free-id-427.swiper-flip .wpcp-single-item{margin: 0!important;}#sp-wp-carousel-free-id-427 .wpcp-single-item:hover {box-shadow: 0px 0px 0px 0px #dddddd;}#sp-wp-carousel-free-id-427.sp-wpcp-427 .wpcp-single-item {border: 1px solid transparent;}#sp-wp-carousel-free-id-427.wpcp-carousel-section.sp-wpcp-427 .swiper-button-prev,#sp-wp-carousel-free-id-427.wpcp-carousel-section.sp-wpcp-427 .swiper-button-next,#sp-wp-carousel-free-id-427.wpcp-carousel-section.sp-wpcp-427 .swiper-button-prev:hover,#sp-wp-carousel-free-id-427.wpcp-carousel-section.sp-wpcp-427 .swiper-button-next:hover {font-size: 18px ; font-weight: 400;}#sp-wp-carousel-free-id-427.sp-wpcp-427 .swiper-button-prev,#sp-wp-carousel-free-id-427.sp-wpcp-427 .swiper-button-next,#sp-wp-carousel-free-id-427.sp-wpcp-427 .swiper-button-prev:hover,#sp-wp-carousel-free-id-427.sp-wpcp-427 .swiper-button-next:hover {background: none;border: none;font-size: 30px;}#sp-wp-carousel-free-id-427.sp-wpcp-427 .swiper-button-prev i,#sp-wp-carousel-free-id-427.sp-wpcp-427 .swiper-button-next i {color: #aaa;}#sp-wp-carousel-free-id-427.sp-wpcp-427 .swiper-button-prev i:hover,#sp-wp-carousel-free-id-427.sp-wpcp-427 .swiper-button-next i:hover {color: #d52a29;}#sp-wp-carousel-free-id-427.sp-wpcp-427 .wpcp-swiper-dots .swiper-pagination-bullet {background-color: #cccccc;}#sp-wp-carousel-free-id-427.sp-wpcp-427 .wpcp-swiper-dots .swiper-pagination-bullet.swiper-pagination-bullet-active {background-color: #d52a29;} #sp-wp-carousel-free-id-427.sp-wpcp-427.wpcp-image-carousel .wpcp-single-item:hover img, #sp-wp-carousel-free-id-427.sp-wpcp-427.wpcp-post-carousel .wpcp-single-item:hover img, #sp-wp-carousel-free-id-427.sp-wpcp-427.wpcp-product-carousel .wpcp-single-item:hover img{-webkit-transform: scale(1.2);-moz-transform: scale(1.2);transform: scale(1.2);}#sp-wp-carousel-free-id-427 .wpcpro-row>[class*=\"wpcpro-col-\"] { padding: 0 10px; padding-bottom: 20px;} #sp-wp-carousel-free-id-427 .swiper-slide .single-item-fade:not(:last-child) { margin-right: 20px;}@media (min-width: 480px) { .wpcpro-row .wpcpro-col-sm-1 { flex: 0 0 100%; max-width: 100%; } .wpcpro-row .wpcpro-col-sm-2 { flex: 0 0 50%; max-width: 50%; } .wpcpro-row .wpcpro-col-sm-2-5 { flex: 0 0 75%; max-width: 75%; } .wpcpro-row .wpcpro-col-sm-3 { flex: 0 0 33.333%; max-width: 33.333%; } .wpcpro-row .wpcpro-col-sm-4 { flex: 0 0 25%; max-width: 25%; } .wpcpro-row .wpcpro-col-sm-5 { flex: 0 0 20%; max-width: 20%; } .wpcpro-row .wpcpro-col-sm-6 { flex: 0 0 16.66666666666667%; max-width: 16.66666666666667%; } .wpcpro-row .wpcpro-col-sm-7 { flex: 0 0 14.28571428%; max-width: 14.28571428%; } .wpcpro-row .wpcpro-col-sm-8 { flex: 0 0 12.5%; max-width: 12.5%; } } @media (max-width: 480px) { .wpcpro-row .wpcpro-col-xs-1 { flex: 0 0 100%; max-width: 100%; } .wpcpro-row .wpcpro-col-xs-2 { flex: 0 0 50%; max-width: 50%; } .wpcpro-row .wpcpro-col-xs-3 { flex: 0 0 33.222%; max-width: 33.222%; } .wpcpro-row .wpcpro-col-xs-4 { flex: 0 0 25%; max-width: 25%; } .wpcpro-row .wpcpro-col-xs-5 { flex: 0 0 20%; max-width: 20%; } .wpcpro-row .wpcpro-col-xs-6 { flex: 0 0 16.6667%; max-width: 16.6667%; } .wpcpro-row .wpcpro-col-xs-7 { flex: 0 0 14.28571428%; max-width: 14.28571428%; } .wpcpro-row .wpcpro-col-xs-8 { flex: 0 0 12.5%; max-width: 12.5%; } } @media (min-width: 736px) { .wpcpro-row .wpcpro-col-md-1 { flex: 0 0 100%; max-width: 100%; } .wpcpro-row .wpcpro-col-md-2 { flex: 0 0 50%; max-width: 50%; } .wpcpro-row .wpcpro-col-md-2-5 { flex: 0 0 75%; max-width: 75%; } .wpcpro-row .wpcpro-col-md-3 { flex: 0 0 33.333%; max-width: 33.333%; } .wpcpro-row .wpcpro-col-md-4 { flex: 0 0 25%; max-width: 25%; } .wpcpro-row .wpcpro-col-md-5 { flex: 0 0 20%; max-width: 20%; } .wpcpro-row .wpcpro-col-md-6 { flex: 0 0 16.66666666666667%; max-width: 16.66666666666667%; } .wpcpro-row .wpcpro-col-md-7 { flex: 0 0 14.28571428%; max-width: 14.28571428%; } .wpcpro-row .wpcpro-col-md-8 { flex: 0 0 12.5%; max-width: 12.5%; } } @media (min-width: 980px) { .wpcpro-row .wpcpro-col-lg-1 { flex: 0 0 100%; max-width: 100%; } .wpcpro-row .wpcpro-col-lg-2 { flex: 0 0 50%; max-width: 50%; } .wpcpro-row .wpcpro-col-lg-3 { flex: 0 0 33.222%; max-width: 33.222%; } .wpcpro-row .wpcpro-col-lg-4 { flex: 0 0 25%; max-width: 25%; } .wpcpro-row .wpcpro-col-lg-5 { flex: 0 0 20%; max-width: 20%; } .wpcpro-row .wpcpro-col-lg-6 { flex: 0 0 16.6667%; max-width: 16.6667%; } .wpcpro-row .wpcpro-col-lg-7 { flex: 0 0 14.28571428%; max-width: 14.28571428%; } .wpcpro-row .wpcpro-col-lg-8 { flex: 0 0 12.5%; max-width: 12.5%; } } @media (min-width: 1200px) { .wpcpro-row .wpcpro-col-xl-1 { flex: 0 0 100%; max-width: 100%; } .wpcpro-row .wpcpro-col-xl-2 { flex: 0 0 50%; max-width: 50%; } .wpcpro-row .wpcpro-col-xl-3 { flex: 0 0 33.22222222%; max-width: 33.22222222%; } .wpcpro-row .wpcpro-col-xl-4 { flex: 0 0 25%; max-width: 25%; } .wpcpro-row .wpcpro-col-xl-5 { flex: 0 0 20%; max-width: 20%; } .wpcpro-row .wpcpro-col-xl-6 { flex: 0 0 16.66667%; max-width: 16.66667%; } .wpcpro-row .wpcpro-col-xl-7 { flex: 0 0 14.28571428%; max-width: 14.28571428%; } .wpcpro-row .wpcpro-col-xl-8 { flex: 0 0 12.5%; max-width: 12.5%; } }<\/style><div class=\"wpcp-carousel-wrapper wpcp-wrapper-427\">\n\t<div id=\"wpcp-preloader-427\" class=\"wpcp-carousel-preloader\"><img decoding=\"async\" src=\"https:\/\/lzo-im-norden.de\/wp-content\/plugins\/wp-carousel-free\/public\/css\/spinner.svg\" alt=\"Preloader Image\" \/><\/div>\t<div class=\"wpcp-carousel-content-wrapper\">\n\t<div id=\"sp-wp-carousel-free-id-427\" class=\"wpcp-carousel-section sp-wpcp-427  nav-vertical-center wpcp-image-carousel wpcp-preloader wpcp-standard\" data-swiper='{ &quot;pagination_type&quot;: &quot;dots&quot;,&quot;accessibility&quot;:true, &quot;spaceBetween&quot;:20, &quot;arrows&quot;:true, &quot;freeMode&quot;: true, &quot;autoplay&quot;:true, &quot;effect&quot;: &quot;&quot;, &quot;centerMode&quot;: false, &quot;autoplaySpeed&quot;:3000, &quot;dots&quot;:true, &quot;infinite&quot;:false, &quot;speed&quot;:600, &quot;pauseOnHover&quot;:true,\n\t\t\t&quot;slidesToShow&quot;:{&quot;lg_desktop&quot;:3, &quot;desktop&quot;: 2, &quot;laptop&quot;: 2, &quot;tablet&quot;: 1, &quot;mobile&quot;: 1}, &quot;responsive&quot;:{&quot;desktop&quot;:1200, &quot;laptop&quot;: 980, &quot;tablet&quot;: 736, &quot;mobile&quot;: 480}, &quot;rtl&quot;:false, &quot;lazyLoad&quot;: &quot;ondemand&quot;, &quot;swipe&quot;: true, &quot;draggable&quot;: true, &quot;swipeToSlide&quot;:true }' dir=\"ltr\">\n\t\t<div class=\"swiper-wrapper\">\n\t\t<div class=\"swiper-slide\">\n\t<div class=\"wpcp-single-item\">\n\t\t\t<a class=\"wcp-light-box\" data-buttons='[\"close\"]' data-wpc_url='https:\/\/lzo-im-norden.de\/wp-content\/uploads\/2024\/05\/Bohl_Untitled_2010-249x300.jpg' href=\"https:\/\/lzo-im-norden.de\/wp-content\/uploads\/2024\/05\/Bohl_Untitled_2010.jpg\" data-fancybox=\"wpcp_view\">\n\t\t<figure>\n\t\t\t<img loading=\"lazy\" decoding=\"async\" class=\"wcp-lazy swiper-lazy\" data-src=\"https:\/\/lzo-im-norden.de\/wp-content\/uploads\/2024\/05\/Bohl_Untitled_2010-249x300.jpg\" src=\"https:\/\/lzo-im-norden.de\/wp-content\/plugins\/wp-carousel-free\/public\/css\/spinner.svg\" alt=\"Untitled, 2010, Papier auf grundierter Leinwand, 240 x 190 cm\" width=\"249\" height=\"300\">\t\t<\/figure>\n\t<\/a>\n\t\t<\/div>\n<\/div>\n\t\t\t<\/div>\n\t\t\t\t\t<div class=\"wpcp-swiper-dots swiper-pagination\"><\/div>\n\t\t\t\t<!-- If we need navigation buttons -->\n\t\t\t\t\t<div class=\"wpcp-prev-button swiper-button-prev\"><i class=\"fa fa-angle-left\"><\/i><\/div>\n\t\t\t<div class=\"wpcp-next-button swiper-button-next\"><i class=\"fa fa-angle-right\"><\/i><\/div>\n\t\t\t<\/div>\n\t<\/div>\n<\/div>\n\n\n\n\n<div style=\"height:50px\" aria-hidden=\"true\" class=\"wp-block-spacer\"><\/div>\n\n\n\n<p>DAS BILD ALS B\u00dcHNE<\/p>\n\n\n\n<p>Nichts scheint eindeutig in dieser gro\u00dfformatigen Bildcollage. Die wei\u00dfen Papierbahnen rollen sich wieder zusammen, weg von der Bildfl\u00e4che, als wollten sie sich jeder Ordnungsidee entziehen. \u00dcber sie verstreut liegen geometrisch-abstrakte Formen in farbkr\u00e4ftigen rot-blau-violett-T\u00f6nen, aus Papier geschnitten. Verschoben sind sie nun, \u00fcberlagern sich teilweise &#8211; Punkte, sichelf\u00f6rmige Linien, ein h\u00e4ngender Tropfen. Alles scheint provisorisch, noch in Bewegung. Die Komposition dehnt sich fast skulptural in den Raum, gleichzeitig scheint sie aber auch wie ein B\u00fchnenvorhang, der den Blick auf das Dahinter verspricht: Taucht dort das Eigentliche \u00fcberhaupt erst auf?<\/p>\n\n\n\n<p>Mit seiner k\u00fcnstlerischen Strategie wirft Henning Bohl die Frage nach der Konstruktion eines Bildes auf. Alle seine Arbeiten sind dabei voller kunsthistorischer und selbstbez\u00fcglicher Anspielungen. Die immer wieder neu kombinierten und aus einem Formenrepertoire Schicht auf Schicht konstruierten Papiercollagen auf Leinwand lassen etwa an fern\u00f6stliche Bilderrollen denken, an abstrakte Dekorationen, an kubistisches Vokabular und an Pop-Appeal. Bohl \u201ecovert und re-inszeniert immer wieder k\u00fcnstlerische Ans\u00e4tze, meist aus der Fr\u00fchphase der Moderne und stets durch umdeutende Aneignung ihres dekorativen Potentials\u201c, formulierte Jens Asthoff 2011 im Kunstforum International.<\/p>\n\n\n\n<p>Mit der Technik des Papierschnitts etwa bezieht er sich ausdr\u00fccklich auf Henri Matisse, der in den 1940er Jahren das \u201eZeichnen mit der Schere\u201c zu seinem Ausdrucksmittel erkor. Das Werk des geb\u00fcrtigen Oldenburgers, mit dem er wichtige Beachtung erzielt, umfasst ein breites Spektrum von Collagen, gro\u00dfformativen Papierschnitten, Skulpturen, Installationen, Zeichnungen und Rauminstallationen. Es f\u00fcgt sich f\u00fcr den Betrachter zu einer gro\u00dfen vielschichtigen Erz\u00e4hlung, die aufmerksame Zuh\u00f6rer braucht.<\/p>\n","protected":false},"excerpt":{"rendered":"<p>HENNING BOHL * 1975 in Oldenburg 1997 \u2013 2000 Studium an der Kunsthochschule Kassel bei Urs L\u00fcthi 2000 \u2013 2004 Studium an der St\u00e4delschule Frankfurt a. M. bei Thomas Bayrle und Michael Krebber Div. Stipendien Viel beachtete Ausstellungen&nbsp;im In- und Ausland lebt in Berlin und Hamburg. Werke DAS BILD ALS B\u00dcHNE Nichts scheint eindeutig in [&hellip;]<\/p>\n","protected":false},"author":1,"featured_media":0,"parent":184,"menu_order":0,"comment_status":"closed","ping_status":"closed","template":"","meta":{"footnotes":""},"class_list":["post-480","page","type-page","status-publish","hentry"],"yoast_head":"<!-- This site is optimized with the Yoast SEO plugin v27.4 - https:\/\/yoast.com\/product\/yoast-seo-wordpress\/ -->\n<title>Henning Bohl - IM NORDEN - die Kunstsammlung der Landessparkasse zu Oldenburg<\/title>\n<meta name=\"robots\" content=\"index, follow, max-snippet:-1, max-image-preview:large, max-video-preview:-1\" \/>\n<link rel=\"canonical\" href=\"https:\/\/lzo-im-norden.de\/?page_id=480\" \/>\n<meta property=\"og:locale\" content=\"de_DE\" \/>\n<meta property=\"og:type\" content=\"article\" \/>\n<meta property=\"og:title\" content=\"Henning Bohl - IM NORDEN - die Kunstsammlung der Landessparkasse zu Oldenburg\" \/>\n<meta property=\"og:description\" content=\"HENNING BOHL * 1975 in Oldenburg 1997 \u2013 2000 Studium an der Kunsthochschule Kassel bei Urs L\u00fcthi 2000 \u2013 2004 Studium an der St\u00e4delschule Frankfurt a. M. bei Thomas Bayrle und Michael Krebber Div. Stipendien Viel beachtete Ausstellungen&nbsp;im In- und Ausland lebt in Berlin und Hamburg. Werke DAS BILD ALS B\u00dcHNE Nichts scheint eindeutig in [&hellip;]\" \/>\n<meta property=\"og:url\" content=\"https:\/\/lzo-im-norden.de\/?page_id=480\" \/>\n<meta property=\"og:site_name\" content=\"IM NORDEN - die Kunstsammlung der Landessparkasse zu Oldenburg\" \/>\n<meta property=\"article:modified_time\" content=\"2024-05-13T07:00:27+00:00\" \/>\n<meta property=\"og:image\" content=\"https:\/\/lzo-im-norden.de\/wp-content\/uploads\/2024\/05\/port-15.jpg\" \/>\n<meta name=\"twitter:card\" content=\"summary_large_image\" \/>\n<meta name=\"twitter:label1\" content=\"Gesch\u00e4tzte Lesezeit\" \/>\n\t<meta name=\"twitter:data1\" content=\"2\u00a0Minuten\" \/>\n<script type=\"application\/ld+json\" class=\"yoast-schema-graph\">{\"@context\":\"https:\\\/\\\/schema.org\",\"@graph\":[{\"@type\":\"WebPage\",\"@id\":\"https:\\\/\\\/lzo-im-norden.de\\\/?page_id=480\",\"url\":\"https:\\\/\\\/lzo-im-norden.de\\\/?page_id=480\",\"name\":\"Henning Bohl - IM NORDEN - die Kunstsammlung der Landessparkasse zu Oldenburg\",\"isPartOf\":{\"@id\":\"https:\\\/\\\/lzo-im-norden.de\\\/#website\"},\"primaryImageOfPage\":{\"@id\":\"https:\\\/\\\/lzo-im-norden.de\\\/?page_id=480#primaryimage\"},\"image\":{\"@id\":\"https:\\\/\\\/lzo-im-norden.de\\\/?page_id=480#primaryimage\"},\"thumbnailUrl\":\"https:\\\/\\\/lzo-im-norden.de\\\/wp-content\\\/uploads\\\/2024\\\/05\\\/port-15.jpg\",\"datePublished\":\"2024-05-08T13:35:42+00:00\",\"dateModified\":\"2024-05-13T07:00:27+00:00\",\"breadcrumb\":{\"@id\":\"https:\\\/\\\/lzo-im-norden.de\\\/?page_id=480#breadcrumb\"},\"inLanguage\":\"de\",\"potentialAction\":[{\"@type\":\"ReadAction\",\"target\":[\"https:\\\/\\\/lzo-im-norden.de\\\/?page_id=480\"]}]},{\"@type\":\"ImageObject\",\"inLanguage\":\"de\",\"@id\":\"https:\\\/\\\/lzo-im-norden.de\\\/?page_id=480#primaryimage\",\"url\":\"https:\\\/\\\/lzo-im-norden.de\\\/wp-content\\\/uploads\\\/2024\\\/05\\\/port-15.jpg\",\"contentUrl\":\"https:\\\/\\\/lzo-im-norden.de\\\/wp-content\\\/uploads\\\/2024\\\/05\\\/port-15.jpg\",\"width\":150,\"height\":183},{\"@type\":\"BreadcrumbList\",\"@id\":\"https:\\\/\\\/lzo-im-norden.de\\\/?page_id=480#breadcrumb\",\"itemListElement\":[{\"@type\":\"ListItem\",\"position\":1,\"name\":\"Startseite\",\"item\":\"https:\\\/\\\/lzo-im-norden.de\\\/\"},{\"@type\":\"ListItem\",\"position\":2,\"name\":\"Die K\u00fcnstler\",\"item\":\"https:\\\/\\\/lzo-im-norden.de\\\/?page_id=184\"},{\"@type\":\"ListItem\",\"position\":3,\"name\":\"Henning Bohl\"}]},{\"@type\":\"WebSite\",\"@id\":\"https:\\\/\\\/lzo-im-norden.de\\\/#website\",\"url\":\"https:\\\/\\\/lzo-im-norden.de\\\/\",\"name\":\"IM NORDEN - die Kunstsammlung der Landessparkasse zu Oldenburg\",\"description\":\"\",\"publisher\":{\"@id\":\"https:\\\/\\\/lzo-im-norden.de\\\/#organization\"},\"potentialAction\":[{\"@type\":\"SearchAction\",\"target\":{\"@type\":\"EntryPoint\",\"urlTemplate\":\"https:\\\/\\\/lzo-im-norden.de\\\/?s={search_term_string}\"},\"query-input\":{\"@type\":\"PropertyValueSpecification\",\"valueRequired\":true,\"valueName\":\"search_term_string\"}}],\"inLanguage\":\"de\"},{\"@type\":\"Organization\",\"@id\":\"https:\\\/\\\/lzo-im-norden.de\\\/#organization\",\"name\":\"IM NORDEN - die Kunstsammlung der Landessparkasse zu Oldenburg\",\"url\":\"https:\\\/\\\/lzo-im-norden.de\\\/\",\"logo\":{\"@type\":\"ImageObject\",\"inLanguage\":\"de\",\"@id\":\"https:\\\/\\\/lzo-im-norden.de\\\/#\\\/schema\\\/logo\\\/image\\\/\",\"url\":\"https:\\\/\\\/lzo-im-norden.de\\\/wp-content\\\/uploads\\\/2024\\\/05\\\/im-norden.png\",\"contentUrl\":\"https:\\\/\\\/lzo-im-norden.de\\\/wp-content\\\/uploads\\\/2024\\\/05\\\/im-norden.png\",\"width\":356,\"height\":105,\"caption\":\"IM NORDEN - die Kunstsammlung der Landessparkasse zu Oldenburg\"},\"image\":{\"@id\":\"https:\\\/\\\/lzo-im-norden.de\\\/#\\\/schema\\\/logo\\\/image\\\/\"}}]}<\/script>\n<!-- \/ Yoast SEO plugin. -->","yoast_head_json":{"title":"Henning Bohl - IM NORDEN - die Kunstsammlung der Landessparkasse zu Oldenburg","robots":{"index":"index","follow":"follow","max-snippet":"max-snippet:-1","max-image-preview":"max-image-preview:large","max-video-preview":"max-video-preview:-1"},"canonical":"https:\/\/lzo-im-norden.de\/?page_id=480","og_locale":"de_DE","og_type":"article","og_title":"Henning Bohl - IM NORDEN - die Kunstsammlung der Landessparkasse zu Oldenburg","og_description":"HENNING BOHL * 1975 in Oldenburg 1997 \u2013 2000 Studium an der Kunsthochschule Kassel bei Urs L\u00fcthi 2000 \u2013 2004 Studium an der St\u00e4delschule Frankfurt a. M. bei Thomas Bayrle und Michael Krebber Div. Stipendien Viel beachtete Ausstellungen&nbsp;im In- und Ausland lebt in Berlin und Hamburg. Werke DAS BILD ALS B\u00dcHNE Nichts scheint eindeutig in [&hellip;]","og_url":"https:\/\/lzo-im-norden.de\/?page_id=480","og_site_name":"IM NORDEN - die Kunstsammlung der Landessparkasse zu Oldenburg","article_modified_time":"2024-05-13T07:00:27+00:00","og_image":[{"url":"https:\/\/lzo-im-norden.de\/wp-content\/uploads\/2024\/05\/port-15.jpg","type":"","width":"","height":""}],"twitter_card":"summary_large_image","twitter_misc":{"Gesch\u00e4tzte Lesezeit":"2\u00a0Minuten"},"schema":{"@context":"https:\/\/schema.org","@graph":[{"@type":"WebPage","@id":"https:\/\/lzo-im-norden.de\/?page_id=480","url":"https:\/\/lzo-im-norden.de\/?page_id=480","name":"Henning Bohl - IM NORDEN - die Kunstsammlung der Landessparkasse zu Oldenburg","isPartOf":{"@id":"https:\/\/lzo-im-norden.de\/#website"},"primaryImageOfPage":{"@id":"https:\/\/lzo-im-norden.de\/?page_id=480#primaryimage"},"image":{"@id":"https:\/\/lzo-im-norden.de\/?page_id=480#primaryimage"},"thumbnailUrl":"https:\/\/lzo-im-norden.de\/wp-content\/uploads\/2024\/05\/port-15.jpg","datePublished":"2024-05-08T13:35:42+00:00","dateModified":"2024-05-13T07:00:27+00:00","breadcrumb":{"@id":"https:\/\/lzo-im-norden.de\/?page_id=480#breadcrumb"},"inLanguage":"de","potentialAction":[{"@type":"ReadAction","target":["https:\/\/lzo-im-norden.de\/?page_id=480"]}]},{"@type":"ImageObject","inLanguage":"de","@id":"https:\/\/lzo-im-norden.de\/?page_id=480#primaryimage","url":"https:\/\/lzo-im-norden.de\/wp-content\/uploads\/2024\/05\/port-15.jpg","contentUrl":"https:\/\/lzo-im-norden.de\/wp-content\/uploads\/2024\/05\/port-15.jpg","width":150,"height":183},{"@type":"BreadcrumbList","@id":"https:\/\/lzo-im-norden.de\/?page_id=480#breadcrumb","itemListElement":[{"@type":"ListItem","position":1,"name":"Startseite","item":"https:\/\/lzo-im-norden.de\/"},{"@type":"ListItem","position":2,"name":"Die K\u00fcnstler","item":"https:\/\/lzo-im-norden.de\/?page_id=184"},{"@type":"ListItem","position":3,"name":"Henning Bohl"}]},{"@type":"WebSite","@id":"https:\/\/lzo-im-norden.de\/#website","url":"https:\/\/lzo-im-norden.de\/","name":"IM NORDEN - die Kunstsammlung der Landessparkasse zu Oldenburg","description":"","publisher":{"@id":"https:\/\/lzo-im-norden.de\/#organization"},"potentialAction":[{"@type":"SearchAction","target":{"@type":"EntryPoint","urlTemplate":"https:\/\/lzo-im-norden.de\/?s={search_term_string}"},"query-input":{"@type":"PropertyValueSpecification","valueRequired":true,"valueName":"search_term_string"}}],"inLanguage":"de"},{"@type":"Organization","@id":"https:\/\/lzo-im-norden.de\/#organization","name":"IM NORDEN - die Kunstsammlung der Landessparkasse zu Oldenburg","url":"https:\/\/lzo-im-norden.de\/","logo":{"@type":"ImageObject","inLanguage":"de","@id":"https:\/\/lzo-im-norden.de\/#\/schema\/logo\/image\/","url":"https:\/\/lzo-im-norden.de\/wp-content\/uploads\/2024\/05\/im-norden.png","contentUrl":"https:\/\/lzo-im-norden.de\/wp-content\/uploads\/2024\/05\/im-norden.png","width":356,"height":105,"caption":"IM NORDEN - die Kunstsammlung der Landessparkasse zu Oldenburg"},"image":{"@id":"https:\/\/lzo-im-norden.de\/#\/schema\/logo\/image\/"}}]}},"_links":{"self":[{"href":"https:\/\/lzo-im-norden.de\/index.php?rest_route=\/wp\/v2\/pages\/480","targetHints":{"allow":["GET"]}}],"collection":[{"href":"https:\/\/lzo-im-norden.de\/index.php?rest_route=\/wp\/v2\/pages"}],"about":[{"href":"https:\/\/lzo-im-norden.de\/index.php?rest_route=\/wp\/v2\/types\/page"}],"author":[{"embeddable":true,"href":"https:\/\/lzo-im-norden.de\/index.php?rest_route=\/wp\/v2\/users\/1"}],"replies":[{"embeddable":true,"href":"https:\/\/lzo-im-norden.de\/index.php?rest_route=%2Fwp%2Fv2%2Fcomments&post=480"}],"version-history":[{"count":2,"href":"https:\/\/lzo-im-norden.de\/index.php?rest_route=\/wp\/v2\/pages\/480\/revisions"}],"predecessor-version":[{"id":515,"href":"https:\/\/lzo-im-norden.de\/index.php?rest_route=\/wp\/v2\/pages\/480\/revisions\/515"}],"up":[{"embeddable":true,"href":"https:\/\/lzo-im-norden.de\/index.php?rest_route=\/wp\/v2\/pages\/184"}],"wp:attachment":[{"href":"https:\/\/lzo-im-norden.de\/index.php?rest_route=%2Fwp%2Fv2%2Fmedia&parent=480"}],"curies":[{"name":"wp","href":"https:\/\/api.w.org\/{rel}","templated":true}]}}