{"id":488,"date":"2024-05-13T06:35:38","date_gmt":"2024-05-13T06:35:38","guid":{"rendered":"https:\/\/lzo-im-norden.de\/?page_id=488"},"modified":"2024-05-13T07:00:51","modified_gmt":"2024-05-13T07:00:51","slug":"rainer-fetting","status":"publish","type":"page","link":"https:\/\/lzo-im-norden.de\/?page_id=488","title":{"rendered":"Rainer Fetting"},"content":{"rendered":"\n<h1 class=\"wp-block-heading has-text-align-center\">RAINER FETTING<\/h1>\n\n\n\n<div class=\"wp-block-columns is-layout-flex wp-container-core-columns-is-layout-28f84493 wp-block-columns-is-layout-flex\">\n<div class=\"wp-block-column is-layout-flow wp-block-column-is-layout-flow\" style=\"flex-basis:25%\">\n<figure class=\"wp-block-image size-full\"><img loading=\"lazy\" decoding=\"async\" width=\"150\" height=\"225\" src=\"https:\/\/lzo-im-norden.de\/wp-content\/uploads\/2024\/05\/port-40.jpg\" alt=\"\" class=\"wp-image-404\"\/><\/figure>\n<\/div>\n\n\n\n<div class=\"wp-block-column is-layout-flow wp-block-column-is-layout-flow\" style=\"flex-basis:75%\">\n<figure class=\"wp-block-table is-style-stripes\"><table><tbody><tr><td>* 1949<\/td><td>in Wilhelmshaven<\/td><\/tr><tr><td>1972 &#8211; 1978<\/td><td>Studium der Malerei an der HdK, Berlin<\/td><\/tr><tr><td>1977<\/td><td>Mitbegr\u00fcnder und Mitglied der Galerie am Moritzplatz<\/td><\/tr><tr><td>1978<\/td><td>DAAD-Stipendium f\u00fcr Aufenthalt in New York<\/td><\/tr><tr><td>1983 &#8211; 1994<\/td><td>Atelier in New York und Berlin<\/td><\/tr><tr><td>1996<\/td><td>Willy Brandt-Skulptur f\u00fcr die SPD-Parteizentrale Berlin<\/td><\/tr><tr><td colspan=\"2\">internationale Ausstellungen seiner Malerei und Skulpturen<\/td><\/tr><tr><td colspan=\"2\">lebt und arbeitet in Berlin und Westerland.<\/td><\/tr><\/tbody><\/table><\/figure>\n<\/div>\n<\/div>\n\n\n\n<div style=\"height:50px\" aria-hidden=\"true\" class=\"wp-block-spacer\"><\/div>\n\n\n\n<h1 class=\"wp-block-heading has-text-align-center\">Werke<\/h1>\n\n\n<style id=\"wp_carousel_dynamic_css431\">.sp-wp-carousel-free-id-431.wpcf-fancybox-wrapper .fancybox-bg{background: #0b0b0b;opacity: 0.8;}.sp-wp-carousel-free-id-431.wpcf-fancybox-wrapper .fancybox-navigation .fancybox-button .wpcp-fancybox-nav-arrow i {color: #ccc;}.sp-wp-carousel-free-id-431.wpcf-fancybox-wrapper .fancybox-navigation .fancybox-button .wpcp-fancybox-nav-arrow i:hover {color: #fff;}.sp-wp-carousel-free-id-431.wpcf-fancybox-wrapper .fancybox-navigation .fancybox-button {background: #1e1e1e;}.sp-wp-carousel-free-id-431.wpcf-fancybox-wrapper .fancybox-navigation .fancybox-button:hover {background: #1e1e1e;}#sp-wp-carousel-free-id-431 .wpcp-swiper-dots {margin: 40px 0px 0px 0px;}.wpcp-wrapper-431 .swiper-wrapper .swiper-slide-kenburn, .wpcp-wrapper-431 .swiper-wrapper, .wpcp-wrapper-431 .wpcpro-row{align-items: center;}#sp-wp-carousel-free-id-431 .wpcp-single-item {box-shadow: 0px 0px 0px 0px #dddddd;transition: all .3s;margin: 0px;}#sp-wp-carousel-free-id-431.swiper-flip .wpcp-single-item{margin: 0!important;}#sp-wp-carousel-free-id-431 .wpcp-single-item:hover {box-shadow: 0px 0px 0px 0px #dddddd;}#sp-wp-carousel-free-id-431.sp-wpcp-431 .wpcp-single-item {border: 1px solid transparent;}#sp-wp-carousel-free-id-431.wpcp-carousel-section.sp-wpcp-431 .swiper-button-prev,#sp-wp-carousel-free-id-431.wpcp-carousel-section.sp-wpcp-431 .swiper-button-next,#sp-wp-carousel-free-id-431.wpcp-carousel-section.sp-wpcp-431 .swiper-button-prev:hover,#sp-wp-carousel-free-id-431.wpcp-carousel-section.sp-wpcp-431 .swiper-button-next:hover {font-size: 18px ; font-weight: 400;}#sp-wp-carousel-free-id-431.sp-wpcp-431 .swiper-button-prev,#sp-wp-carousel-free-id-431.sp-wpcp-431 .swiper-button-next,#sp-wp-carousel-free-id-431.sp-wpcp-431 .swiper-button-prev:hover,#sp-wp-carousel-free-id-431.sp-wpcp-431 .swiper-button-next:hover {background: none;border: none;font-size: 30px;}#sp-wp-carousel-free-id-431.sp-wpcp-431 .swiper-button-prev i,#sp-wp-carousel-free-id-431.sp-wpcp-431 .swiper-button-next i {color: #aaa;}#sp-wp-carousel-free-id-431.sp-wpcp-431 .swiper-button-prev i:hover,#sp-wp-carousel-free-id-431.sp-wpcp-431 .swiper-button-next i:hover {color: #d52a29;}#sp-wp-carousel-free-id-431.sp-wpcp-431 .wpcp-swiper-dots .swiper-pagination-bullet {background-color: #cccccc;}#sp-wp-carousel-free-id-431.sp-wpcp-431 .wpcp-swiper-dots .swiper-pagination-bullet.swiper-pagination-bullet-active {background-color: #d52a29;} #sp-wp-carousel-free-id-431.sp-wpcp-431.wpcp-image-carousel .wpcp-single-item:hover img, #sp-wp-carousel-free-id-431.sp-wpcp-431.wpcp-post-carousel .wpcp-single-item:hover img, #sp-wp-carousel-free-id-431.sp-wpcp-431.wpcp-product-carousel .wpcp-single-item:hover img{-webkit-transform: scale(1.2);-moz-transform: scale(1.2);transform: scale(1.2);}#sp-wp-carousel-free-id-431 .wpcpro-row>[class*=\"wpcpro-col-\"] { padding: 0 10px; padding-bottom: 20px;} #sp-wp-carousel-free-id-431 .swiper-slide .single-item-fade:not(:last-child) { margin-right: 20px;}@media (min-width: 480px) { .wpcpro-row .wpcpro-col-sm-1 { flex: 0 0 100%; max-width: 100%; } .wpcpro-row .wpcpro-col-sm-2 { flex: 0 0 50%; max-width: 50%; } .wpcpro-row .wpcpro-col-sm-2-5 { flex: 0 0 75%; max-width: 75%; } .wpcpro-row .wpcpro-col-sm-3 { flex: 0 0 33.333%; max-width: 33.333%; } .wpcpro-row .wpcpro-col-sm-4 { flex: 0 0 25%; max-width: 25%; } .wpcpro-row .wpcpro-col-sm-5 { flex: 0 0 20%; max-width: 20%; } .wpcpro-row .wpcpro-col-sm-6 { flex: 0 0 16.66666666666667%; max-width: 16.66666666666667%; } .wpcpro-row .wpcpro-col-sm-7 { flex: 0 0 14.28571428%; max-width: 14.28571428%; } .wpcpro-row .wpcpro-col-sm-8 { flex: 0 0 12.5%; max-width: 12.5%; } } @media (max-width: 480px) { .wpcpro-row .wpcpro-col-xs-1 { flex: 0 0 100%; max-width: 100%; } .wpcpro-row .wpcpro-col-xs-2 { flex: 0 0 50%; max-width: 50%; } .wpcpro-row .wpcpro-col-xs-3 { flex: 0 0 33.222%; max-width: 33.222%; } .wpcpro-row .wpcpro-col-xs-4 { flex: 0 0 25%; max-width: 25%; } .wpcpro-row .wpcpro-col-xs-5 { flex: 0 0 20%; max-width: 20%; } .wpcpro-row .wpcpro-col-xs-6 { flex: 0 0 16.6667%; max-width: 16.6667%; } .wpcpro-row .wpcpro-col-xs-7 { flex: 0 0 14.28571428%; max-width: 14.28571428%; } .wpcpro-row .wpcpro-col-xs-8 { flex: 0 0 12.5%; max-width: 12.5%; } } @media (min-width: 736px) { .wpcpro-row .wpcpro-col-md-1 { flex: 0 0 100%; max-width: 100%; } .wpcpro-row .wpcpro-col-md-2 { flex: 0 0 50%; max-width: 50%; } .wpcpro-row .wpcpro-col-md-2-5 { flex: 0 0 75%; max-width: 75%; } .wpcpro-row .wpcpro-col-md-3 { flex: 0 0 33.333%; max-width: 33.333%; } .wpcpro-row .wpcpro-col-md-4 { flex: 0 0 25%; max-width: 25%; } .wpcpro-row .wpcpro-col-md-5 { flex: 0 0 20%; max-width: 20%; } .wpcpro-row .wpcpro-col-md-6 { flex: 0 0 16.66666666666667%; max-width: 16.66666666666667%; } .wpcpro-row .wpcpro-col-md-7 { flex: 0 0 14.28571428%; max-width: 14.28571428%; } .wpcpro-row .wpcpro-col-md-8 { flex: 0 0 12.5%; max-width: 12.5%; } } @media (min-width: 980px) { .wpcpro-row .wpcpro-col-lg-1 { flex: 0 0 100%; max-width: 100%; } .wpcpro-row .wpcpro-col-lg-2 { flex: 0 0 50%; max-width: 50%; } .wpcpro-row .wpcpro-col-lg-3 { flex: 0 0 33.222%; max-width: 33.222%; } .wpcpro-row .wpcpro-col-lg-4 { flex: 0 0 25%; max-width: 25%; } .wpcpro-row .wpcpro-col-lg-5 { flex: 0 0 20%; max-width: 20%; } .wpcpro-row .wpcpro-col-lg-6 { flex: 0 0 16.6667%; max-width: 16.6667%; } .wpcpro-row .wpcpro-col-lg-7 { flex: 0 0 14.28571428%; max-width: 14.28571428%; } .wpcpro-row .wpcpro-col-lg-8 { flex: 0 0 12.5%; max-width: 12.5%; } } @media (min-width: 1200px) { .wpcpro-row .wpcpro-col-xl-1 { flex: 0 0 100%; max-width: 100%; } .wpcpro-row .wpcpro-col-xl-2 { flex: 0 0 50%; max-width: 50%; } .wpcpro-row .wpcpro-col-xl-3 { flex: 0 0 33.22222222%; max-width: 33.22222222%; } .wpcpro-row .wpcpro-col-xl-4 { flex: 0 0 25%; max-width: 25%; } .wpcpro-row .wpcpro-col-xl-5 { flex: 0 0 20%; max-width: 20%; } .wpcpro-row .wpcpro-col-xl-6 { flex: 0 0 16.66667%; max-width: 16.66667%; } .wpcpro-row .wpcpro-col-xl-7 { flex: 0 0 14.28571428%; max-width: 14.28571428%; } .wpcpro-row .wpcpro-col-xl-8 { flex: 0 0 12.5%; max-width: 12.5%; } }<\/style><div class=\"wpcp-carousel-wrapper wpcp-wrapper-431\">\n\t<div id=\"wpcp-preloader-431\" class=\"wpcp-carousel-preloader\"><img decoding=\"async\" src=\"https:\/\/lzo-im-norden.de\/wp-content\/plugins\/wp-carousel-free\/public\/css\/spinner.svg\" alt=\"Preloader Image\" \/><\/div>\t<div class=\"wpcp-carousel-content-wrapper\">\n\t<div id=\"sp-wp-carousel-free-id-431\" class=\"wpcp-carousel-section sp-wpcp-431  nav-vertical-center wpcp-image-carousel wpcp-preloader wpcp-standard\" data-swiper='{ &quot;pagination_type&quot;: &quot;dots&quot;,&quot;accessibility&quot;:true, &quot;spaceBetween&quot;:20, &quot;arrows&quot;:true, &quot;freeMode&quot;: true, &quot;autoplay&quot;:true, &quot;effect&quot;: &quot;&quot;, &quot;centerMode&quot;: false, &quot;autoplaySpeed&quot;:3000, &quot;dots&quot;:true, &quot;infinite&quot;:false, &quot;speed&quot;:600, &quot;pauseOnHover&quot;:true,\n\t\t\t&quot;slidesToShow&quot;:{&quot;lg_desktop&quot;:3, &quot;desktop&quot;: 2, &quot;laptop&quot;: 2, &quot;tablet&quot;: 1, &quot;mobile&quot;: 1}, &quot;responsive&quot;:{&quot;desktop&quot;:1200, &quot;laptop&quot;: 980, &quot;tablet&quot;: 736, &quot;mobile&quot;: 480}, &quot;rtl&quot;:false, &quot;lazyLoad&quot;: &quot;ondemand&quot;, &quot;swipe&quot;: true, &quot;draggable&quot;: true, &quot;swipeToSlide&quot;:true }' dir=\"ltr\">\n\t\t<div class=\"swiper-wrapper\">\n\t\t<div class=\"swiper-slide\">\n\t<div class=\"wpcp-single-item\">\n\t\t\t<a class=\"wcp-light-box\" data-buttons='[\"close\"]' data-wpc_url='https:\/\/lzo-im-norden.de\/wp-content\/uploads\/2024\/05\/fetting-1_450-300x163.jpg' href=\"https:\/\/lzo-im-norden.de\/wp-content\/uploads\/2024\/05\/fetting-1_450.jpg\" data-fancybox=\"wpcp_view\">\n\t\t<figure>\n\t\t\t<img loading=\"lazy\" decoding=\"async\" class=\"wcp-lazy swiper-lazy\" data-src=\"https:\/\/lzo-im-norden.de\/wp-content\/uploads\/2024\/05\/fetting-1_450-300x163.jpg\" src=\"https:\/\/lzo-im-norden.de\/wp-content\/plugins\/wp-carousel-free\/public\/css\/spinner.svg\" alt=\"\u201eSeest\u00fcck mit M\u00f6wen\u201c, 2011, \u00d6l auf Leinwand, 140 x 250 cm\" width=\"300\" height=\"163\">\t\t<\/figure>\n\t<\/a>\n\t\t<\/div>\n<\/div>\n\t\t\t<\/div>\n\t\t\t\t\t<div class=\"wpcp-swiper-dots swiper-pagination\"><\/div>\n\t\t\t\t<!-- If we need navigation buttons -->\n\t\t\t\t\t<div class=\"wpcp-prev-button swiper-button-prev\"><i class=\"fa fa-angle-left\"><\/i><\/div>\n\t\t\t<div class=\"wpcp-next-button swiper-button-next\"><i class=\"fa fa-angle-right\"><\/i><\/div>\n\t\t\t<\/div>\n\t<\/div>\n<\/div>\n\n\n\n\n<div style=\"height:50px\" aria-hidden=\"true\" class=\"wp-block-spacer\"><\/div>\n\n\n\n<p>RADIKALER TRADITIONALIST<\/p>\n\n\n\n<p>Er ist Gro\u00dfstadtmaler \u2013 so lautet ein Etikett, das schnell geklebt wird, um die k\u00fcnstlerische Position von Rainer Fetting zu kennzeichnen. Daf\u00fcr stehen seine Berliner Stadtlandschaften aus den 1970er Jahre, als er mit der Gruppe der \u201eJungen Wilden\u201c die Kunstszene erregte, daf\u00fcr stehen seine New-York Bilder und schlie\u00dflich seine malerische Begleitung des Stadtumbaus von Berlin in den 1990er Jahren. Dass im Oevre des K\u00fcnstlers das Thema Landschaft immer eine Rolle gespielt hat, ist dabei oft untergegangen. Aktuell aber ist un\u00fcbersehbar: Fetting malt Meeresbilder, Wellen, Gischt, Brandung, M\u00f6wen, in Gr\u00fcn und Blau. Er hat seit 2008 auf Sylt ein Atelier, wohnt im Wechsel in Berlin und auf der Insel. Ein ans Meer Zur\u00fcckgekehrter, ist ihm doch die Nordsee seit seiner Kindheit in Wilhelmshaven vertraut.&nbsp;<\/p>\n\n\n\n<p>Seine Landschaften bearbeitet der hocherfolgreiche K\u00fcnstler in radikal subjektivem Zugriff als Inszenierung zwischen Abbild und Autonomie des Bildes. Auf dem \u201eSeest\u00fcck mit M\u00f6wen\u201c zeigen sich die mit schnellem Strich kompakt bis d\u00fcnn verlaufenden Farben in der Nahsicht als abstrakt aufgel\u00f6ste Formen. Erst aus der Distanz erschlie\u00dft sich das Bild mit seinem Stimmungsgehalt. Es gehe ihm, sagt der K\u00fcnstler, um \u201edas Aufl\u00f6sen in eine m\u00f6glichst abstrakte Form, aber mit Erkennungswert.\u201c<\/p>\n\n\n\n<p>Rainer Fetting \u201ehat bei der Darstellung dessen, was ihn an der ihn umgebenden Welt interessiert, von Anfang an einen ganz eigenen Weg verfolgt, wobei er zeitgen\u00f6ssische Str\u00f6mungen weitgehend ausblendete, w\u00e4hrend seine Werke eine Hommage an die klassischen bildlichen Ausdrucksformen der Malerei wie Figur und Landschaft darstellen. Zugleich kann man Fettings Palette oder Stil auf keinerlei akademische Normen oder ein bestimmtes Genre reduzieren \u2013 auch nicht auf den Expressionismus, auf den er h\u00e4ufig beschr\u00e4nkt wird &#8211; da jeder `Malvorgang` eine Reaktion des K\u00fcnstlers auf die Besonderheiten des jeweiligen Sujets und Umfeldes ist. In diesem Sinne entpuppt sich Rainer Fetting als h\u00f6chst undefinierbar, als ein radikaler Traditionalist, f\u00fcr den sich die Welt jedes Mal neu erfindet, sobald er Farbe auf die Leinwand auftr\u00e4gt\u201c (Travis Jeppesen).<\/p>\n","protected":false},"excerpt":{"rendered":"<p>RAINER FETTING * 1949 in Wilhelmshaven 1972 &#8211; 1978 Studium der Malerei an der HdK, Berlin 1977 Mitbegr\u00fcnder und Mitglied der Galerie am Moritzplatz 1978 DAAD-Stipendium f\u00fcr Aufenthalt in New York 1983 &#8211; 1994 Atelier in New York und Berlin 1996 Willy Brandt-Skulptur f\u00fcr die SPD-Parteizentrale Berlin internationale Ausstellungen seiner Malerei und Skulpturen lebt und [&hellip;]<\/p>\n","protected":false},"author":1,"featured_media":0,"parent":184,"menu_order":0,"comment_status":"closed","ping_status":"closed","template":"","meta":{"footnotes":""},"class_list":["post-488","page","type-page","status-publish","hentry"],"yoast_head":"<!-- This site is optimized with the Yoast SEO plugin v27.4 - https:\/\/yoast.com\/product\/yoast-seo-wordpress\/ -->\n<title>Rainer Fetting - IM NORDEN - die Kunstsammlung der Landessparkasse zu Oldenburg<\/title>\n<meta name=\"robots\" content=\"index, follow, max-snippet:-1, max-image-preview:large, max-video-preview:-1\" \/>\n<link rel=\"canonical\" href=\"https:\/\/lzo-im-norden.de\/?page_id=488\" \/>\n<meta property=\"og:locale\" content=\"de_DE\" \/>\n<meta property=\"og:type\" content=\"article\" \/>\n<meta property=\"og:title\" content=\"Rainer Fetting - IM NORDEN - die Kunstsammlung der Landessparkasse zu Oldenburg\" \/>\n<meta property=\"og:description\" content=\"RAINER FETTING * 1949 in Wilhelmshaven 1972 &#8211; 1978 Studium der Malerei an der HdK, Berlin 1977 Mitbegr\u00fcnder und Mitglied der Galerie am Moritzplatz 1978 DAAD-Stipendium f\u00fcr Aufenthalt in New York 1983 &#8211; 1994 Atelier in New York und Berlin 1996 Willy Brandt-Skulptur f\u00fcr die SPD-Parteizentrale Berlin internationale Ausstellungen seiner Malerei und Skulpturen lebt und [&hellip;]\" \/>\n<meta property=\"og:url\" content=\"https:\/\/lzo-im-norden.de\/?page_id=488\" \/>\n<meta property=\"og:site_name\" content=\"IM NORDEN - die Kunstsammlung der Landessparkasse zu Oldenburg\" \/>\n<meta property=\"article:modified_time\" content=\"2024-05-13T07:00:51+00:00\" \/>\n<meta property=\"og:image\" content=\"https:\/\/lzo-im-norden.de\/wp-content\/uploads\/2024\/05\/port-40.jpg\" \/>\n<meta name=\"twitter:card\" content=\"summary_large_image\" \/>\n<meta name=\"twitter:label1\" content=\"Gesch\u00e4tzte Lesezeit\" \/>\n\t<meta name=\"twitter:data1\" content=\"3\u00a0Minuten\" \/>\n<script type=\"application\/ld+json\" class=\"yoast-schema-graph\">{\"@context\":\"https:\\\/\\\/schema.org\",\"@graph\":[{\"@type\":\"WebPage\",\"@id\":\"https:\\\/\\\/lzo-im-norden.de\\\/?page_id=488\",\"url\":\"https:\\\/\\\/lzo-im-norden.de\\\/?page_id=488\",\"name\":\"Rainer Fetting - IM NORDEN - die Kunstsammlung der Landessparkasse zu Oldenburg\",\"isPartOf\":{\"@id\":\"https:\\\/\\\/lzo-im-norden.de\\\/#website\"},\"primaryImageOfPage\":{\"@id\":\"https:\\\/\\\/lzo-im-norden.de\\\/?page_id=488#primaryimage\"},\"image\":{\"@id\":\"https:\\\/\\\/lzo-im-norden.de\\\/?page_id=488#primaryimage\"},\"thumbnailUrl\":\"https:\\\/\\\/lzo-im-norden.de\\\/wp-content\\\/uploads\\\/2024\\\/05\\\/port-40.jpg\",\"datePublished\":\"2024-05-13T06:35:38+00:00\",\"dateModified\":\"2024-05-13T07:00:51+00:00\",\"breadcrumb\":{\"@id\":\"https:\\\/\\\/lzo-im-norden.de\\\/?page_id=488#breadcrumb\"},\"inLanguage\":\"de\",\"potentialAction\":[{\"@type\":\"ReadAction\",\"target\":[\"https:\\\/\\\/lzo-im-norden.de\\\/?page_id=488\"]}]},{\"@type\":\"ImageObject\",\"inLanguage\":\"de\",\"@id\":\"https:\\\/\\\/lzo-im-norden.de\\\/?page_id=488#primaryimage\",\"url\":\"https:\\\/\\\/lzo-im-norden.de\\\/wp-content\\\/uploads\\\/2024\\\/05\\\/port-40.jpg\",\"contentUrl\":\"https:\\\/\\\/lzo-im-norden.de\\\/wp-content\\\/uploads\\\/2024\\\/05\\\/port-40.jpg\",\"width\":150,\"height\":225},{\"@type\":\"BreadcrumbList\",\"@id\":\"https:\\\/\\\/lzo-im-norden.de\\\/?page_id=488#breadcrumb\",\"itemListElement\":[{\"@type\":\"ListItem\",\"position\":1,\"name\":\"Startseite\",\"item\":\"https:\\\/\\\/lzo-im-norden.de\\\/\"},{\"@type\":\"ListItem\",\"position\":2,\"name\":\"Die K\u00fcnstler\",\"item\":\"https:\\\/\\\/lzo-im-norden.de\\\/?page_id=184\"},{\"@type\":\"ListItem\",\"position\":3,\"name\":\"Rainer Fetting\"}]},{\"@type\":\"WebSite\",\"@id\":\"https:\\\/\\\/lzo-im-norden.de\\\/#website\",\"url\":\"https:\\\/\\\/lzo-im-norden.de\\\/\",\"name\":\"IM NORDEN - die Kunstsammlung der Landessparkasse zu Oldenburg\",\"description\":\"\",\"publisher\":{\"@id\":\"https:\\\/\\\/lzo-im-norden.de\\\/#organization\"},\"potentialAction\":[{\"@type\":\"SearchAction\",\"target\":{\"@type\":\"EntryPoint\",\"urlTemplate\":\"https:\\\/\\\/lzo-im-norden.de\\\/?s={search_term_string}\"},\"query-input\":{\"@type\":\"PropertyValueSpecification\",\"valueRequired\":true,\"valueName\":\"search_term_string\"}}],\"inLanguage\":\"de\"},{\"@type\":\"Organization\",\"@id\":\"https:\\\/\\\/lzo-im-norden.de\\\/#organization\",\"name\":\"IM NORDEN - die Kunstsammlung der Landessparkasse zu Oldenburg\",\"url\":\"https:\\\/\\\/lzo-im-norden.de\\\/\",\"logo\":{\"@type\":\"ImageObject\",\"inLanguage\":\"de\",\"@id\":\"https:\\\/\\\/lzo-im-norden.de\\\/#\\\/schema\\\/logo\\\/image\\\/\",\"url\":\"https:\\\/\\\/lzo-im-norden.de\\\/wp-content\\\/uploads\\\/2024\\\/05\\\/im-norden.png\",\"contentUrl\":\"https:\\\/\\\/lzo-im-norden.de\\\/wp-content\\\/uploads\\\/2024\\\/05\\\/im-norden.png\",\"width\":356,\"height\":105,\"caption\":\"IM NORDEN - die Kunstsammlung der Landessparkasse zu Oldenburg\"},\"image\":{\"@id\":\"https:\\\/\\\/lzo-im-norden.de\\\/#\\\/schema\\\/logo\\\/image\\\/\"}}]}<\/script>\n<!-- \/ Yoast SEO plugin. -->","yoast_head_json":{"title":"Rainer Fetting - IM NORDEN - die Kunstsammlung der Landessparkasse zu Oldenburg","robots":{"index":"index","follow":"follow","max-snippet":"max-snippet:-1","max-image-preview":"max-image-preview:large","max-video-preview":"max-video-preview:-1"},"canonical":"https:\/\/lzo-im-norden.de\/?page_id=488","og_locale":"de_DE","og_type":"article","og_title":"Rainer Fetting - IM NORDEN - die Kunstsammlung der Landessparkasse zu Oldenburg","og_description":"RAINER FETTING * 1949 in Wilhelmshaven 1972 &#8211; 1978 Studium der Malerei an der HdK, Berlin 1977 Mitbegr\u00fcnder und Mitglied der Galerie am Moritzplatz 1978 DAAD-Stipendium f\u00fcr Aufenthalt in New York 1983 &#8211; 1994 Atelier in New York und Berlin 1996 Willy Brandt-Skulptur f\u00fcr die SPD-Parteizentrale Berlin internationale Ausstellungen seiner Malerei und Skulpturen lebt und [&hellip;]","og_url":"https:\/\/lzo-im-norden.de\/?page_id=488","og_site_name":"IM NORDEN - die Kunstsammlung der Landessparkasse zu Oldenburg","article_modified_time":"2024-05-13T07:00:51+00:00","og_image":[{"url":"https:\/\/lzo-im-norden.de\/wp-content\/uploads\/2024\/05\/port-40.jpg","type":"","width":"","height":""}],"twitter_card":"summary_large_image","twitter_misc":{"Gesch\u00e4tzte Lesezeit":"3\u00a0Minuten"},"schema":{"@context":"https:\/\/schema.org","@graph":[{"@type":"WebPage","@id":"https:\/\/lzo-im-norden.de\/?page_id=488","url":"https:\/\/lzo-im-norden.de\/?page_id=488","name":"Rainer Fetting - IM NORDEN - die Kunstsammlung der Landessparkasse zu Oldenburg","isPartOf":{"@id":"https:\/\/lzo-im-norden.de\/#website"},"primaryImageOfPage":{"@id":"https:\/\/lzo-im-norden.de\/?page_id=488#primaryimage"},"image":{"@id":"https:\/\/lzo-im-norden.de\/?page_id=488#primaryimage"},"thumbnailUrl":"https:\/\/lzo-im-norden.de\/wp-content\/uploads\/2024\/05\/port-40.jpg","datePublished":"2024-05-13T06:35:38+00:00","dateModified":"2024-05-13T07:00:51+00:00","breadcrumb":{"@id":"https:\/\/lzo-im-norden.de\/?page_id=488#breadcrumb"},"inLanguage":"de","potentialAction":[{"@type":"ReadAction","target":["https:\/\/lzo-im-norden.de\/?page_id=488"]}]},{"@type":"ImageObject","inLanguage":"de","@id":"https:\/\/lzo-im-norden.de\/?page_id=488#primaryimage","url":"https:\/\/lzo-im-norden.de\/wp-content\/uploads\/2024\/05\/port-40.jpg","contentUrl":"https:\/\/lzo-im-norden.de\/wp-content\/uploads\/2024\/05\/port-40.jpg","width":150,"height":225},{"@type":"BreadcrumbList","@id":"https:\/\/lzo-im-norden.de\/?page_id=488#breadcrumb","itemListElement":[{"@type":"ListItem","position":1,"name":"Startseite","item":"https:\/\/lzo-im-norden.de\/"},{"@type":"ListItem","position":2,"name":"Die K\u00fcnstler","item":"https:\/\/lzo-im-norden.de\/?page_id=184"},{"@type":"ListItem","position":3,"name":"Rainer Fetting"}]},{"@type":"WebSite","@id":"https:\/\/lzo-im-norden.de\/#website","url":"https:\/\/lzo-im-norden.de\/","name":"IM NORDEN - die Kunstsammlung der Landessparkasse zu Oldenburg","description":"","publisher":{"@id":"https:\/\/lzo-im-norden.de\/#organization"},"potentialAction":[{"@type":"SearchAction","target":{"@type":"EntryPoint","urlTemplate":"https:\/\/lzo-im-norden.de\/?s={search_term_string}"},"query-input":{"@type":"PropertyValueSpecification","valueRequired":true,"valueName":"search_term_string"}}],"inLanguage":"de"},{"@type":"Organization","@id":"https:\/\/lzo-im-norden.de\/#organization","name":"IM NORDEN - die Kunstsammlung der Landessparkasse zu Oldenburg","url":"https:\/\/lzo-im-norden.de\/","logo":{"@type":"ImageObject","inLanguage":"de","@id":"https:\/\/lzo-im-norden.de\/#\/schema\/logo\/image\/","url":"https:\/\/lzo-im-norden.de\/wp-content\/uploads\/2024\/05\/im-norden.png","contentUrl":"https:\/\/lzo-im-norden.de\/wp-content\/uploads\/2024\/05\/im-norden.png","width":356,"height":105,"caption":"IM NORDEN - die Kunstsammlung der Landessparkasse zu Oldenburg"},"image":{"@id":"https:\/\/lzo-im-norden.de\/#\/schema\/logo\/image\/"}}]}},"_links":{"self":[{"href":"https:\/\/lzo-im-norden.de\/index.php?rest_route=\/wp\/v2\/pages\/488","targetHints":{"allow":["GET"]}}],"collection":[{"href":"https:\/\/lzo-im-norden.de\/index.php?rest_route=\/wp\/v2\/pages"}],"about":[{"href":"https:\/\/lzo-im-norden.de\/index.php?rest_route=\/wp\/v2\/types\/page"}],"author":[{"embeddable":true,"href":"https:\/\/lzo-im-norden.de\/index.php?rest_route=\/wp\/v2\/users\/1"}],"replies":[{"embeddable":true,"href":"https:\/\/lzo-im-norden.de\/index.php?rest_route=%2Fwp%2Fv2%2Fcomments&post=488"}],"version-history":[{"count":2,"href":"https:\/\/lzo-im-norden.de\/index.php?rest_route=\/wp\/v2\/pages\/488\/revisions"}],"predecessor-version":[{"id":518,"href":"https:\/\/lzo-im-norden.de\/index.php?rest_route=\/wp\/v2\/pages\/488\/revisions\/518"}],"up":[{"embeddable":true,"href":"https:\/\/lzo-im-norden.de\/index.php?rest_route=\/wp\/v2\/pages\/184"}],"wp:attachment":[{"href":"https:\/\/lzo-im-norden.de\/index.php?rest_route=%2Fwp%2Fv2%2Fmedia&parent=488"}],"curies":[{"name":"wp","href":"https:\/\/api.w.org\/{rel}","templated":true}]}}