{"id":490,"date":"2024-05-13T06:38:24","date_gmt":"2024-05-13T06:38:24","guid":{"rendered":"https:\/\/lzo-im-norden.de\/?page_id=490"},"modified":"2024-05-13T07:00:45","modified_gmt":"2024-05-13T07:00:45","slug":"ludger-gerdes","status":"publish","type":"page","link":"https:\/\/lzo-im-norden.de\/?page_id=490","title":{"rendered":"Ludger Gerdes"},"content":{"rendered":"\n<h1 class=\"wp-block-heading has-text-align-center\">LUDGER GERDES<\/h1>\n\n\n\n<div class=\"wp-block-columns is-layout-flex wp-container-core-columns-is-layout-28f84493 wp-block-columns-is-layout-flex\">\n<div class=\"wp-block-column is-layout-flow wp-block-column-is-layout-flow\" style=\"flex-basis:25%\">\n<figure class=\"wp-block-image size-full\"><img loading=\"lazy\" decoding=\"async\" width=\"150\" height=\"186\" src=\"https:\/\/lzo-im-norden.de\/wp-content\/uploads\/2024\/05\/port-28.jpg\" alt=\"\" class=\"wp-image-348\"\/><\/figure>\n<\/div>\n\n\n\n<div class=\"wp-block-column is-layout-flow wp-block-column-is-layout-flow\" style=\"flex-basis:75%\">\n<figure class=\"wp-block-table is-style-stripes\"><table><tbody><tr><td>* 1954<\/td><td>in Lastrup<\/td><\/tr><tr><td>1975 &#8211; 1977<\/td><td>Studium an der Kunstakademie M\u00fcnster<br>bei Timm Ulrichs<\/td><\/tr><tr><td>1977 &#8211; 1982<\/td><td>Studium an der Kunstakademie D\u00fcsseldorf bei Gerhard Richter<\/td><\/tr><tr><td>1982<\/td><td>Teilnahme an der documenta VII<\/td><\/tr><tr><td>1987<\/td><td>Skulptur. Projekte M\u00fcnster<\/td><\/tr><tr><td>1998 &#8211; 2004<\/td><td>Professor f\u00fcr Malerei und Multimedia an der Hochschule f\u00fcr Gestaltung, Karlsruhe<\/td><\/tr><tr><td>2005 &#8211; 2008<\/td><td>Professor f\u00fcr Malerei an der Muthesius Kunsthochschule, Kiel<\/td><\/tr><tr><td>\u2020 2008<\/td><td>&nbsp;<\/td><\/tr><tr><td colspan=\"2\">Ausstellungen im In- und Ausland<\/td><\/tr><tr><td colspan=\"2\">lebte in D\u00fcsseldorf und M\u00fcnchen.<\/td><\/tr><\/tbody><\/table><\/figure>\n<\/div>\n<\/div>\n\n\n\n<div style=\"height:50px\" aria-hidden=\"true\" class=\"wp-block-spacer\"><\/div>\n\n\n\n<h1 class=\"wp-block-heading has-text-align-center\">Werke<\/h1>\n\n\n<style id=\"wp_carousel_dynamic_css432\">.sp-wp-carousel-free-id-432.wpcf-fancybox-wrapper .fancybox-bg{background: #0b0b0b;opacity: 0.8;}.sp-wp-carousel-free-id-432.wpcf-fancybox-wrapper .fancybox-navigation .fancybox-button .wpcp-fancybox-nav-arrow i {color: #ccc;}.sp-wp-carousel-free-id-432.wpcf-fancybox-wrapper .fancybox-navigation .fancybox-button .wpcp-fancybox-nav-arrow i:hover {color: #fff;}.sp-wp-carousel-free-id-432.wpcf-fancybox-wrapper .fancybox-navigation .fancybox-button {background: #1e1e1e;}.sp-wp-carousel-free-id-432.wpcf-fancybox-wrapper .fancybox-navigation .fancybox-button:hover {background: #1e1e1e;}#sp-wp-carousel-free-id-432 .wpcp-swiper-dots {margin: 40px 0px 0px 0px;}.wpcp-wrapper-432 .swiper-wrapper .swiper-slide-kenburn, .wpcp-wrapper-432 .swiper-wrapper, .wpcp-wrapper-432 .wpcpro-row{align-items: center;}#sp-wp-carousel-free-id-432 .wpcp-single-item {box-shadow: 0px 0px 0px 0px #dddddd;transition: all .3s;margin: 0px;}#sp-wp-carousel-free-id-432.swiper-flip .wpcp-single-item{margin: 0!important;}#sp-wp-carousel-free-id-432 .wpcp-single-item:hover {box-shadow: 0px 0px 0px 0px #dddddd;}#sp-wp-carousel-free-id-432.sp-wpcp-432 .wpcp-single-item {border: 1px solid transparent;}#sp-wp-carousel-free-id-432.wpcp-carousel-section.sp-wpcp-432 .swiper-button-prev,#sp-wp-carousel-free-id-432.wpcp-carousel-section.sp-wpcp-432 .swiper-button-next,#sp-wp-carousel-free-id-432.wpcp-carousel-section.sp-wpcp-432 .swiper-button-prev:hover,#sp-wp-carousel-free-id-432.wpcp-carousel-section.sp-wpcp-432 .swiper-button-next:hover {font-size: 18px ; font-weight: 400;}#sp-wp-carousel-free-id-432.sp-wpcp-432 .swiper-button-prev,#sp-wp-carousel-free-id-432.sp-wpcp-432 .swiper-button-next,#sp-wp-carousel-free-id-432.sp-wpcp-432 .swiper-button-prev:hover,#sp-wp-carousel-free-id-432.sp-wpcp-432 .swiper-button-next:hover {background: none;border: none;font-size: 30px;}#sp-wp-carousel-free-id-432.sp-wpcp-432 .swiper-button-prev i,#sp-wp-carousel-free-id-432.sp-wpcp-432 .swiper-button-next i {color: #aaa;}#sp-wp-carousel-free-id-432.sp-wpcp-432 .swiper-button-prev i:hover,#sp-wp-carousel-free-id-432.sp-wpcp-432 .swiper-button-next i:hover {color: #d52a29;}#sp-wp-carousel-free-id-432.sp-wpcp-432 .wpcp-swiper-dots .swiper-pagination-bullet {background-color: #cccccc;}#sp-wp-carousel-free-id-432.sp-wpcp-432 .wpcp-swiper-dots .swiper-pagination-bullet.swiper-pagination-bullet-active {background-color: #d52a29;} #sp-wp-carousel-free-id-432.sp-wpcp-432.wpcp-image-carousel .wpcp-single-item:hover img, #sp-wp-carousel-free-id-432.sp-wpcp-432.wpcp-post-carousel .wpcp-single-item:hover img, #sp-wp-carousel-free-id-432.sp-wpcp-432.wpcp-product-carousel .wpcp-single-item:hover img{-webkit-transform: scale(1.2);-moz-transform: scale(1.2);transform: scale(1.2);}#sp-wp-carousel-free-id-432 .wpcpro-row>[class*=\"wpcpro-col-\"] { padding: 0 10px; padding-bottom: 20px;} #sp-wp-carousel-free-id-432 .swiper-slide .single-item-fade:not(:last-child) { margin-right: 20px;}@media (min-width: 480px) { .wpcpro-row .wpcpro-col-sm-1 { flex: 0 0 100%; max-width: 100%; } .wpcpro-row .wpcpro-col-sm-2 { flex: 0 0 50%; max-width: 50%; } .wpcpro-row .wpcpro-col-sm-2-5 { flex: 0 0 75%; max-width: 75%; } .wpcpro-row .wpcpro-col-sm-3 { flex: 0 0 33.333%; max-width: 33.333%; } .wpcpro-row .wpcpro-col-sm-4 { flex: 0 0 25%; max-width: 25%; } .wpcpro-row .wpcpro-col-sm-5 { flex: 0 0 20%; max-width: 20%; } .wpcpro-row .wpcpro-col-sm-6 { flex: 0 0 16.66666666666667%; max-width: 16.66666666666667%; } .wpcpro-row .wpcpro-col-sm-7 { flex: 0 0 14.28571428%; max-width: 14.28571428%; } .wpcpro-row .wpcpro-col-sm-8 { flex: 0 0 12.5%; max-width: 12.5%; } } @media (max-width: 480px) { .wpcpro-row .wpcpro-col-xs-1 { flex: 0 0 100%; max-width: 100%; } .wpcpro-row .wpcpro-col-xs-2 { flex: 0 0 50%; max-width: 50%; } .wpcpro-row .wpcpro-col-xs-3 { flex: 0 0 33.222%; max-width: 33.222%; } .wpcpro-row .wpcpro-col-xs-4 { flex: 0 0 25%; max-width: 25%; } .wpcpro-row .wpcpro-col-xs-5 { flex: 0 0 20%; max-width: 20%; } .wpcpro-row .wpcpro-col-xs-6 { flex: 0 0 16.6667%; max-width: 16.6667%; } .wpcpro-row .wpcpro-col-xs-7 { flex: 0 0 14.28571428%; max-width: 14.28571428%; } .wpcpro-row .wpcpro-col-xs-8 { flex: 0 0 12.5%; max-width: 12.5%; } } @media (min-width: 736px) { .wpcpro-row .wpcpro-col-md-1 { flex: 0 0 100%; max-width: 100%; } .wpcpro-row .wpcpro-col-md-2 { flex: 0 0 50%; max-width: 50%; } .wpcpro-row .wpcpro-col-md-2-5 { flex: 0 0 75%; max-width: 75%; } .wpcpro-row .wpcpro-col-md-3 { flex: 0 0 33.333%; max-width: 33.333%; } .wpcpro-row .wpcpro-col-md-4 { flex: 0 0 25%; max-width: 25%; } .wpcpro-row .wpcpro-col-md-5 { flex: 0 0 20%; max-width: 20%; } .wpcpro-row .wpcpro-col-md-6 { flex: 0 0 16.66666666666667%; max-width: 16.66666666666667%; } .wpcpro-row .wpcpro-col-md-7 { flex: 0 0 14.28571428%; max-width: 14.28571428%; } .wpcpro-row .wpcpro-col-md-8 { flex: 0 0 12.5%; max-width: 12.5%; } } @media (min-width: 980px) { .wpcpro-row .wpcpro-col-lg-1 { flex: 0 0 100%; max-width: 100%; } .wpcpro-row .wpcpro-col-lg-2 { flex: 0 0 50%; max-width: 50%; } .wpcpro-row .wpcpro-col-lg-3 { flex: 0 0 33.222%; max-width: 33.222%; } .wpcpro-row .wpcpro-col-lg-4 { flex: 0 0 25%; max-width: 25%; } .wpcpro-row .wpcpro-col-lg-5 { flex: 0 0 20%; max-width: 20%; } .wpcpro-row .wpcpro-col-lg-6 { flex: 0 0 16.6667%; max-width: 16.6667%; } .wpcpro-row .wpcpro-col-lg-7 { flex: 0 0 14.28571428%; max-width: 14.28571428%; } .wpcpro-row .wpcpro-col-lg-8 { flex: 0 0 12.5%; max-width: 12.5%; } } @media (min-width: 1200px) { .wpcpro-row .wpcpro-col-xl-1 { flex: 0 0 100%; max-width: 100%; } .wpcpro-row .wpcpro-col-xl-2 { flex: 0 0 50%; max-width: 50%; } .wpcpro-row .wpcpro-col-xl-3 { flex: 0 0 33.22222222%; max-width: 33.22222222%; } .wpcpro-row .wpcpro-col-xl-4 { flex: 0 0 25%; max-width: 25%; } .wpcpro-row .wpcpro-col-xl-5 { flex: 0 0 20%; max-width: 20%; } .wpcpro-row .wpcpro-col-xl-6 { flex: 0 0 16.66667%; max-width: 16.66667%; } .wpcpro-row .wpcpro-col-xl-7 { flex: 0 0 14.28571428%; max-width: 14.28571428%; } .wpcpro-row .wpcpro-col-xl-8 { flex: 0 0 12.5%; max-width: 12.5%; } }<\/style><div class=\"wpcp-carousel-wrapper wpcp-wrapper-432\">\n\t<div id=\"wpcp-preloader-432\" class=\"wpcp-carousel-preloader\"><img decoding=\"async\" src=\"https:\/\/lzo-im-norden.de\/wp-content\/plugins\/wp-carousel-free\/public\/css\/spinner.svg\" alt=\"Preloader Image\" \/><\/div>\t<div class=\"wpcp-carousel-content-wrapper\">\n\t<div id=\"sp-wp-carousel-free-id-432\" class=\"wpcp-carousel-section sp-wpcp-432  nav-vertical-center wpcp-image-carousel wpcp-preloader wpcp-standard\" data-swiper='{ &quot;pagination_type&quot;: &quot;dots&quot;,&quot;accessibility&quot;:true, &quot;spaceBetween&quot;:20, &quot;arrows&quot;:true, &quot;freeMode&quot;: true, &quot;autoplay&quot;:true, &quot;effect&quot;: &quot;&quot;, &quot;centerMode&quot;: false, &quot;autoplaySpeed&quot;:3000, &quot;dots&quot;:true, &quot;infinite&quot;:true, &quot;speed&quot;:600, &quot;pauseOnHover&quot;:true,\n\t\t\t&quot;slidesToShow&quot;:{&quot;lg_desktop&quot;:3, &quot;desktop&quot;: 2, &quot;laptop&quot;: 2, &quot;tablet&quot;: 1, &quot;mobile&quot;: 1}, &quot;responsive&quot;:{&quot;desktop&quot;:1200, &quot;laptop&quot;: 980, &quot;tablet&quot;: 736, &quot;mobile&quot;: 480}, &quot;rtl&quot;:false, &quot;lazyLoad&quot;: &quot;ondemand&quot;, &quot;swipe&quot;: true, &quot;draggable&quot;: true, &quot;swipeToSlide&quot;:true }' dir=\"ltr\">\n\t\t<div class=\"swiper-wrapper\">\n\t\t<div class=\"swiper-slide\">\n\t<div class=\"wpcp-single-item\">\n\t\t\t<a class=\"wcp-light-box\" data-buttons='[\"close\"]' data-wpc_url='https:\/\/lzo-im-norden.de\/wp-content\/uploads\/2024\/05\/gerdes-2_450-300x219.jpg' href=\"https:\/\/lzo-im-norden.de\/wp-content\/uploads\/2024\/05\/gerdes-2_450.jpg\" data-fancybox=\"wpcp_view\">\n\t\t<figure>\n\t\t\t<img loading=\"lazy\" decoding=\"async\" class=\"wcp-lazy swiper-lazy\" data-src=\"https:\/\/lzo-im-norden.de\/wp-content\/uploads\/2024\/05\/gerdes-2_450-300x219.jpg\" src=\"https:\/\/lzo-im-norden.de\/wp-content\/plugins\/wp-carousel-free\/public\/css\/spinner.svg\" alt=\"OK, 2008 Acryl auf Leinwand dreiteilig 150 x 210 cm\" width=\"300\" height=\"219\">\t\t<\/figure>\n\t<\/a>\n\t\t<\/div>\n<\/div>\n\t<div class=\"swiper-slide\">\n\t<div class=\"wpcp-single-item\">\n\t\t\t<a class=\"wcp-light-box\" data-buttons='[\"close\"]' data-wpc_url='https:\/\/lzo-im-norden.de\/wp-content\/uploads\/2024\/05\/gerdes-1_450-300x220.jpg' href=\"https:\/\/lzo-im-norden.de\/wp-content\/uploads\/2024\/05\/gerdes-1_450.jpg\" data-fancybox=\"wpcp_view\">\n\t\t<figure>\n\t\t\t<img loading=\"lazy\" decoding=\"async\" class=\"wcp-lazy swiper-lazy\" data-src=\"https:\/\/lzo-im-norden.de\/wp-content\/uploads\/2024\/05\/gerdes-1_450-300x220.jpg\" src=\"https:\/\/lzo-im-norden.de\/wp-content\/plugins\/wp-carousel-free\/public\/css\/spinner.svg\" alt=\"Vier Diptychen, 2008 Acryl auf Leinwand achtteilig 220 x 300 cm\" width=\"300\" height=\"220\">\t\t<\/figure>\n\t<\/a>\n\t\t<\/div>\n<\/div>\n\t\t\t<\/div>\n\t\t\t\t\t<div class=\"wpcp-swiper-dots swiper-pagination\"><\/div>\n\t\t\t\t<!-- If we need navigation buttons -->\n\t\t\t\t\t<div class=\"wpcp-prev-button swiper-button-prev\"><i class=\"fa fa-angle-left\"><\/i><\/div>\n\t\t\t<div class=\"wpcp-next-button swiper-button-next\"><i class=\"fa fa-angle-right\"><\/i><\/div>\n\t\t\t<\/div>\n\t<\/div>\n<\/div>\n\n\n\n\n<div style=\"height:50px\" aria-hidden=\"true\" class=\"wp-block-spacer\"><\/div>\n\n\n\n<p>ARCHITEKTUR MIT ANDEREN MITTELN<\/p>\n\n\n\n<p>\u201eOK\u201c, in Ordnung, abgemacht, prima und bestens, alles klar: Was g\u00e4be es nach diesem K\u00fcrzel noch zu sagen, wenn es nicht gemalt w\u00e4re? Die beiden Buchstaben scheinen wie Monumente in einer Landschaft zu stehen, wobei sich das angeschnittene \u201eO\u201c leicht hinter das gro\u00dfe \u201eK\u201c schiebt. Gemalt sind die beiden Formen in Acryl auf einem dreiteiligen Grund, den ein grauer Horizont verbindet. In der malerischen Illusion wird das \u201eOK\u201c dekonstruiert, umgebaut und durch eine plastische S\u00e4ule getrennt, sodass das unbestreitbare Einverst\u00e4ndnis der Wortbedeutung erst durch den Zweifel der Malerei, den anders nur ein Unterton in der Stimme einf\u00fcgen k\u00f6nnte, wieder zu sich selber kommt.<\/p>\n\n\n\n<p>Die weltweit kursierende Abk\u00fcrzung \u201eOK\u201c entspringt scherzhaften Abk\u00fcrzungen von fehlerhafter Schreibung durch amerikanische Journalisten, zuerst bezeugt in der Boston Morning Post von 1839. Ludger Gerdes baut den Fehler oder die Abweichung bewusst wieder ein, beginnt Schriftzeichen zu zerschreiben, wenn er auch in seinen vier weiteren Bildpaaren, die f\u00fcr Oldenburg angekauft wurden, die Wellenlinien von lesbaren oder blo\u00df zu erahnenden Buchstaben \u00fcber zwei Formate hin komponiert und damit aufsprengt. Als Abstand, Schnitt oder L\u00fccke wird der Raum zwischen den zweiteiligen Bildern (Diptychen) zu einem wesentlichen Bestandteil der Komposition.<\/p>\n\n\n\n<p>In der Verbindung verschiedener Anspielungen \u2013 auf Schrift, auf die Wellenlinien einer Landschaft oder die konstruktive Gerade eines Baus \u2013 l\u00e4uft der im 20. Jahrhundert so vehement ausgetragene Konflikt zwischen Figuration und Abstraktion leer. Diese Malerei tr\u00e4gt und legt Spuren in mehreren Dimensionen.<br>Jedes Bild ist eine Fl\u00e4che und ein Objekt auf der Wand. Ludger Gerdes ging es um \u201eBildnerei\u201c, die sich in Architektur und Malerei gleicherma\u00dfen ausdr\u00fccken kann. Zu Beginn seines Werkes standen gebaute Bilder im Zentrum, sp\u00e4ter verst\u00e4rkt die Malerei. Mit Bildern werden \u201eOrte\u201c geschaffen. So wird es auch im neuen Bau der Landessparkasse in Oldenburg sein, wo die Buchstabenformen in ein weiteres Wechselspiel zwischen Aufl\u00f6sung und unverr\u00fcckbarer Pr\u00e4senz eingebunden werden, das die Spiegelungen im Glas ringsum weiterf\u00fchrt.<\/p>\n\n\n\n<p>\u201eMir erscheint es als ein Verlust, dass Malerei heute fast ausschlie\u00dflich im Museum stattfindet. Ich meine, sie k\u00f6nnte zur Bereicherung, Verbesserung des Lebens in den realen Lebensr\u00e4umen beitragen. Und diese realen Lebensr\u00e4ume sind nun einmal Architektur.\u201c (L.G. in: Kat. \u201eKonstruierte Orte 6xD+1xNY\u201c, Kunsthalle Bern 1983, S. 35f.) Gerdes\u2019 Bilder \u00f6ffnen nicht einfach ein illusionistisches Fenster, um in der Vorstellung auszubrechen aus dem Bau, sie behaupten sich als dessen Teil und f\u00fchren die Architektur<br>mit anderen Mitteln weiter.<br>(Hans Rudolf Reust, Sammlungskatalog \u201eIM NORDEN\u201c, 2009)<\/p>\n","protected":false},"excerpt":{"rendered":"<p>LUDGER GERDES * 1954 in Lastrup 1975 &#8211; 1977 Studium an der Kunstakademie M\u00fcnsterbei Timm Ulrichs 1977 &#8211; 1982 Studium an der Kunstakademie D\u00fcsseldorf bei Gerhard Richter 1982 Teilnahme an der documenta VII 1987 Skulptur. Projekte M\u00fcnster 1998 &#8211; 2004 Professor f\u00fcr Malerei und Multimedia an der Hochschule f\u00fcr Gestaltung, Karlsruhe 2005 &#8211; 2008 Professor [&hellip;]<\/p>\n","protected":false},"author":1,"featured_media":0,"parent":184,"menu_order":0,"comment_status":"closed","ping_status":"closed","template":"","meta":{"footnotes":""},"class_list":["post-490","page","type-page","status-publish","hentry"],"yoast_head":"<!-- This site is optimized with the Yoast SEO plugin v27.6 - https:\/\/yoast.com\/product\/yoast-seo-wordpress\/ -->\n<title>Ludger Gerdes - IM NORDEN - die Kunstsammlung der Landessparkasse zu Oldenburg<\/title>\n<meta name=\"robots\" content=\"index, follow, max-snippet:-1, max-image-preview:large, max-video-preview:-1\" \/>\n<link rel=\"canonical\" href=\"https:\/\/lzo-im-norden.de\/?page_id=490\" \/>\n<meta property=\"og:locale\" content=\"de_DE\" \/>\n<meta property=\"og:type\" content=\"article\" \/>\n<meta property=\"og:title\" content=\"Ludger Gerdes - IM NORDEN - die Kunstsammlung der Landessparkasse zu Oldenburg\" \/>\n<meta property=\"og:description\" content=\"LUDGER GERDES * 1954 in Lastrup 1975 &#8211; 1977 Studium an der Kunstakademie M\u00fcnsterbei Timm Ulrichs 1977 &#8211; 1982 Studium an der Kunstakademie D\u00fcsseldorf bei Gerhard Richter 1982 Teilnahme an der documenta VII 1987 Skulptur. Projekte M\u00fcnster 1998 &#8211; 2004 Professor f\u00fcr Malerei und Multimedia an der Hochschule f\u00fcr Gestaltung, Karlsruhe 2005 &#8211; 2008 Professor [&hellip;]\" \/>\n<meta property=\"og:url\" content=\"https:\/\/lzo-im-norden.de\/?page_id=490\" \/>\n<meta property=\"og:site_name\" content=\"IM NORDEN - die Kunstsammlung der Landessparkasse zu Oldenburg\" \/>\n<meta property=\"article:modified_time\" content=\"2024-05-13T07:00:45+00:00\" \/>\n<meta property=\"og:image\" content=\"https:\/\/lzo-im-norden.de\/wp-content\/uploads\/2024\/05\/port-28.jpg\" \/>\n<meta name=\"twitter:card\" content=\"summary_large_image\" \/>\n<meta name=\"twitter:label1\" content=\"Gesch\u00e4tzte Lesezeit\" \/>\n\t<meta name=\"twitter:data1\" content=\"3\u00a0Minuten\" \/>\n<script type=\"application\/ld+json\" class=\"yoast-schema-graph\">{\"@context\":\"https:\\\/\\\/schema.org\",\"@graph\":[{\"@type\":\"WebPage\",\"@id\":\"https:\\\/\\\/lzo-im-norden.de\\\/?page_id=490\",\"url\":\"https:\\\/\\\/lzo-im-norden.de\\\/?page_id=490\",\"name\":\"Ludger Gerdes - IM NORDEN - die Kunstsammlung der Landessparkasse zu Oldenburg\",\"isPartOf\":{\"@id\":\"https:\\\/\\\/lzo-im-norden.de\\\/#website\"},\"primaryImageOfPage\":{\"@id\":\"https:\\\/\\\/lzo-im-norden.de\\\/?page_id=490#primaryimage\"},\"image\":{\"@id\":\"https:\\\/\\\/lzo-im-norden.de\\\/?page_id=490#primaryimage\"},\"thumbnailUrl\":\"https:\\\/\\\/lzo-im-norden.de\\\/wp-content\\\/uploads\\\/2024\\\/05\\\/port-28.jpg\",\"datePublished\":\"2024-05-13T06:38:24+00:00\",\"dateModified\":\"2024-05-13T07:00:45+00:00\",\"breadcrumb\":{\"@id\":\"https:\\\/\\\/lzo-im-norden.de\\\/?page_id=490#breadcrumb\"},\"inLanguage\":\"de\",\"potentialAction\":[{\"@type\":\"ReadAction\",\"target\":[\"https:\\\/\\\/lzo-im-norden.de\\\/?page_id=490\"]}]},{\"@type\":\"ImageObject\",\"inLanguage\":\"de\",\"@id\":\"https:\\\/\\\/lzo-im-norden.de\\\/?page_id=490#primaryimage\",\"url\":\"https:\\\/\\\/lzo-im-norden.de\\\/wp-content\\\/uploads\\\/2024\\\/05\\\/port-28.jpg\",\"contentUrl\":\"https:\\\/\\\/lzo-im-norden.de\\\/wp-content\\\/uploads\\\/2024\\\/05\\\/port-28.jpg\",\"width\":150,\"height\":186},{\"@type\":\"BreadcrumbList\",\"@id\":\"https:\\\/\\\/lzo-im-norden.de\\\/?page_id=490#breadcrumb\",\"itemListElement\":[{\"@type\":\"ListItem\",\"position\":1,\"name\":\"Startseite\",\"item\":\"https:\\\/\\\/lzo-im-norden.de\\\/\"},{\"@type\":\"ListItem\",\"position\":2,\"name\":\"Die K\u00fcnstler\",\"item\":\"https:\\\/\\\/lzo-im-norden.de\\\/?page_id=184\"},{\"@type\":\"ListItem\",\"position\":3,\"name\":\"Ludger Gerdes\"}]},{\"@type\":\"WebSite\",\"@id\":\"https:\\\/\\\/lzo-im-norden.de\\\/#website\",\"url\":\"https:\\\/\\\/lzo-im-norden.de\\\/\",\"name\":\"IM NORDEN - die Kunstsammlung der Landessparkasse zu Oldenburg\",\"description\":\"\",\"publisher\":{\"@id\":\"https:\\\/\\\/lzo-im-norden.de\\\/#organization\"},\"potentialAction\":[{\"@type\":\"SearchAction\",\"target\":{\"@type\":\"EntryPoint\",\"urlTemplate\":\"https:\\\/\\\/lzo-im-norden.de\\\/?s={search_term_string}\"},\"query-input\":{\"@type\":\"PropertyValueSpecification\",\"valueRequired\":true,\"valueName\":\"search_term_string\"}}],\"inLanguage\":\"de\"},{\"@type\":\"Organization\",\"@id\":\"https:\\\/\\\/lzo-im-norden.de\\\/#organization\",\"name\":\"IM NORDEN - die Kunstsammlung der Landessparkasse zu Oldenburg\",\"url\":\"https:\\\/\\\/lzo-im-norden.de\\\/\",\"logo\":{\"@type\":\"ImageObject\",\"inLanguage\":\"de\",\"@id\":\"https:\\\/\\\/lzo-im-norden.de\\\/#\\\/schema\\\/logo\\\/image\\\/\",\"url\":\"https:\\\/\\\/lzo-im-norden.de\\\/wp-content\\\/uploads\\\/2024\\\/05\\\/im-norden.png\",\"contentUrl\":\"https:\\\/\\\/lzo-im-norden.de\\\/wp-content\\\/uploads\\\/2024\\\/05\\\/im-norden.png\",\"width\":356,\"height\":105,\"caption\":\"IM NORDEN - die Kunstsammlung der Landessparkasse zu Oldenburg\"},\"image\":{\"@id\":\"https:\\\/\\\/lzo-im-norden.de\\\/#\\\/schema\\\/logo\\\/image\\\/\"}}]}<\/script>\n<!-- \/ Yoast SEO plugin. -->","yoast_head_json":{"title":"Ludger Gerdes - IM NORDEN - die Kunstsammlung der Landessparkasse zu Oldenburg","robots":{"index":"index","follow":"follow","max-snippet":"max-snippet:-1","max-image-preview":"max-image-preview:large","max-video-preview":"max-video-preview:-1"},"canonical":"https:\/\/lzo-im-norden.de\/?page_id=490","og_locale":"de_DE","og_type":"article","og_title":"Ludger Gerdes - IM NORDEN - die Kunstsammlung der Landessparkasse zu Oldenburg","og_description":"LUDGER GERDES * 1954 in Lastrup 1975 &#8211; 1977 Studium an der Kunstakademie M\u00fcnsterbei Timm Ulrichs 1977 &#8211; 1982 Studium an der Kunstakademie D\u00fcsseldorf bei Gerhard Richter 1982 Teilnahme an der documenta VII 1987 Skulptur. Projekte M\u00fcnster 1998 &#8211; 2004 Professor f\u00fcr Malerei und Multimedia an der Hochschule f\u00fcr Gestaltung, Karlsruhe 2005 &#8211; 2008 Professor [&hellip;]","og_url":"https:\/\/lzo-im-norden.de\/?page_id=490","og_site_name":"IM NORDEN - die Kunstsammlung der Landessparkasse zu Oldenburg","article_modified_time":"2024-05-13T07:00:45+00:00","og_image":[{"url":"https:\/\/lzo-im-norden.de\/wp-content\/uploads\/2024\/05\/port-28.jpg","type":"","width":"","height":""}],"twitter_card":"summary_large_image","twitter_misc":{"Gesch\u00e4tzte Lesezeit":"3\u00a0Minuten"},"schema":{"@context":"https:\/\/schema.org","@graph":[{"@type":"WebPage","@id":"https:\/\/lzo-im-norden.de\/?page_id=490","url":"https:\/\/lzo-im-norden.de\/?page_id=490","name":"Ludger Gerdes - IM NORDEN - die Kunstsammlung der Landessparkasse zu Oldenburg","isPartOf":{"@id":"https:\/\/lzo-im-norden.de\/#website"},"primaryImageOfPage":{"@id":"https:\/\/lzo-im-norden.de\/?page_id=490#primaryimage"},"image":{"@id":"https:\/\/lzo-im-norden.de\/?page_id=490#primaryimage"},"thumbnailUrl":"https:\/\/lzo-im-norden.de\/wp-content\/uploads\/2024\/05\/port-28.jpg","datePublished":"2024-05-13T06:38:24+00:00","dateModified":"2024-05-13T07:00:45+00:00","breadcrumb":{"@id":"https:\/\/lzo-im-norden.de\/?page_id=490#breadcrumb"},"inLanguage":"de","potentialAction":[{"@type":"ReadAction","target":["https:\/\/lzo-im-norden.de\/?page_id=490"]}]},{"@type":"ImageObject","inLanguage":"de","@id":"https:\/\/lzo-im-norden.de\/?page_id=490#primaryimage","url":"https:\/\/lzo-im-norden.de\/wp-content\/uploads\/2024\/05\/port-28.jpg","contentUrl":"https:\/\/lzo-im-norden.de\/wp-content\/uploads\/2024\/05\/port-28.jpg","width":150,"height":186},{"@type":"BreadcrumbList","@id":"https:\/\/lzo-im-norden.de\/?page_id=490#breadcrumb","itemListElement":[{"@type":"ListItem","position":1,"name":"Startseite","item":"https:\/\/lzo-im-norden.de\/"},{"@type":"ListItem","position":2,"name":"Die K\u00fcnstler","item":"https:\/\/lzo-im-norden.de\/?page_id=184"},{"@type":"ListItem","position":3,"name":"Ludger Gerdes"}]},{"@type":"WebSite","@id":"https:\/\/lzo-im-norden.de\/#website","url":"https:\/\/lzo-im-norden.de\/","name":"IM NORDEN - die Kunstsammlung der Landessparkasse zu Oldenburg","description":"","publisher":{"@id":"https:\/\/lzo-im-norden.de\/#organization"},"potentialAction":[{"@type":"SearchAction","target":{"@type":"EntryPoint","urlTemplate":"https:\/\/lzo-im-norden.de\/?s={search_term_string}"},"query-input":{"@type":"PropertyValueSpecification","valueRequired":true,"valueName":"search_term_string"}}],"inLanguage":"de"},{"@type":"Organization","@id":"https:\/\/lzo-im-norden.de\/#organization","name":"IM NORDEN - die Kunstsammlung der Landessparkasse zu Oldenburg","url":"https:\/\/lzo-im-norden.de\/","logo":{"@type":"ImageObject","inLanguage":"de","@id":"https:\/\/lzo-im-norden.de\/#\/schema\/logo\/image\/","url":"https:\/\/lzo-im-norden.de\/wp-content\/uploads\/2024\/05\/im-norden.png","contentUrl":"https:\/\/lzo-im-norden.de\/wp-content\/uploads\/2024\/05\/im-norden.png","width":356,"height":105,"caption":"IM NORDEN - die Kunstsammlung der Landessparkasse zu Oldenburg"},"image":{"@id":"https:\/\/lzo-im-norden.de\/#\/schema\/logo\/image\/"}}]}},"_links":{"self":[{"href":"https:\/\/lzo-im-norden.de\/index.php?rest_route=\/wp\/v2\/pages\/490","targetHints":{"allow":["GET"]}}],"collection":[{"href":"https:\/\/lzo-im-norden.de\/index.php?rest_route=\/wp\/v2\/pages"}],"about":[{"href":"https:\/\/lzo-im-norden.de\/index.php?rest_route=\/wp\/v2\/types\/page"}],"author":[{"embeddable":true,"href":"https:\/\/lzo-im-norden.de\/index.php?rest_route=\/wp\/v2\/users\/1"}],"replies":[{"embeddable":true,"href":"https:\/\/lzo-im-norden.de\/index.php?rest_route=%2Fwp%2Fv2%2Fcomments&post=490"}],"version-history":[{"count":2,"href":"https:\/\/lzo-im-norden.de\/index.php?rest_route=\/wp\/v2\/pages\/490\/revisions"}],"predecessor-version":[{"id":517,"href":"https:\/\/lzo-im-norden.de\/index.php?rest_route=\/wp\/v2\/pages\/490\/revisions\/517"}],"up":[{"embeddable":true,"href":"https:\/\/lzo-im-norden.de\/index.php?rest_route=\/wp\/v2\/pages\/184"}],"wp:attachment":[{"href":"https:\/\/lzo-im-norden.de\/index.php?rest_route=%2Fwp%2Fv2%2Fmedia&parent=490"}],"curies":[{"name":"wp","href":"https:\/\/api.w.org\/{rel}","templated":true}]}}