{"id":524,"date":"2024-05-13T07:08:10","date_gmt":"2024-05-13T07:08:10","guid":{"rendered":"https:\/\/lzo-im-norden.de\/?page_id=524"},"modified":"2024-05-13T07:08:10","modified_gmt":"2024-05-13T07:08:10","slug":"per-kirkeby","status":"publish","type":"page","link":"https:\/\/lzo-im-norden.de\/?page_id=524","title":{"rendered":"Per Kirkeby"},"content":{"rendered":"\n<h1 class=\"wp-block-heading has-text-align-center\">Per Kirkeby<\/h1>\n\n\n\n<div class=\"wp-block-columns is-layout-flex wp-container-core-columns-is-layout-28f84493 wp-block-columns-is-layout-flex\">\n<div class=\"wp-block-column is-layout-flow wp-block-column-is-layout-flow\" style=\"flex-basis:25%\">\n<figure class=\"wp-block-image size-full\"><img loading=\"lazy\" decoding=\"async\" width=\"150\" height=\"187\" src=\"https:\/\/lzo-im-norden.de\/wp-content\/uploads\/2024\/05\/port-38.jpg\" alt=\"\" class=\"wp-image-395\"\/><\/figure>\n<\/div>\n\n\n\n<div class=\"wp-block-column is-layout-flow wp-block-column-is-layout-flow\" style=\"flex-basis:75%\">\n<figure class=\"wp-block-table is-style-stripes\"><table><tbody><tr><td>* 1938<\/td><td>in Kopenhagen<\/td><\/tr><tr><td>1957 &#8211; 1964<\/td><td>Studium der Geologie,<br>Universit\u00e4t Kopenhagen<\/td><\/tr><tr><td>1962<\/td><td>Experimental Art School, Kopenhagen<\/td><\/tr><tr><td>1976<\/td><td>Biennale Venedig<\/td><\/tr><tr><td>1978 &#8211; 1988<\/td><td>Professur an der Akademie der Bildenden K\u00fcnste, Karlsruhe<\/td><\/tr><tr><td>1989 &#8211; 2000<\/td><td>Professur an der St\u00e4delschule,&nbsp;<br>Frankfurt a. M.<\/td><\/tr><tr><td>1981<\/td><td>Biennale Venedig<\/td><\/tr><tr><td>1982<\/td><td>documenta VII<\/td><\/tr><tr><td>1992<\/td><td>documenta IX; Biennale Venedig<\/td><\/tr><tr><td colspan=\"2\">\u2020&nbsp;2018<\/td><\/tr><tr><td colspan=\"2\">vielfach ausgezeichnet<\/td><\/tr><tr><td colspan=\"2\">zahlreiche Ausstellungen in den gro\u00dfen Museen der Welt<\/td><\/tr><tr><td colspan=\"2\">lebte auf der Insel Laesoe und in Kopenhagen.<\/td><\/tr><\/tbody><\/table><\/figure>\n<\/div>\n<\/div>\n\n\n\n<div style=\"height:50px\" aria-hidden=\"true\" class=\"wp-block-spacer\"><\/div>\n\n\n\n<h1 class=\"wp-block-heading has-text-align-center\">Werke<\/h1>\n\n\n<style id=\"wp_carousel_dynamic_css445\">.sp-wp-carousel-free-id-445.wpcf-fancybox-wrapper .fancybox-bg{background: #0b0b0b;opacity: 0.8;}.sp-wp-carousel-free-id-445.wpcf-fancybox-wrapper .fancybox-navigation .fancybox-button .wpcp-fancybox-nav-arrow i {color: #ccc;}.sp-wp-carousel-free-id-445.wpcf-fancybox-wrapper .fancybox-navigation .fancybox-button .wpcp-fancybox-nav-arrow i:hover {color: #fff;}.sp-wp-carousel-free-id-445.wpcf-fancybox-wrapper .fancybox-navigation .fancybox-button {background: #1e1e1e;}.sp-wp-carousel-free-id-445.wpcf-fancybox-wrapper .fancybox-navigation .fancybox-button:hover {background: #1e1e1e;}#sp-wp-carousel-free-id-445 .wpcp-swiper-dots {margin: 40px 0px 0px 0px;}.wpcp-wrapper-445 .swiper-wrapper .swiper-slide-kenburn, .wpcp-wrapper-445 .swiper-wrapper, .wpcp-wrapper-445 .wpcpro-row{align-items: center;}#sp-wp-carousel-free-id-445 .wpcp-single-item {box-shadow: 0px 0px 0px 0px #dddddd;transition: all .3s;margin: 0px;}#sp-wp-carousel-free-id-445.swiper-flip .wpcp-single-item{margin: 0!important;}#sp-wp-carousel-free-id-445 .wpcp-single-item:hover {box-shadow: 0px 0px 0px 0px #dddddd;}#sp-wp-carousel-free-id-445.sp-wpcp-445 .wpcp-single-item {border: 1px solid transparent;}#sp-wp-carousel-free-id-445.wpcp-carousel-section.sp-wpcp-445 .swiper-button-prev,#sp-wp-carousel-free-id-445.wpcp-carousel-section.sp-wpcp-445 .swiper-button-next,#sp-wp-carousel-free-id-445.wpcp-carousel-section.sp-wpcp-445 .swiper-button-prev:hover,#sp-wp-carousel-free-id-445.wpcp-carousel-section.sp-wpcp-445 .swiper-button-next:hover {font-size: 18px ; font-weight: 400;}#sp-wp-carousel-free-id-445.sp-wpcp-445 .swiper-button-prev,#sp-wp-carousel-free-id-445.sp-wpcp-445 .swiper-button-next,#sp-wp-carousel-free-id-445.sp-wpcp-445 .swiper-button-prev:hover,#sp-wp-carousel-free-id-445.sp-wpcp-445 .swiper-button-next:hover {background: none;border: none;font-size: 30px;}#sp-wp-carousel-free-id-445.sp-wpcp-445 .swiper-button-prev i,#sp-wp-carousel-free-id-445.sp-wpcp-445 .swiper-button-next i {color: #aaa;}#sp-wp-carousel-free-id-445.sp-wpcp-445 .swiper-button-prev i:hover,#sp-wp-carousel-free-id-445.sp-wpcp-445 .swiper-button-next i:hover {color: #d52a29;}#sp-wp-carousel-free-id-445.sp-wpcp-445 .wpcp-swiper-dots .swiper-pagination-bullet {background-color: #cccccc;}#sp-wp-carousel-free-id-445.sp-wpcp-445 .wpcp-swiper-dots .swiper-pagination-bullet.swiper-pagination-bullet-active {background-color: #d52a29;} #sp-wp-carousel-free-id-445.sp-wpcp-445.wpcp-image-carousel .wpcp-single-item:hover img, #sp-wp-carousel-free-id-445.sp-wpcp-445.wpcp-post-carousel .wpcp-single-item:hover img, #sp-wp-carousel-free-id-445.sp-wpcp-445.wpcp-product-carousel .wpcp-single-item:hover img{-webkit-transform: scale(1.2);-moz-transform: scale(1.2);transform: scale(1.2);}#sp-wp-carousel-free-id-445 .wpcpro-row>[class*=\"wpcpro-col-\"] { padding: 0 10px; padding-bottom: 20px;} #sp-wp-carousel-free-id-445 .swiper-slide .single-item-fade:not(:last-child) { margin-right: 20px;}@media (min-width: 480px) { .wpcpro-row .wpcpro-col-sm-1 { flex: 0 0 100%; max-width: 100%; } .wpcpro-row .wpcpro-col-sm-2 { flex: 0 0 50%; max-width: 50%; } .wpcpro-row .wpcpro-col-sm-2-5 { flex: 0 0 75%; max-width: 75%; } .wpcpro-row .wpcpro-col-sm-3 { flex: 0 0 33.333%; max-width: 33.333%; } .wpcpro-row .wpcpro-col-sm-4 { flex: 0 0 25%; max-width: 25%; } .wpcpro-row .wpcpro-col-sm-5 { flex: 0 0 20%; max-width: 20%; } .wpcpro-row .wpcpro-col-sm-6 { flex: 0 0 16.66666666666667%; max-width: 16.66666666666667%; } .wpcpro-row .wpcpro-col-sm-7 { flex: 0 0 14.28571428%; max-width: 14.28571428%; } .wpcpro-row .wpcpro-col-sm-8 { flex: 0 0 12.5%; max-width: 12.5%; } } @media (max-width: 480px) { .wpcpro-row .wpcpro-col-xs-1 { flex: 0 0 100%; max-width: 100%; } .wpcpro-row .wpcpro-col-xs-2 { flex: 0 0 50%; max-width: 50%; } .wpcpro-row .wpcpro-col-xs-3 { flex: 0 0 33.222%; max-width: 33.222%; } .wpcpro-row .wpcpro-col-xs-4 { flex: 0 0 25%; max-width: 25%; } .wpcpro-row .wpcpro-col-xs-5 { flex: 0 0 20%; max-width: 20%; } .wpcpro-row .wpcpro-col-xs-6 { flex: 0 0 16.6667%; max-width: 16.6667%; } .wpcpro-row .wpcpro-col-xs-7 { flex: 0 0 14.28571428%; max-width: 14.28571428%; } .wpcpro-row .wpcpro-col-xs-8 { flex: 0 0 12.5%; max-width: 12.5%; } } @media (min-width: 736px) { .wpcpro-row .wpcpro-col-md-1 { flex: 0 0 100%; max-width: 100%; } .wpcpro-row .wpcpro-col-md-2 { flex: 0 0 50%; max-width: 50%; } .wpcpro-row .wpcpro-col-md-2-5 { flex: 0 0 75%; max-width: 75%; } .wpcpro-row .wpcpro-col-md-3 { flex: 0 0 33.333%; max-width: 33.333%; } .wpcpro-row .wpcpro-col-md-4 { flex: 0 0 25%; max-width: 25%; } .wpcpro-row .wpcpro-col-md-5 { flex: 0 0 20%; max-width: 20%; } .wpcpro-row .wpcpro-col-md-6 { flex: 0 0 16.66666666666667%; max-width: 16.66666666666667%; } .wpcpro-row .wpcpro-col-md-7 { flex: 0 0 14.28571428%; max-width: 14.28571428%; } .wpcpro-row .wpcpro-col-md-8 { flex: 0 0 12.5%; max-width: 12.5%; } } @media (min-width: 980px) { .wpcpro-row .wpcpro-col-lg-1 { flex: 0 0 100%; max-width: 100%; } .wpcpro-row .wpcpro-col-lg-2 { flex: 0 0 50%; max-width: 50%; } .wpcpro-row .wpcpro-col-lg-3 { flex: 0 0 33.222%; max-width: 33.222%; } .wpcpro-row .wpcpro-col-lg-4 { flex: 0 0 25%; max-width: 25%; } .wpcpro-row .wpcpro-col-lg-5 { flex: 0 0 20%; max-width: 20%; } .wpcpro-row .wpcpro-col-lg-6 { flex: 0 0 16.6667%; max-width: 16.6667%; } .wpcpro-row .wpcpro-col-lg-7 { flex: 0 0 14.28571428%; max-width: 14.28571428%; } .wpcpro-row .wpcpro-col-lg-8 { flex: 0 0 12.5%; max-width: 12.5%; } } @media (min-width: 1200px) { .wpcpro-row .wpcpro-col-xl-1 { flex: 0 0 100%; max-width: 100%; } .wpcpro-row .wpcpro-col-xl-2 { flex: 0 0 50%; max-width: 50%; } .wpcpro-row .wpcpro-col-xl-3 { flex: 0 0 33.22222222%; max-width: 33.22222222%; } .wpcpro-row .wpcpro-col-xl-4 { flex: 0 0 25%; max-width: 25%; } .wpcpro-row .wpcpro-col-xl-5 { flex: 0 0 20%; max-width: 20%; } .wpcpro-row .wpcpro-col-xl-6 { flex: 0 0 16.66667%; max-width: 16.66667%; } .wpcpro-row .wpcpro-col-xl-7 { flex: 0 0 14.28571428%; max-width: 14.28571428%; } .wpcpro-row .wpcpro-col-xl-8 { flex: 0 0 12.5%; max-width: 12.5%; } }<\/style><div class=\"wpcp-carousel-wrapper wpcp-wrapper-445\">\n\t<div id=\"wpcp-preloader-445\" class=\"wpcp-carousel-preloader\"><img decoding=\"async\" src=\"https:\/\/lzo-im-norden.de\/wp-content\/plugins\/wp-carousel-free\/public\/css\/spinner.svg\" alt=\"Preloader Image\" \/><\/div>\t<div class=\"wpcp-carousel-content-wrapper\">\n\t<div id=\"sp-wp-carousel-free-id-445\" class=\"wpcp-carousel-section sp-wpcp-445  nav-vertical-center wpcp-image-carousel wpcp-preloader wpcp-standard\" data-swiper='{ &quot;pagination_type&quot;: &quot;dots&quot;,&quot;accessibility&quot;:true, &quot;spaceBetween&quot;:20, &quot;arrows&quot;:true, &quot;freeMode&quot;: true, &quot;autoplay&quot;:true, &quot;effect&quot;: &quot;&quot;, &quot;centerMode&quot;: false, &quot;autoplaySpeed&quot;:3000, &quot;dots&quot;:true, &quot;infinite&quot;:false, &quot;speed&quot;:600, &quot;pauseOnHover&quot;:true,\n\t\t\t&quot;slidesToShow&quot;:{&quot;lg_desktop&quot;:3, &quot;desktop&quot;: 2, &quot;laptop&quot;: 2, &quot;tablet&quot;: 1, &quot;mobile&quot;: 1}, &quot;responsive&quot;:{&quot;desktop&quot;:1200, &quot;laptop&quot;: 980, &quot;tablet&quot;: 736, &quot;mobile&quot;: 480}, &quot;rtl&quot;:false, &quot;lazyLoad&quot;: &quot;ondemand&quot;, &quot;swipe&quot;: true, &quot;draggable&quot;: true, &quot;swipeToSlide&quot;:true }' dir=\"ltr\">\n\t\t<div class=\"swiper-wrapper\">\n\t\t<div class=\"swiper-slide\">\n\t<div class=\"wpcp-single-item\">\n\t\t\t<a class=\"wcp-light-box\" data-buttons='[\"close\"]' data-wpc_url='https:\/\/lzo-im-norden.de\/wp-content\/uploads\/2024\/05\/kirkeby_450-1-256x300.jpg' href=\"https:\/\/lzo-im-norden.de\/wp-content\/uploads\/2024\/05\/kirkeby_450-1.jpg\" data-fancybox=\"wpcp_view\">\n\t\t<figure>\n\t\t\t<img loading=\"lazy\" decoding=\"async\" class=\"wcp-lazy swiper-lazy\" data-src=\"https:\/\/lzo-im-norden.de\/wp-content\/uploads\/2024\/05\/kirkeby_450-1-256x300.jpg\" src=\"https:\/\/lzo-im-norden.de\/wp-content\/plugins\/wp-carousel-free\/public\/css\/spinner.svg\" alt=\"Ohne Titel, 2005 \u00d6l auf Leinwand 200 x 170 cm\" width=\"256\" height=\"300\">\t\t<\/figure>\n\t<\/a>\n\t\t<\/div>\n<\/div>\n\t\t\t<\/div>\n\t\t\t\t\t<div class=\"wpcp-swiper-dots swiper-pagination\"><\/div>\n\t\t\t\t<!-- If we need navigation buttons -->\n\t\t\t\t\t<div class=\"wpcp-prev-button swiper-button-prev\"><i class=\"fa fa-angle-left\"><\/i><\/div>\n\t\t\t<div class=\"wpcp-next-button swiper-button-next\"><i class=\"fa fa-angle-right\"><\/i><\/div>\n\t\t\t<\/div>\n\t<\/div>\n<\/div>\n\n\n\n\n<div style=\"height:50px\" aria-hidden=\"true\" class=\"wp-block-spacer\"><\/div>\n\n\n\n<p>AUF DER SUCHE NACH DEM WESEN DER NATUR<br><br>Per Kirkeby ist einer der herausragenden europ\u00e4ischen K\u00fcnstler der zweiten H\u00e4lfte des 20. Jahrhunderts und der bedeutendste d\u00e4nische K\u00fcnstler der Gegenwart. Seine Werke bringen das Wesen der Natur in gro\u00dfartigen Farborchestrierungen zum Ausdruck.<br>Die Komposition des Bildes \u201eOhne Titel\u201c von 2005 ist klar, ja geradezu streng: Eine breite, rotbraune Farbstruktur beherrscht die senkrechte Mittelachse. Nach rechts hin ragen vier schmalere waagerechte Bahnen aus ihr heraus. Werden diese vom rechten Rand der Leinwand angeschnitten, so dominiert am linken Bildrand eine markante gelbe Wellenlinie. Im Kontrast zu dem dichten, blaugr\u00fcnen Liniengewebe ihrer Umgebung erinnert die zentrale Farbbahn mit ihren orangefarbenen Binnenlinien an einen Baumstamm mit massiven \u00c4sten oder eingef\u00fcgten Balken.<\/p>\n\n\n\n<p>Ebenso wie die klare Komposition des Bildes ist die Struktur des Pinselstrichs typisch f\u00fcr Kirkebys Malerei zur Entstehungszeit des Bildes. Es wirkt mehr gezeichnet als gemalt: Schicht f\u00fcr Schicht legt der K\u00fcnstler B\u00fcndel von Linien in verschiedenen leuchtenden Naturfarben \u00fcbereinander und erzielt damit eine changierende Farbwirkung. Die Malerei erzeugt dichte Farbr\u00e4ume und die Wirkung einer steten Bewegung, die an Seegras in langsam dahinflie\u00dfendem Wasser erinnert.<\/p>\n\n\n\n<p>Seit dem Ende der 1970er-Jahre ist die Natur das zentrale Thema in der Malerei des D\u00e4nen. Als Inbegriff des Wachstums und der Natur per se tauchen \u2013 wie in unserem Bild \u2013 immer wieder B\u00e4ume bzw. St\u00e4mme auf. Dabei fehlt dem Bild jede eindeutige Gegenst\u00e4ndlichkeit und r\u00e4umliche Perspektive. Vielmehr zeigt es Strukturen, die beim<br>Betrachter Assoziationen ausl\u00f6sen oder Erinnerungen wecken. Man entdeckt Schichtungen, Torsionen, Wellen, Durchdringungen oder Verwebungen, also Zust\u00e4nde, die auf vorangegangene Prozesse verweisen. Ordnung und Aufl\u00f6sung, Materie und Immaterialit\u00e4t, Bewegung und Statik existieren in der Bildfl\u00e4che nebeneinander. Kirkebys Gem\u00e4lde erinnern den Betrachter an jahreszeitliche Stimmungen, Naturstrukturen oder geologische Gef\u00fcge. Sie sind keine Abbilder von Natur oder Landschaften, sondern aufgrund ihrer Struktur, Dichte und Offenheit, Kraft und Farbigkeit selbst ein St\u00fcck Natur.<br>Es ist kein Zufall, dass Kirkeby wie ein Naturwissenschaftler arbeitet, der immer weiter in die Tiefe seines Gegenstandes eindringt. 1938 in Kopenhagen geboren, studierte er Geologie, bevor er 1962 an die Experimental Art School in Kopenhagen wechselte. Das Interesse an der Natur blieb bestehen.<br>Den geologischen Expeditionen nach Gr\u00f6nland von 1958 und 1960 folgten bis heute naturwissenschaftliche Reisen in verschiedene Erdteile. Er arbeitet am \u00d6resund in Kopenhagen und auf der Insel Laesoe im Kattegat.<br>(Nils Ohlsen, Sammlungskatalog \u201eIM NORDEN\u201c, 2009)<\/p>\n","protected":false},"excerpt":{"rendered":"<p>Per Kirkeby * 1938 in Kopenhagen 1957 &#8211; 1964 Studium der Geologie,Universit\u00e4t Kopenhagen 1962 Experimental Art School, Kopenhagen 1976 Biennale Venedig 1978 &#8211; 1988 Professur an der Akademie der Bildenden K\u00fcnste, Karlsruhe 1989 &#8211; 2000 Professur an der St\u00e4delschule,&nbsp;Frankfurt a. M. 1981 Biennale Venedig 1982 documenta VII 1992 documenta IX; Biennale Venedig \u2020&nbsp;2018 vielfach ausgezeichnet [&hellip;]<\/p>\n","protected":false},"author":1,"featured_media":0,"parent":184,"menu_order":0,"comment_status":"closed","ping_status":"closed","template":"","meta":{"footnotes":""},"class_list":["post-524","page","type-page","status-publish","hentry"],"yoast_head":"<!-- This site is optimized with the Yoast SEO plugin v27.3 - https:\/\/yoast.com\/product\/yoast-seo-wordpress\/ -->\n<title>Per Kirkeby - IM NORDEN - die Kunstsammlung der Landessparkasse zu Oldenburg<\/title>\n<meta name=\"robots\" content=\"index, follow, max-snippet:-1, max-image-preview:large, max-video-preview:-1\" \/>\n<link rel=\"canonical\" href=\"https:\/\/lzo-im-norden.de\/?page_id=524\" \/>\n<meta property=\"og:locale\" content=\"de_DE\" \/>\n<meta property=\"og:type\" content=\"article\" \/>\n<meta property=\"og:title\" content=\"Per Kirkeby - IM NORDEN - die Kunstsammlung der Landessparkasse zu Oldenburg\" \/>\n<meta property=\"og:description\" content=\"Per Kirkeby * 1938 in Kopenhagen 1957 &#8211; 1964 Studium der Geologie,Universit\u00e4t Kopenhagen 1962 Experimental Art School, Kopenhagen 1976 Biennale Venedig 1978 &#8211; 1988 Professur an der Akademie der Bildenden K\u00fcnste, Karlsruhe 1989 &#8211; 2000 Professur an der St\u00e4delschule,&nbsp;Frankfurt a. M. 1981 Biennale Venedig 1982 documenta VII 1992 documenta IX; Biennale Venedig \u2020&nbsp;2018 vielfach ausgezeichnet [&hellip;]\" \/>\n<meta property=\"og:url\" content=\"https:\/\/lzo-im-norden.de\/?page_id=524\" \/>\n<meta property=\"og:site_name\" content=\"IM NORDEN - die Kunstsammlung der Landessparkasse zu Oldenburg\" \/>\n<meta property=\"og:image\" content=\"https:\/\/lzo-im-norden.de\/wp-content\/uploads\/2024\/05\/port-38.jpg\" \/>\n<meta name=\"twitter:card\" content=\"summary_large_image\" \/>\n<meta name=\"twitter:label1\" content=\"Gesch\u00e4tzte Lesezeit\" \/>\n\t<meta name=\"twitter:data1\" content=\"3\u00a0Minuten\" \/>\n<script type=\"application\/ld+json\" class=\"yoast-schema-graph\">{\"@context\":\"https:\\\/\\\/schema.org\",\"@graph\":[{\"@type\":\"WebPage\",\"@id\":\"https:\\\/\\\/lzo-im-norden.de\\\/?page_id=524\",\"url\":\"https:\\\/\\\/lzo-im-norden.de\\\/?page_id=524\",\"name\":\"Per Kirkeby - IM NORDEN - die Kunstsammlung der Landessparkasse zu Oldenburg\",\"isPartOf\":{\"@id\":\"https:\\\/\\\/lzo-im-norden.de\\\/#website\"},\"primaryImageOfPage\":{\"@id\":\"https:\\\/\\\/lzo-im-norden.de\\\/?page_id=524#primaryimage\"},\"image\":{\"@id\":\"https:\\\/\\\/lzo-im-norden.de\\\/?page_id=524#primaryimage\"},\"thumbnailUrl\":\"https:\\\/\\\/lzo-im-norden.de\\\/wp-content\\\/uploads\\\/2024\\\/05\\\/port-38.jpg\",\"datePublished\":\"2024-05-13T07:08:10+00:00\",\"breadcrumb\":{\"@id\":\"https:\\\/\\\/lzo-im-norden.de\\\/?page_id=524#breadcrumb\"},\"inLanguage\":\"de\",\"potentialAction\":[{\"@type\":\"ReadAction\",\"target\":[\"https:\\\/\\\/lzo-im-norden.de\\\/?page_id=524\"]}]},{\"@type\":\"ImageObject\",\"inLanguage\":\"de\",\"@id\":\"https:\\\/\\\/lzo-im-norden.de\\\/?page_id=524#primaryimage\",\"url\":\"https:\\\/\\\/lzo-im-norden.de\\\/wp-content\\\/uploads\\\/2024\\\/05\\\/port-38.jpg\",\"contentUrl\":\"https:\\\/\\\/lzo-im-norden.de\\\/wp-content\\\/uploads\\\/2024\\\/05\\\/port-38.jpg\",\"width\":150,\"height\":187},{\"@type\":\"BreadcrumbList\",\"@id\":\"https:\\\/\\\/lzo-im-norden.de\\\/?page_id=524#breadcrumb\",\"itemListElement\":[{\"@type\":\"ListItem\",\"position\":1,\"name\":\"Startseite\",\"item\":\"https:\\\/\\\/lzo-im-norden.de\\\/\"},{\"@type\":\"ListItem\",\"position\":2,\"name\":\"Die K\u00fcnstler\",\"item\":\"https:\\\/\\\/lzo-im-norden.de\\\/?page_id=184\"},{\"@type\":\"ListItem\",\"position\":3,\"name\":\"Per Kirkeby\"}]},{\"@type\":\"WebSite\",\"@id\":\"https:\\\/\\\/lzo-im-norden.de\\\/#website\",\"url\":\"https:\\\/\\\/lzo-im-norden.de\\\/\",\"name\":\"IM NORDEN - die Kunstsammlung der Landessparkasse zu Oldenburg\",\"description\":\"\",\"publisher\":{\"@id\":\"https:\\\/\\\/lzo-im-norden.de\\\/#organization\"},\"potentialAction\":[{\"@type\":\"SearchAction\",\"target\":{\"@type\":\"EntryPoint\",\"urlTemplate\":\"https:\\\/\\\/lzo-im-norden.de\\\/?s={search_term_string}\"},\"query-input\":{\"@type\":\"PropertyValueSpecification\",\"valueRequired\":true,\"valueName\":\"search_term_string\"}}],\"inLanguage\":\"de\"},{\"@type\":\"Organization\",\"@id\":\"https:\\\/\\\/lzo-im-norden.de\\\/#organization\",\"name\":\"IM NORDEN - die Kunstsammlung der Landessparkasse zu Oldenburg\",\"url\":\"https:\\\/\\\/lzo-im-norden.de\\\/\",\"logo\":{\"@type\":\"ImageObject\",\"inLanguage\":\"de\",\"@id\":\"https:\\\/\\\/lzo-im-norden.de\\\/#\\\/schema\\\/logo\\\/image\\\/\",\"url\":\"https:\\\/\\\/lzo-im-norden.de\\\/wp-content\\\/uploads\\\/2024\\\/05\\\/im-norden.png\",\"contentUrl\":\"https:\\\/\\\/lzo-im-norden.de\\\/wp-content\\\/uploads\\\/2024\\\/05\\\/im-norden.png\",\"width\":356,\"height\":105,\"caption\":\"IM NORDEN - die Kunstsammlung der Landessparkasse zu Oldenburg\"},\"image\":{\"@id\":\"https:\\\/\\\/lzo-im-norden.de\\\/#\\\/schema\\\/logo\\\/image\\\/\"}}]}<\/script>\n<!-- \/ Yoast SEO plugin. -->","yoast_head_json":{"title":"Per Kirkeby - IM NORDEN - die Kunstsammlung der Landessparkasse zu Oldenburg","robots":{"index":"index","follow":"follow","max-snippet":"max-snippet:-1","max-image-preview":"max-image-preview:large","max-video-preview":"max-video-preview:-1"},"canonical":"https:\/\/lzo-im-norden.de\/?page_id=524","og_locale":"de_DE","og_type":"article","og_title":"Per Kirkeby - IM NORDEN - die Kunstsammlung der Landessparkasse zu Oldenburg","og_description":"Per Kirkeby * 1938 in Kopenhagen 1957 &#8211; 1964 Studium der Geologie,Universit\u00e4t Kopenhagen 1962 Experimental Art School, Kopenhagen 1976 Biennale Venedig 1978 &#8211; 1988 Professur an der Akademie der Bildenden K\u00fcnste, Karlsruhe 1989 &#8211; 2000 Professur an der St\u00e4delschule,&nbsp;Frankfurt a. M. 1981 Biennale Venedig 1982 documenta VII 1992 documenta IX; Biennale Venedig \u2020&nbsp;2018 vielfach ausgezeichnet [&hellip;]","og_url":"https:\/\/lzo-im-norden.de\/?page_id=524","og_site_name":"IM NORDEN - die Kunstsammlung der Landessparkasse zu Oldenburg","og_image":[{"url":"https:\/\/lzo-im-norden.de\/wp-content\/uploads\/2024\/05\/port-38.jpg","type":"","width":"","height":""}],"twitter_card":"summary_large_image","twitter_misc":{"Gesch\u00e4tzte Lesezeit":"3\u00a0Minuten"},"schema":{"@context":"https:\/\/schema.org","@graph":[{"@type":"WebPage","@id":"https:\/\/lzo-im-norden.de\/?page_id=524","url":"https:\/\/lzo-im-norden.de\/?page_id=524","name":"Per Kirkeby - IM NORDEN - die Kunstsammlung der Landessparkasse zu Oldenburg","isPartOf":{"@id":"https:\/\/lzo-im-norden.de\/#website"},"primaryImageOfPage":{"@id":"https:\/\/lzo-im-norden.de\/?page_id=524#primaryimage"},"image":{"@id":"https:\/\/lzo-im-norden.de\/?page_id=524#primaryimage"},"thumbnailUrl":"https:\/\/lzo-im-norden.de\/wp-content\/uploads\/2024\/05\/port-38.jpg","datePublished":"2024-05-13T07:08:10+00:00","breadcrumb":{"@id":"https:\/\/lzo-im-norden.de\/?page_id=524#breadcrumb"},"inLanguage":"de","potentialAction":[{"@type":"ReadAction","target":["https:\/\/lzo-im-norden.de\/?page_id=524"]}]},{"@type":"ImageObject","inLanguage":"de","@id":"https:\/\/lzo-im-norden.de\/?page_id=524#primaryimage","url":"https:\/\/lzo-im-norden.de\/wp-content\/uploads\/2024\/05\/port-38.jpg","contentUrl":"https:\/\/lzo-im-norden.de\/wp-content\/uploads\/2024\/05\/port-38.jpg","width":150,"height":187},{"@type":"BreadcrumbList","@id":"https:\/\/lzo-im-norden.de\/?page_id=524#breadcrumb","itemListElement":[{"@type":"ListItem","position":1,"name":"Startseite","item":"https:\/\/lzo-im-norden.de\/"},{"@type":"ListItem","position":2,"name":"Die K\u00fcnstler","item":"https:\/\/lzo-im-norden.de\/?page_id=184"},{"@type":"ListItem","position":3,"name":"Per Kirkeby"}]},{"@type":"WebSite","@id":"https:\/\/lzo-im-norden.de\/#website","url":"https:\/\/lzo-im-norden.de\/","name":"IM NORDEN - die Kunstsammlung der Landessparkasse zu Oldenburg","description":"","publisher":{"@id":"https:\/\/lzo-im-norden.de\/#organization"},"potentialAction":[{"@type":"SearchAction","target":{"@type":"EntryPoint","urlTemplate":"https:\/\/lzo-im-norden.de\/?s={search_term_string}"},"query-input":{"@type":"PropertyValueSpecification","valueRequired":true,"valueName":"search_term_string"}}],"inLanguage":"de"},{"@type":"Organization","@id":"https:\/\/lzo-im-norden.de\/#organization","name":"IM NORDEN - die Kunstsammlung der Landessparkasse zu Oldenburg","url":"https:\/\/lzo-im-norden.de\/","logo":{"@type":"ImageObject","inLanguage":"de","@id":"https:\/\/lzo-im-norden.de\/#\/schema\/logo\/image\/","url":"https:\/\/lzo-im-norden.de\/wp-content\/uploads\/2024\/05\/im-norden.png","contentUrl":"https:\/\/lzo-im-norden.de\/wp-content\/uploads\/2024\/05\/im-norden.png","width":356,"height":105,"caption":"IM NORDEN - die Kunstsammlung der Landessparkasse zu Oldenburg"},"image":{"@id":"https:\/\/lzo-im-norden.de\/#\/schema\/logo\/image\/"}}]}},"_links":{"self":[{"href":"https:\/\/lzo-im-norden.de\/index.php?rest_route=\/wp\/v2\/pages\/524","targetHints":{"allow":["GET"]}}],"collection":[{"href":"https:\/\/lzo-im-norden.de\/index.php?rest_route=\/wp\/v2\/pages"}],"about":[{"href":"https:\/\/lzo-im-norden.de\/index.php?rest_route=\/wp\/v2\/types\/page"}],"author":[{"embeddable":true,"href":"https:\/\/lzo-im-norden.de\/index.php?rest_route=\/wp\/v2\/users\/1"}],"replies":[{"embeddable":true,"href":"https:\/\/lzo-im-norden.de\/index.php?rest_route=%2Fwp%2Fv2%2Fcomments&post=524"}],"version-history":[{"count":1,"href":"https:\/\/lzo-im-norden.de\/index.php?rest_route=\/wp\/v2\/pages\/524\/revisions"}],"predecessor-version":[{"id":525,"href":"https:\/\/lzo-im-norden.de\/index.php?rest_route=\/wp\/v2\/pages\/524\/revisions\/525"}],"up":[{"embeddable":true,"href":"https:\/\/lzo-im-norden.de\/index.php?rest_route=\/wp\/v2\/pages\/184"}],"wp:attachment":[{"href":"https:\/\/lzo-im-norden.de\/index.php?rest_route=%2Fwp%2Fv2%2Fmedia&parent=524"}],"curies":[{"name":"wp","href":"https:\/\/api.w.org\/{rel}","templated":true}]}}