{"id":534,"date":"2024-05-13T07:17:47","date_gmt":"2024-05-13T07:17:47","guid":{"rendered":"https:\/\/lzo-im-norden.de\/?page_id=534"},"modified":"2024-05-13T07:17:48","modified_gmt":"2024-05-13T07:17:48","slug":"helmut-middendorf","status":"publish","type":"page","link":"https:\/\/lzo-im-norden.de\/?page_id=534","title":{"rendered":"Helmut Middendorf"},"content":{"rendered":"\n<h1 class=\"wp-block-heading has-text-align-center\">Helmut Middendorf<\/h1>\n\n\n\n<div class=\"wp-block-columns is-layout-flex wp-container-core-columns-is-layout-28f84493 wp-block-columns-is-layout-flex\">\n<div class=\"wp-block-column is-layout-flow wp-block-column-is-layout-flow\" style=\"flex-basis:25%\">\n<figure class=\"wp-block-image size-full\"><img loading=\"lazy\" decoding=\"async\" width=\"150\" height=\"179\" src=\"https:\/\/lzo-im-norden.de\/wp-content\/uploads\/2024\/05\/port-14.jpg\" alt=\"\" class=\"wp-image-284\"\/><\/figure>\n<\/div>\n\n\n\n<div class=\"wp-block-column is-layout-flow wp-block-column-is-layout-flow\" style=\"flex-basis:75%\">\n<figure class=\"wp-block-table is-style-stripes\"><table><tbody><tr><td>* 1953<\/td><td>in Dinklage<\/td><\/tr><tr><td>1973\u20131979<\/td><td>Studium der Malerei an der Hochschule der K\u00fcnste, Berlin. Meistersch\u00fcler bei K. H. H\u00f6dicke<\/td><\/tr><tr><td>1977<\/td><td>Gr\u00fcndungsmitglied der Galerie am Moritzplatz, Berlin<\/td><\/tr><tr><td>1979<\/td><td>Lehrauftrag f\u00fcr Experimentalfilm an der Hochschule der K\u00fcnste, Berlin<\/td><\/tr><tr><td>1980<\/td><td>Stipendium des Deutschen Akademischen Austauschdienstes. Aufenthalt in New York<\/td><\/tr><tr><td colspan=\"2\">lebt und arbeitet in Berlin und Athen.<\/td><\/tr><\/tbody><\/table><\/figure>\n<\/div>\n<\/div>\n\n\n\n<div style=\"height:50px\" aria-hidden=\"true\" class=\"wp-block-spacer\"><\/div>\n\n\n\n<h1 class=\"wp-block-heading has-text-align-center\">Werke<\/h1>\n\n\n<style id=\"wp_carousel_dynamic_css451\">.sp-wp-carousel-free-id-451.wpcf-fancybox-wrapper .fancybox-bg{background: #0b0b0b;opacity: 0.8;}.sp-wp-carousel-free-id-451.wpcf-fancybox-wrapper .fancybox-navigation .fancybox-button .wpcp-fancybox-nav-arrow i {color: #ccc;}.sp-wp-carousel-free-id-451.wpcf-fancybox-wrapper .fancybox-navigation .fancybox-button .wpcp-fancybox-nav-arrow i:hover {color: #fff;}.sp-wp-carousel-free-id-451.wpcf-fancybox-wrapper .fancybox-navigation .fancybox-button {background: #1e1e1e;}.sp-wp-carousel-free-id-451.wpcf-fancybox-wrapper .fancybox-navigation .fancybox-button:hover {background: #1e1e1e;}#sp-wp-carousel-free-id-451 .wpcp-swiper-dots {margin: 40px 0px 0px 0px;}.wpcp-wrapper-451 .swiper-wrapper .swiper-slide-kenburn, .wpcp-wrapper-451 .swiper-wrapper, .wpcp-wrapper-451 .wpcpro-row{align-items: center;}#sp-wp-carousel-free-id-451 .wpcp-single-item {box-shadow: 0px 0px 0px 0px #dddddd;transition: all .3s;margin: 0px;}#sp-wp-carousel-free-id-451.swiper-flip .wpcp-single-item{margin: 0!important;}#sp-wp-carousel-free-id-451 .wpcp-single-item:hover {box-shadow: 0px 0px 0px 0px #dddddd;}#sp-wp-carousel-free-id-451.sp-wpcp-451 .wpcp-single-item {border: 1px solid transparent;}#sp-wp-carousel-free-id-451.wpcp-carousel-section.sp-wpcp-451 .swiper-button-prev,#sp-wp-carousel-free-id-451.wpcp-carousel-section.sp-wpcp-451 .swiper-button-next,#sp-wp-carousel-free-id-451.wpcp-carousel-section.sp-wpcp-451 .swiper-button-prev:hover,#sp-wp-carousel-free-id-451.wpcp-carousel-section.sp-wpcp-451 .swiper-button-next:hover {font-size: 18px ; font-weight: 400;}#sp-wp-carousel-free-id-451.sp-wpcp-451 .swiper-button-prev,#sp-wp-carousel-free-id-451.sp-wpcp-451 .swiper-button-next,#sp-wp-carousel-free-id-451.sp-wpcp-451 .swiper-button-prev:hover,#sp-wp-carousel-free-id-451.sp-wpcp-451 .swiper-button-next:hover {background: none;border: none;font-size: 30px;}#sp-wp-carousel-free-id-451.sp-wpcp-451 .swiper-button-prev i,#sp-wp-carousel-free-id-451.sp-wpcp-451 .swiper-button-next i {color: #aaa;}#sp-wp-carousel-free-id-451.sp-wpcp-451 .swiper-button-prev i:hover,#sp-wp-carousel-free-id-451.sp-wpcp-451 .swiper-button-next i:hover {color: #d52a29;}#sp-wp-carousel-free-id-451.sp-wpcp-451 .wpcp-swiper-dots .swiper-pagination-bullet {background-color: #cccccc;}#sp-wp-carousel-free-id-451.sp-wpcp-451 .wpcp-swiper-dots .swiper-pagination-bullet.swiper-pagination-bullet-active {background-color: #d52a29;} #sp-wp-carousel-free-id-451.sp-wpcp-451.wpcp-image-carousel .wpcp-single-item:hover img, #sp-wp-carousel-free-id-451.sp-wpcp-451.wpcp-post-carousel .wpcp-single-item:hover img, #sp-wp-carousel-free-id-451.sp-wpcp-451.wpcp-product-carousel .wpcp-single-item:hover img{-webkit-transform: scale(1.2);-moz-transform: scale(1.2);transform: scale(1.2);}#sp-wp-carousel-free-id-451 .wpcpro-row>[class*=\"wpcpro-col-\"] { padding: 0 10px; padding-bottom: 20px;} #sp-wp-carousel-free-id-451 .swiper-slide .single-item-fade:not(:last-child) { margin-right: 20px;}@media (min-width: 480px) { .wpcpro-row .wpcpro-col-sm-1 { flex: 0 0 100%; max-width: 100%; } .wpcpro-row .wpcpro-col-sm-2 { flex: 0 0 50%; max-width: 50%; } .wpcpro-row .wpcpro-col-sm-2-5 { flex: 0 0 75%; max-width: 75%; } .wpcpro-row .wpcpro-col-sm-3 { flex: 0 0 33.333%; max-width: 33.333%; } .wpcpro-row .wpcpro-col-sm-4 { flex: 0 0 25%; max-width: 25%; } .wpcpro-row .wpcpro-col-sm-5 { flex: 0 0 20%; max-width: 20%; } .wpcpro-row .wpcpro-col-sm-6 { flex: 0 0 16.66666666666667%; max-width: 16.66666666666667%; } .wpcpro-row .wpcpro-col-sm-7 { flex: 0 0 14.28571428%; max-width: 14.28571428%; } .wpcpro-row .wpcpro-col-sm-8 { flex: 0 0 12.5%; max-width: 12.5%; } } @media (max-width: 480px) { .wpcpro-row .wpcpro-col-xs-1 { flex: 0 0 100%; max-width: 100%; } .wpcpro-row .wpcpro-col-xs-2 { flex: 0 0 50%; max-width: 50%; } .wpcpro-row .wpcpro-col-xs-3 { flex: 0 0 33.222%; max-width: 33.222%; } .wpcpro-row .wpcpro-col-xs-4 { flex: 0 0 25%; max-width: 25%; } .wpcpro-row .wpcpro-col-xs-5 { flex: 0 0 20%; max-width: 20%; } .wpcpro-row .wpcpro-col-xs-6 { flex: 0 0 16.6667%; max-width: 16.6667%; } .wpcpro-row .wpcpro-col-xs-7 { flex: 0 0 14.28571428%; max-width: 14.28571428%; } .wpcpro-row .wpcpro-col-xs-8 { flex: 0 0 12.5%; max-width: 12.5%; } } @media (min-width: 736px) { .wpcpro-row .wpcpro-col-md-1 { flex: 0 0 100%; max-width: 100%; } .wpcpro-row .wpcpro-col-md-2 { flex: 0 0 50%; max-width: 50%; } .wpcpro-row .wpcpro-col-md-2-5 { flex: 0 0 75%; max-width: 75%; } .wpcpro-row .wpcpro-col-md-3 { flex: 0 0 33.333%; max-width: 33.333%; } .wpcpro-row .wpcpro-col-md-4 { flex: 0 0 25%; max-width: 25%; } .wpcpro-row .wpcpro-col-md-5 { flex: 0 0 20%; max-width: 20%; } .wpcpro-row .wpcpro-col-md-6 { flex: 0 0 16.66666666666667%; max-width: 16.66666666666667%; } .wpcpro-row .wpcpro-col-md-7 { flex: 0 0 14.28571428%; max-width: 14.28571428%; } .wpcpro-row .wpcpro-col-md-8 { flex: 0 0 12.5%; max-width: 12.5%; } } @media (min-width: 980px) { .wpcpro-row .wpcpro-col-lg-1 { flex: 0 0 100%; max-width: 100%; } .wpcpro-row .wpcpro-col-lg-2 { flex: 0 0 50%; max-width: 50%; } .wpcpro-row .wpcpro-col-lg-3 { flex: 0 0 33.222%; max-width: 33.222%; } .wpcpro-row .wpcpro-col-lg-4 { flex: 0 0 25%; max-width: 25%; } .wpcpro-row .wpcpro-col-lg-5 { flex: 0 0 20%; max-width: 20%; } .wpcpro-row .wpcpro-col-lg-6 { flex: 0 0 16.6667%; max-width: 16.6667%; } .wpcpro-row .wpcpro-col-lg-7 { flex: 0 0 14.28571428%; max-width: 14.28571428%; } .wpcpro-row .wpcpro-col-lg-8 { flex: 0 0 12.5%; max-width: 12.5%; } } @media (min-width: 1200px) { .wpcpro-row .wpcpro-col-xl-1 { flex: 0 0 100%; max-width: 100%; } .wpcpro-row .wpcpro-col-xl-2 { flex: 0 0 50%; max-width: 50%; } .wpcpro-row .wpcpro-col-xl-3 { flex: 0 0 33.22222222%; max-width: 33.22222222%; } .wpcpro-row .wpcpro-col-xl-4 { flex: 0 0 25%; max-width: 25%; } .wpcpro-row .wpcpro-col-xl-5 { flex: 0 0 20%; max-width: 20%; } .wpcpro-row .wpcpro-col-xl-6 { flex: 0 0 16.66667%; max-width: 16.66667%; } .wpcpro-row .wpcpro-col-xl-7 { flex: 0 0 14.28571428%; max-width: 14.28571428%; } .wpcpro-row .wpcpro-col-xl-8 { flex: 0 0 12.5%; max-width: 12.5%; } }<\/style><div class=\"wpcp-carousel-wrapper wpcp-wrapper-451\">\n\t<div id=\"wpcp-preloader-451\" class=\"wpcp-carousel-preloader\"><img decoding=\"async\" src=\"https:\/\/lzo-im-norden.de\/wp-content\/plugins\/wp-carousel-free\/public\/css\/spinner.svg\" alt=\"Preloader Image\" \/><\/div>\t<div class=\"wpcp-carousel-content-wrapper\">\n\t<div id=\"sp-wp-carousel-free-id-451\" class=\"wpcp-carousel-section sp-wpcp-451  nav-vertical-center wpcp-image-carousel wpcp-preloader wpcp-standard\" data-swiper='{ &quot;pagination_type&quot;: &quot;dots&quot;,&quot;accessibility&quot;:true, &quot;spaceBetween&quot;:20, &quot;arrows&quot;:true, &quot;freeMode&quot;: true, &quot;autoplay&quot;:true, &quot;effect&quot;: &quot;&quot;, &quot;centerMode&quot;: false, &quot;autoplaySpeed&quot;:3000, &quot;dots&quot;:true, &quot;infinite&quot;:false, &quot;speed&quot;:600, &quot;pauseOnHover&quot;:true,\n\t\t\t&quot;slidesToShow&quot;:{&quot;lg_desktop&quot;:3, &quot;desktop&quot;: 2, &quot;laptop&quot;: 2, &quot;tablet&quot;: 1, &quot;mobile&quot;: 1}, &quot;responsive&quot;:{&quot;desktop&quot;:1200, &quot;laptop&quot;: 980, &quot;tablet&quot;: 736, &quot;mobile&quot;: 480}, &quot;rtl&quot;:false, &quot;lazyLoad&quot;: &quot;ondemand&quot;, &quot;swipe&quot;: true, &quot;draggable&quot;: true, &quot;swipeToSlide&quot;:true }' dir=\"ltr\">\n\t\t<div class=\"swiper-wrapper\">\n\t\t<div class=\"swiper-slide\">\n\t<div class=\"wpcp-single-item\">\n\t\t\t<a class=\"wcp-light-box\" data-buttons='[\"close\"]' data-wpc_url='https:\/\/lzo-im-norden.de\/wp-content\/uploads\/2024\/05\/middendorf_450-1-300x239.jpg' href=\"https:\/\/lzo-im-norden.de\/wp-content\/uploads\/2024\/05\/middendorf_450-1.jpg\" data-fancybox=\"wpcp_view\">\n\t\t<figure>\n\t\t\t<img loading=\"lazy\" decoding=\"async\" class=\"wcp-lazy swiper-lazy\" data-src=\"https:\/\/lzo-im-norden.de\/wp-content\/uploads\/2024\/05\/middendorf_450-1-300x239.jpg\" src=\"https:\/\/lzo-im-norden.de\/wp-content\/plugins\/wp-carousel-free\/public\/css\/spinner.svg\" alt=\"Im Gr\u00fcn, 2010, Acryl auf Leinwand, 160 x 200 cm\" width=\"300\" height=\"239\">\t\t<\/figure>\n\t<\/a>\n\t\t<\/div>\n<\/div>\n\t\t\t<\/div>\n\t\t\t\t\t<div class=\"wpcp-swiper-dots swiper-pagination\"><\/div>\n\t\t\t\t<!-- If we need navigation buttons -->\n\t\t\t\t\t<div class=\"wpcp-prev-button swiper-button-prev\"><i class=\"fa fa-angle-left\"><\/i><\/div>\n\t\t\t<div class=\"wpcp-next-button swiper-button-next\"><i class=\"fa fa-angle-right\"><\/i><\/div>\n\t\t\t<\/div>\n\t<\/div>\n<\/div>\n\n\n\n\n<div style=\"height:50px\" aria-hidden=\"true\" class=\"wp-block-spacer\"><\/div>\n\n\n\n<p>GEDICHTE ALS HINTERGRUNDRAUSCHEN<br><br>Helmut Middendorf geh\u00f6rt zu den Protagonisten der so genannten \u201eNeuen Wilden\u201c, die in den 1980-er Jahren in Berlin von sich reden machten. Eine neue Lust am Bild, am Malen, war entstanden, nachdem die k\u00fchle Minimal Art und die intellektuelle Konzeptkunst die 1970er Jahre bestimmt hatten. Ein impulsiver Pinselstrich kennzeichnete diesen neuen Stil. Gro\u00df, aggressiv, figurativ und farbig waren die Werke. Der Begriff \u201eNeue Wilde\u201c bezog sich auf die \u201ewilden\u201c Expressionisten, die Anfang des Jahrhunderts das Kunstpublikum mit ihren Gem\u00e4lden schockierten.<\/p>\n\n\n\n<p>Middendorf spricht lieber von der \u201eheftigen Malerei\u201c; und auch wenn der K\u00fcnstler in der Zwischenzeit um einiges abgekl\u00e4rter ist: sein Duktus ist immer noch vehement. Ablesbar an den drei dunkelgr\u00fcnen Formen im Vordergrund. Ablesbar an den drei dunkelgr\u00fcnen Formationen im Bildvordergrund, die aus parallel \u00fcbereinander gesetzten breiten Pinselstrichen aufgebaut sind .Oder vielmehr ausgestrichen oder \u00fcbermalt, gerade so, als ob etwas eher verdeckt als gezeigt werden sollte. Im Kontrast dazu sind der Hintergrund und das obere Bilddrittel von lockerem Farbauftrag gekennzeichnet. Das helle Blau wurde fast durchscheinend in ausladenden, kreisenden Bewegungen aufgetragen; die Farbe war d\u00fcnn, Tropfen auf das pastose Wei\u00df daneben gespritzt. Zum unteren Bildrand hin wird ein leuchtendes Gelb immer dominanter. Im Blau kann man den Himmel und im Wei\u00df Wolken erkennen. Die vergleichsweise gro\u00dfen, dunkelgr\u00fcnen Formen k\u00f6nnten Tannen mit dichtem Wuchs darstellen.<\/p>\n\n\n\n<p>Middendorf gibt seinem Bild allerdings auch einen aussagekr\u00e4ftigen Titel: \u201eIM GR\u00dcN (Heide)\u201c. Er spricht \u00fcber Farbe und suggeriert dem Betrachter, sich \u201eim Gr\u00fcn\u201c, also in der Farbe, und nicht etwa \u201eim Gr\u00fcnen\u201c zu befinden. Der Hinweis auf die Heide steht in Klammern und l\u00e4sst die drei dunkelgr\u00fcnen Formen als Heidekraut identifizieren. Die anspruchslose, immergr\u00fcne Pflanze, deren kleine Bl\u00fcten sich nie richtig \u00f6ffnen, trotzt der K\u00e4lte und kann auch extremen Witterungsbedingungen gut standhalten. Eine fast fabelhafte Pflanze, deren \u201eCharakter\u201c vielleicht auch etwas \u00fcber das Leben im Norden aussagt. Middendorf hat sich mit dem Landstrich Heide intensiv und vor allem poetisch auseinandergesetzt. Die Gedichte des fr\u00fch verstorbenen Rolf Dieter Brinkmann haben ihn inspiriert und als \u201eHintergrundrauschen\u201c seine Arbeit als Maler begleitet\u201c. (Jutta Moster-Hoos)<\/p>\n","protected":false},"excerpt":{"rendered":"<p>Helmut Middendorf * 1953 in Dinklage 1973\u20131979 Studium der Malerei an der Hochschule der K\u00fcnste, Berlin. Meistersch\u00fcler bei K. H. H\u00f6dicke 1977 Gr\u00fcndungsmitglied der Galerie am Moritzplatz, Berlin 1979 Lehrauftrag f\u00fcr Experimentalfilm an der Hochschule der K\u00fcnste, Berlin 1980 Stipendium des Deutschen Akademischen Austauschdienstes. Aufenthalt in New York lebt und arbeitet in Berlin und Athen. [&hellip;]<\/p>\n","protected":false},"author":1,"featured_media":0,"parent":184,"menu_order":0,"comment_status":"closed","ping_status":"closed","template":"","meta":{"footnotes":""},"class_list":["post-534","page","type-page","status-publish","hentry"],"yoast_head":"<!-- This site is optimized with the Yoast SEO plugin v27.5 - https:\/\/yoast.com\/product\/yoast-seo-wordpress\/ -->\n<title>Helmut Middendorf - IM NORDEN - die Kunstsammlung der Landessparkasse zu Oldenburg<\/title>\n<meta name=\"robots\" content=\"index, follow, max-snippet:-1, max-image-preview:large, max-video-preview:-1\" \/>\n<link rel=\"canonical\" href=\"https:\/\/lzo-im-norden.de\/?page_id=534\" \/>\n<meta property=\"og:locale\" content=\"de_DE\" \/>\n<meta property=\"og:type\" content=\"article\" \/>\n<meta property=\"og:title\" content=\"Helmut Middendorf - IM NORDEN - die Kunstsammlung der Landessparkasse zu Oldenburg\" \/>\n<meta property=\"og:description\" content=\"Helmut Middendorf * 1953 in Dinklage 1973\u20131979 Studium der Malerei an der Hochschule der K\u00fcnste, Berlin. Meistersch\u00fcler bei K. H. H\u00f6dicke 1977 Gr\u00fcndungsmitglied der Galerie am Moritzplatz, Berlin 1979 Lehrauftrag f\u00fcr Experimentalfilm an der Hochschule der K\u00fcnste, Berlin 1980 Stipendium des Deutschen Akademischen Austauschdienstes. Aufenthalt in New York lebt und arbeitet in Berlin und Athen. [&hellip;]\" \/>\n<meta property=\"og:url\" content=\"https:\/\/lzo-im-norden.de\/?page_id=534\" \/>\n<meta property=\"og:site_name\" content=\"IM NORDEN - die Kunstsammlung der Landessparkasse zu Oldenburg\" \/>\n<meta property=\"article:modified_time\" content=\"2024-05-13T07:17:48+00:00\" \/>\n<meta property=\"og:image\" content=\"https:\/\/lzo-im-norden.de\/wp-content\/uploads\/2024\/05\/port-14.jpg\" \/>\n<meta name=\"twitter:card\" content=\"summary_large_image\" \/>\n<meta name=\"twitter:label1\" content=\"Gesch\u00e4tzte Lesezeit\" \/>\n\t<meta name=\"twitter:data1\" content=\"3\u00a0Minuten\" \/>\n<script type=\"application\/ld+json\" class=\"yoast-schema-graph\">{\"@context\":\"https:\\\/\\\/schema.org\",\"@graph\":[{\"@type\":\"WebPage\",\"@id\":\"https:\\\/\\\/lzo-im-norden.de\\\/?page_id=534\",\"url\":\"https:\\\/\\\/lzo-im-norden.de\\\/?page_id=534\",\"name\":\"Helmut Middendorf - IM NORDEN - die Kunstsammlung der Landessparkasse zu Oldenburg\",\"isPartOf\":{\"@id\":\"https:\\\/\\\/lzo-im-norden.de\\\/#website\"},\"primaryImageOfPage\":{\"@id\":\"https:\\\/\\\/lzo-im-norden.de\\\/?page_id=534#primaryimage\"},\"image\":{\"@id\":\"https:\\\/\\\/lzo-im-norden.de\\\/?page_id=534#primaryimage\"},\"thumbnailUrl\":\"https:\\\/\\\/lzo-im-norden.de\\\/wp-content\\\/uploads\\\/2024\\\/05\\\/port-14.jpg\",\"datePublished\":\"2024-05-13T07:17:47+00:00\",\"dateModified\":\"2024-05-13T07:17:48+00:00\",\"breadcrumb\":{\"@id\":\"https:\\\/\\\/lzo-im-norden.de\\\/?page_id=534#breadcrumb\"},\"inLanguage\":\"de\",\"potentialAction\":[{\"@type\":\"ReadAction\",\"target\":[\"https:\\\/\\\/lzo-im-norden.de\\\/?page_id=534\"]}]},{\"@type\":\"ImageObject\",\"inLanguage\":\"de\",\"@id\":\"https:\\\/\\\/lzo-im-norden.de\\\/?page_id=534#primaryimage\",\"url\":\"https:\\\/\\\/lzo-im-norden.de\\\/wp-content\\\/uploads\\\/2024\\\/05\\\/port-14.jpg\",\"contentUrl\":\"https:\\\/\\\/lzo-im-norden.de\\\/wp-content\\\/uploads\\\/2024\\\/05\\\/port-14.jpg\",\"width\":150,\"height\":179},{\"@type\":\"BreadcrumbList\",\"@id\":\"https:\\\/\\\/lzo-im-norden.de\\\/?page_id=534#breadcrumb\",\"itemListElement\":[{\"@type\":\"ListItem\",\"position\":1,\"name\":\"Startseite\",\"item\":\"https:\\\/\\\/lzo-im-norden.de\\\/\"},{\"@type\":\"ListItem\",\"position\":2,\"name\":\"Die K\u00fcnstler\",\"item\":\"https:\\\/\\\/lzo-im-norden.de\\\/?page_id=184\"},{\"@type\":\"ListItem\",\"position\":3,\"name\":\"Helmut Middendorf\"}]},{\"@type\":\"WebSite\",\"@id\":\"https:\\\/\\\/lzo-im-norden.de\\\/#website\",\"url\":\"https:\\\/\\\/lzo-im-norden.de\\\/\",\"name\":\"IM NORDEN - die Kunstsammlung der Landessparkasse zu Oldenburg\",\"description\":\"\",\"publisher\":{\"@id\":\"https:\\\/\\\/lzo-im-norden.de\\\/#organization\"},\"potentialAction\":[{\"@type\":\"SearchAction\",\"target\":{\"@type\":\"EntryPoint\",\"urlTemplate\":\"https:\\\/\\\/lzo-im-norden.de\\\/?s={search_term_string}\"},\"query-input\":{\"@type\":\"PropertyValueSpecification\",\"valueRequired\":true,\"valueName\":\"search_term_string\"}}],\"inLanguage\":\"de\"},{\"@type\":\"Organization\",\"@id\":\"https:\\\/\\\/lzo-im-norden.de\\\/#organization\",\"name\":\"IM NORDEN - die Kunstsammlung der Landessparkasse zu Oldenburg\",\"url\":\"https:\\\/\\\/lzo-im-norden.de\\\/\",\"logo\":{\"@type\":\"ImageObject\",\"inLanguage\":\"de\",\"@id\":\"https:\\\/\\\/lzo-im-norden.de\\\/#\\\/schema\\\/logo\\\/image\\\/\",\"url\":\"https:\\\/\\\/lzo-im-norden.de\\\/wp-content\\\/uploads\\\/2024\\\/05\\\/im-norden.png\",\"contentUrl\":\"https:\\\/\\\/lzo-im-norden.de\\\/wp-content\\\/uploads\\\/2024\\\/05\\\/im-norden.png\",\"width\":356,\"height\":105,\"caption\":\"IM NORDEN - die Kunstsammlung der Landessparkasse zu Oldenburg\"},\"image\":{\"@id\":\"https:\\\/\\\/lzo-im-norden.de\\\/#\\\/schema\\\/logo\\\/image\\\/\"}}]}<\/script>\n<!-- \/ Yoast SEO plugin. -->","yoast_head_json":{"title":"Helmut Middendorf - IM NORDEN - die Kunstsammlung der Landessparkasse zu Oldenburg","robots":{"index":"index","follow":"follow","max-snippet":"max-snippet:-1","max-image-preview":"max-image-preview:large","max-video-preview":"max-video-preview:-1"},"canonical":"https:\/\/lzo-im-norden.de\/?page_id=534","og_locale":"de_DE","og_type":"article","og_title":"Helmut Middendorf - IM NORDEN - die Kunstsammlung der Landessparkasse zu Oldenburg","og_description":"Helmut Middendorf * 1953 in Dinklage 1973\u20131979 Studium der Malerei an der Hochschule der K\u00fcnste, Berlin. Meistersch\u00fcler bei K. H. H\u00f6dicke 1977 Gr\u00fcndungsmitglied der Galerie am Moritzplatz, Berlin 1979 Lehrauftrag f\u00fcr Experimentalfilm an der Hochschule der K\u00fcnste, Berlin 1980 Stipendium des Deutschen Akademischen Austauschdienstes. Aufenthalt in New York lebt und arbeitet in Berlin und Athen. [&hellip;]","og_url":"https:\/\/lzo-im-norden.de\/?page_id=534","og_site_name":"IM NORDEN - die Kunstsammlung der Landessparkasse zu Oldenburg","article_modified_time":"2024-05-13T07:17:48+00:00","og_image":[{"url":"https:\/\/lzo-im-norden.de\/wp-content\/uploads\/2024\/05\/port-14.jpg","type":"","width":"","height":""}],"twitter_card":"summary_large_image","twitter_misc":{"Gesch\u00e4tzte Lesezeit":"3\u00a0Minuten"},"schema":{"@context":"https:\/\/schema.org","@graph":[{"@type":"WebPage","@id":"https:\/\/lzo-im-norden.de\/?page_id=534","url":"https:\/\/lzo-im-norden.de\/?page_id=534","name":"Helmut Middendorf - IM NORDEN - die Kunstsammlung der Landessparkasse zu Oldenburg","isPartOf":{"@id":"https:\/\/lzo-im-norden.de\/#website"},"primaryImageOfPage":{"@id":"https:\/\/lzo-im-norden.de\/?page_id=534#primaryimage"},"image":{"@id":"https:\/\/lzo-im-norden.de\/?page_id=534#primaryimage"},"thumbnailUrl":"https:\/\/lzo-im-norden.de\/wp-content\/uploads\/2024\/05\/port-14.jpg","datePublished":"2024-05-13T07:17:47+00:00","dateModified":"2024-05-13T07:17:48+00:00","breadcrumb":{"@id":"https:\/\/lzo-im-norden.de\/?page_id=534#breadcrumb"},"inLanguage":"de","potentialAction":[{"@type":"ReadAction","target":["https:\/\/lzo-im-norden.de\/?page_id=534"]}]},{"@type":"ImageObject","inLanguage":"de","@id":"https:\/\/lzo-im-norden.de\/?page_id=534#primaryimage","url":"https:\/\/lzo-im-norden.de\/wp-content\/uploads\/2024\/05\/port-14.jpg","contentUrl":"https:\/\/lzo-im-norden.de\/wp-content\/uploads\/2024\/05\/port-14.jpg","width":150,"height":179},{"@type":"BreadcrumbList","@id":"https:\/\/lzo-im-norden.de\/?page_id=534#breadcrumb","itemListElement":[{"@type":"ListItem","position":1,"name":"Startseite","item":"https:\/\/lzo-im-norden.de\/"},{"@type":"ListItem","position":2,"name":"Die K\u00fcnstler","item":"https:\/\/lzo-im-norden.de\/?page_id=184"},{"@type":"ListItem","position":3,"name":"Helmut Middendorf"}]},{"@type":"WebSite","@id":"https:\/\/lzo-im-norden.de\/#website","url":"https:\/\/lzo-im-norden.de\/","name":"IM NORDEN - die Kunstsammlung der Landessparkasse zu Oldenburg","description":"","publisher":{"@id":"https:\/\/lzo-im-norden.de\/#organization"},"potentialAction":[{"@type":"SearchAction","target":{"@type":"EntryPoint","urlTemplate":"https:\/\/lzo-im-norden.de\/?s={search_term_string}"},"query-input":{"@type":"PropertyValueSpecification","valueRequired":true,"valueName":"search_term_string"}}],"inLanguage":"de"},{"@type":"Organization","@id":"https:\/\/lzo-im-norden.de\/#organization","name":"IM NORDEN - die Kunstsammlung der Landessparkasse zu Oldenburg","url":"https:\/\/lzo-im-norden.de\/","logo":{"@type":"ImageObject","inLanguage":"de","@id":"https:\/\/lzo-im-norden.de\/#\/schema\/logo\/image\/","url":"https:\/\/lzo-im-norden.de\/wp-content\/uploads\/2024\/05\/im-norden.png","contentUrl":"https:\/\/lzo-im-norden.de\/wp-content\/uploads\/2024\/05\/im-norden.png","width":356,"height":105,"caption":"IM NORDEN - die Kunstsammlung der Landessparkasse zu Oldenburg"},"image":{"@id":"https:\/\/lzo-im-norden.de\/#\/schema\/logo\/image\/"}}]}},"_links":{"self":[{"href":"https:\/\/lzo-im-norden.de\/index.php?rest_route=\/wp\/v2\/pages\/534","targetHints":{"allow":["GET"]}}],"collection":[{"href":"https:\/\/lzo-im-norden.de\/index.php?rest_route=\/wp\/v2\/pages"}],"about":[{"href":"https:\/\/lzo-im-norden.de\/index.php?rest_route=\/wp\/v2\/types\/page"}],"author":[{"embeddable":true,"href":"https:\/\/lzo-im-norden.de\/index.php?rest_route=\/wp\/v2\/users\/1"}],"replies":[{"embeddable":true,"href":"https:\/\/lzo-im-norden.de\/index.php?rest_route=%2Fwp%2Fv2%2Fcomments&post=534"}],"version-history":[{"count":1,"href":"https:\/\/lzo-im-norden.de\/index.php?rest_route=\/wp\/v2\/pages\/534\/revisions"}],"predecessor-version":[{"id":535,"href":"https:\/\/lzo-im-norden.de\/index.php?rest_route=\/wp\/v2\/pages\/534\/revisions\/535"}],"up":[{"embeddable":true,"href":"https:\/\/lzo-im-norden.de\/index.php?rest_route=\/wp\/v2\/pages\/184"}],"wp:attachment":[{"href":"https:\/\/lzo-im-norden.de\/index.php?rest_route=%2Fwp%2Fv2%2Fmedia&parent=534"}],"curies":[{"name":"wp","href":"https:\/\/api.w.org\/{rel}","templated":true}]}}