{"id":536,"date":"2024-05-13T07:20:27","date_gmt":"2024-05-13T07:20:27","guid":{"rendered":"https:\/\/lzo-im-norden.de\/?page_id=536"},"modified":"2024-05-13T07:20:28","modified_gmt":"2024-05-13T07:20:28","slug":"mariella-mosler","status":"publish","type":"page","link":"https:\/\/lzo-im-norden.de\/?page_id=536","title":{"rendered":"Mariella Mosler"},"content":{"rendered":"\n<h1 class=\"wp-block-heading has-text-align-center\">Mariella Mosler<\/h1>\n\n\n\n<div class=\"wp-block-columns is-layout-flex wp-container-core-columns-is-layout-28f84493 wp-block-columns-is-layout-flex\">\n<div class=\"wp-block-column is-layout-flow wp-block-column-is-layout-flow\" style=\"flex-basis:25%\">\n<figure class=\"wp-block-image size-full\"><img loading=\"lazy\" decoding=\"async\" width=\"150\" height=\"186\" src=\"https:\/\/lzo-im-norden.de\/wp-content\/uploads\/2024\/05\/port-29.jpg\" alt=\"\" class=\"wp-image-353\"\/><\/figure>\n<\/div>\n\n\n\n<div class=\"wp-block-column is-layout-flow wp-block-column-is-layout-flow\" style=\"flex-basis:75%\">\n<figure class=\"wp-block-table is-style-stripes\"><table><tbody><tr><td>* 1962<\/td><td>in Oldenburg<\/td><\/tr><tr><td>1985 &#8211; 1993<\/td><td>Kunst- und Philosophiestudium in Hamburg&nbsp;<\/td><\/tr><tr><td colspan=\"2\">diverse K\u00fcnstleraufenthalte im In- und Ausland<\/td><\/tr><tr><td>1997<\/td><td>Teilnahme an der documenta X<\/td><\/tr><tr><td>seit 2003<\/td><td>Professorin an der Staatlichen Akademie der Bildenden K\u00fcnste, Stuttgart<\/td><\/tr><tr><td colspan=\"2\">viel beachtete Ausstellungen und Projekte im In- und Ausland<\/td><\/tr><tr><td colspan=\"2\">lebt in Hamburg.<\/td><\/tr><tr><td colspan=\"2\"><a href=\"http:\/\/www.mariellamosler.de\/deutsch\/De_MARIELLA%20MOSLER_01_abbildungen.html\" target=\"_blank\" rel=\"noreferrer noopener\">www.mariellamosler.de<\/a><\/td><\/tr><\/tbody><\/table><\/figure>\n<\/div>\n<\/div>\n\n\n\n<div style=\"height:50px\" aria-hidden=\"true\" class=\"wp-block-spacer\"><\/div>\n\n\n\n<h1 class=\"wp-block-heading has-text-align-center\">Werke<\/h1>\n\n\n<style id=\"wp_carousel_dynamic_css441\">.sp-wp-carousel-free-id-441.wpcf-fancybox-wrapper .fancybox-bg{background: #0b0b0b;opacity: 0.8;}.sp-wp-carousel-free-id-441.wpcf-fancybox-wrapper .fancybox-navigation .fancybox-button .wpcp-fancybox-nav-arrow i {color: #ccc;}.sp-wp-carousel-free-id-441.wpcf-fancybox-wrapper .fancybox-navigation .fancybox-button .wpcp-fancybox-nav-arrow i:hover {color: #fff;}.sp-wp-carousel-free-id-441.wpcf-fancybox-wrapper .fancybox-navigation .fancybox-button {background: #1e1e1e;}.sp-wp-carousel-free-id-441.wpcf-fancybox-wrapper .fancybox-navigation .fancybox-button:hover {background: #1e1e1e;}#sp-wp-carousel-free-id-441 .wpcp-swiper-dots {margin: 40px 0px 0px 0px;}.wpcp-wrapper-441 .swiper-wrapper .swiper-slide-kenburn, .wpcp-wrapper-441 .swiper-wrapper, .wpcp-wrapper-441 .wpcpro-row{align-items: center;}#sp-wp-carousel-free-id-441 .wpcp-single-item {box-shadow: 0px 0px 0px 0px #dddddd;transition: all .3s;margin: 0px;}#sp-wp-carousel-free-id-441.swiper-flip .wpcp-single-item{margin: 0!important;}#sp-wp-carousel-free-id-441 .wpcp-single-item:hover {box-shadow: 0px 0px 0px 0px #dddddd;}#sp-wp-carousel-free-id-441.sp-wpcp-441 .wpcp-single-item {border: 1px solid transparent;}#sp-wp-carousel-free-id-441.wpcp-carousel-section.sp-wpcp-441 .swiper-button-prev,#sp-wp-carousel-free-id-441.wpcp-carousel-section.sp-wpcp-441 .swiper-button-next,#sp-wp-carousel-free-id-441.wpcp-carousel-section.sp-wpcp-441 .swiper-button-prev:hover,#sp-wp-carousel-free-id-441.wpcp-carousel-section.sp-wpcp-441 .swiper-button-next:hover {font-size: 18px ; font-weight: 400;}#sp-wp-carousel-free-id-441.sp-wpcp-441 .swiper-button-prev,#sp-wp-carousel-free-id-441.sp-wpcp-441 .swiper-button-next,#sp-wp-carousel-free-id-441.sp-wpcp-441 .swiper-button-prev:hover,#sp-wp-carousel-free-id-441.sp-wpcp-441 .swiper-button-next:hover {background: none;border: none;font-size: 30px;}#sp-wp-carousel-free-id-441.sp-wpcp-441 .swiper-button-prev i,#sp-wp-carousel-free-id-441.sp-wpcp-441 .swiper-button-next i {color: #aaa;}#sp-wp-carousel-free-id-441.sp-wpcp-441 .swiper-button-prev i:hover,#sp-wp-carousel-free-id-441.sp-wpcp-441 .swiper-button-next i:hover {color: #d52a29;}#sp-wp-carousel-free-id-441.sp-wpcp-441 .wpcp-swiper-dots .swiper-pagination-bullet {background-color: #cccccc;}#sp-wp-carousel-free-id-441.sp-wpcp-441 .wpcp-swiper-dots .swiper-pagination-bullet.swiper-pagination-bullet-active {background-color: #d52a29;} #sp-wp-carousel-free-id-441.sp-wpcp-441.wpcp-image-carousel .wpcp-single-item:hover img, #sp-wp-carousel-free-id-441.sp-wpcp-441.wpcp-post-carousel .wpcp-single-item:hover img, #sp-wp-carousel-free-id-441.sp-wpcp-441.wpcp-product-carousel .wpcp-single-item:hover img{-webkit-transform: scale(1.2);-moz-transform: scale(1.2);transform: scale(1.2);}#sp-wp-carousel-free-id-441 .wpcpro-row>[class*=\"wpcpro-col-\"] { padding: 0 10px; padding-bottom: 20px;} #sp-wp-carousel-free-id-441 .swiper-slide .single-item-fade:not(:last-child) { margin-right: 20px;}@media (min-width: 480px) { .wpcpro-row .wpcpro-col-sm-1 { flex: 0 0 100%; max-width: 100%; } .wpcpro-row .wpcpro-col-sm-2 { flex: 0 0 50%; max-width: 50%; } .wpcpro-row .wpcpro-col-sm-2-5 { flex: 0 0 75%; max-width: 75%; } .wpcpro-row .wpcpro-col-sm-3 { flex: 0 0 33.333%; max-width: 33.333%; } .wpcpro-row .wpcpro-col-sm-4 { flex: 0 0 25%; max-width: 25%; } .wpcpro-row .wpcpro-col-sm-5 { flex: 0 0 20%; max-width: 20%; } .wpcpro-row .wpcpro-col-sm-6 { flex: 0 0 16.66666666666667%; max-width: 16.66666666666667%; } .wpcpro-row .wpcpro-col-sm-7 { flex: 0 0 14.28571428%; max-width: 14.28571428%; } .wpcpro-row .wpcpro-col-sm-8 { flex: 0 0 12.5%; max-width: 12.5%; } } @media (max-width: 480px) { .wpcpro-row .wpcpro-col-xs-1 { flex: 0 0 100%; max-width: 100%; } .wpcpro-row .wpcpro-col-xs-2 { flex: 0 0 50%; max-width: 50%; } .wpcpro-row .wpcpro-col-xs-3 { flex: 0 0 33.222%; max-width: 33.222%; } .wpcpro-row .wpcpro-col-xs-4 { flex: 0 0 25%; max-width: 25%; } .wpcpro-row .wpcpro-col-xs-5 { flex: 0 0 20%; max-width: 20%; } .wpcpro-row .wpcpro-col-xs-6 { flex: 0 0 16.6667%; max-width: 16.6667%; } .wpcpro-row .wpcpro-col-xs-7 { flex: 0 0 14.28571428%; max-width: 14.28571428%; } .wpcpro-row .wpcpro-col-xs-8 { flex: 0 0 12.5%; max-width: 12.5%; } } @media (min-width: 736px) { .wpcpro-row .wpcpro-col-md-1 { flex: 0 0 100%; max-width: 100%; } .wpcpro-row .wpcpro-col-md-2 { flex: 0 0 50%; max-width: 50%; } .wpcpro-row .wpcpro-col-md-2-5 { flex: 0 0 75%; max-width: 75%; } .wpcpro-row .wpcpro-col-md-3 { flex: 0 0 33.333%; max-width: 33.333%; } .wpcpro-row .wpcpro-col-md-4 { flex: 0 0 25%; max-width: 25%; } .wpcpro-row .wpcpro-col-md-5 { flex: 0 0 20%; max-width: 20%; } .wpcpro-row .wpcpro-col-md-6 { flex: 0 0 16.66666666666667%; max-width: 16.66666666666667%; } .wpcpro-row .wpcpro-col-md-7 { flex: 0 0 14.28571428%; max-width: 14.28571428%; } .wpcpro-row .wpcpro-col-md-8 { flex: 0 0 12.5%; max-width: 12.5%; } } @media (min-width: 980px) { .wpcpro-row .wpcpro-col-lg-1 { flex: 0 0 100%; max-width: 100%; } .wpcpro-row .wpcpro-col-lg-2 { flex: 0 0 50%; max-width: 50%; } .wpcpro-row .wpcpro-col-lg-3 { flex: 0 0 33.222%; max-width: 33.222%; } .wpcpro-row .wpcpro-col-lg-4 { flex: 0 0 25%; max-width: 25%; } .wpcpro-row .wpcpro-col-lg-5 { flex: 0 0 20%; max-width: 20%; } .wpcpro-row .wpcpro-col-lg-6 { flex: 0 0 16.6667%; max-width: 16.6667%; } .wpcpro-row .wpcpro-col-lg-7 { flex: 0 0 14.28571428%; max-width: 14.28571428%; } .wpcpro-row .wpcpro-col-lg-8 { flex: 0 0 12.5%; max-width: 12.5%; } } @media (min-width: 1200px) { .wpcpro-row .wpcpro-col-xl-1 { flex: 0 0 100%; max-width: 100%; } .wpcpro-row .wpcpro-col-xl-2 { flex: 0 0 50%; max-width: 50%; } .wpcpro-row .wpcpro-col-xl-3 { flex: 0 0 33.22222222%; max-width: 33.22222222%; } .wpcpro-row .wpcpro-col-xl-4 { flex: 0 0 25%; max-width: 25%; } .wpcpro-row .wpcpro-col-xl-5 { flex: 0 0 20%; max-width: 20%; } .wpcpro-row .wpcpro-col-xl-6 { flex: 0 0 16.66667%; max-width: 16.66667%; } .wpcpro-row .wpcpro-col-xl-7 { flex: 0 0 14.28571428%; max-width: 14.28571428%; } .wpcpro-row .wpcpro-col-xl-8 { flex: 0 0 12.5%; max-width: 12.5%; } }<\/style><div class=\"wpcp-carousel-wrapper wpcp-wrapper-441\">\n\t<div id=\"wpcp-preloader-441\" class=\"wpcp-carousel-preloader\"><img decoding=\"async\" src=\"https:\/\/lzo-im-norden.de\/wp-content\/plugins\/wp-carousel-free\/public\/css\/spinner.svg\" alt=\"Preloader Image\" \/><\/div>\t<div class=\"wpcp-carousel-content-wrapper\">\n\t<div id=\"sp-wp-carousel-free-id-441\" class=\"wpcp-carousel-section sp-wpcp-441  nav-vertical-center wpcp-image-carousel wpcp-preloader wpcp-standard\" data-swiper='{ &quot;pagination_type&quot;: &quot;dots&quot;,&quot;accessibility&quot;:true, &quot;spaceBetween&quot;:20, &quot;arrows&quot;:true, &quot;freeMode&quot;: true, &quot;autoplay&quot;:true, &quot;effect&quot;: &quot;&quot;, &quot;centerMode&quot;: false, &quot;autoplaySpeed&quot;:3000, &quot;dots&quot;:true, &quot;infinite&quot;:true, &quot;speed&quot;:600, &quot;pauseOnHover&quot;:true,\n\t\t\t&quot;slidesToShow&quot;:{&quot;lg_desktop&quot;:3, &quot;desktop&quot;: 2, &quot;laptop&quot;: 2, &quot;tablet&quot;: 1, &quot;mobile&quot;: 1}, &quot;responsive&quot;:{&quot;desktop&quot;:1200, &quot;laptop&quot;: 980, &quot;tablet&quot;: 736, &quot;mobile&quot;: 480}, &quot;rtl&quot;:false, &quot;lazyLoad&quot;: &quot;ondemand&quot;, &quot;swipe&quot;: true, &quot;draggable&quot;: true, &quot;swipeToSlide&quot;:true }' dir=\"ltr\">\n\t\t<div class=\"swiper-wrapper\">\n\t\t<div class=\"swiper-slide\">\n\t<div class=\"wpcp-single-item\">\n\t\t\t<a class=\"wcp-light-box\" data-buttons='[\"close\"]' data-wpc_url='https:\/\/lzo-im-norden.de\/wp-content\/uploads\/2024\/05\/mosler_Wurmschloesser2-224x300.jpg' href=\"https:\/\/lzo-im-norden.de\/wp-content\/uploads\/2024\/05\/mosler_Wurmschloesser2.jpg\" data-fancybox=\"wpcp_view\">\n\t\t<figure>\n\t\t\t<img loading=\"lazy\" decoding=\"async\" class=\"wcp-lazy swiper-lazy\" data-src=\"https:\/\/lzo-im-norden.de\/wp-content\/uploads\/2024\/05\/mosler_Wurmschloesser2-224x300.jpg\" src=\"https:\/\/lzo-im-norden.de\/wp-content\/plugins\/wp-carousel-free\/public\/css\/spinner.svg\" alt=\"mosler_Wurmschloesser2\" width=\"224\" height=\"300\">\t\t<\/figure>\n\t<\/a>\n\t\t<\/div>\n<\/div>\n\t<div class=\"swiper-slide\">\n\t<div class=\"wpcp-single-item\">\n\t\t\t<a class=\"wcp-light-box\" data-buttons='[\"close\"]' data-wpc_url='https:\/\/lzo-im-norden.de\/wp-content\/uploads\/2024\/05\/mosler_wurmschloesser9-225x300.jpg' href=\"https:\/\/lzo-im-norden.de\/wp-content\/uploads\/2024\/05\/mosler_wurmschloesser9.jpg\" data-fancybox=\"wpcp_view\">\n\t\t<figure>\n\t\t\t<img loading=\"lazy\" decoding=\"async\" class=\"wcp-lazy swiper-lazy\" data-src=\"https:\/\/lzo-im-norden.de\/wp-content\/uploads\/2024\/05\/mosler_wurmschloesser9-225x300.jpg\" src=\"https:\/\/lzo-im-norden.de\/wp-content\/plugins\/wp-carousel-free\/public\/css\/spinner.svg\" alt=\"mosler_wurmschloesser9\" width=\"225\" height=\"300\">\t\t<\/figure>\n\t<\/a>\n\t\t<\/div>\n<\/div>\n\t<div class=\"swiper-slide\">\n\t<div class=\"wpcp-single-item\">\n\t\t\t<a class=\"wcp-light-box\" data-buttons='[\"close\"]' data-wpc_url='https:\/\/lzo-im-norden.de\/wp-content\/uploads\/2024\/05\/mosler_Wurmschloesser1-1-300x223.jpg' href=\"https:\/\/lzo-im-norden.de\/wp-content\/uploads\/2024\/05\/mosler_Wurmschloesser1-1.jpg\" data-fancybox=\"wpcp_view\">\n\t\t<figure>\n\t\t\t<img loading=\"lazy\" decoding=\"async\" class=\"wcp-lazy swiper-lazy\" data-src=\"https:\/\/lzo-im-norden.de\/wp-content\/uploads\/2024\/05\/mosler_Wurmschloesser1-1-300x223.jpg\" src=\"https:\/\/lzo-im-norden.de\/wp-content\/plugins\/wp-carousel-free\/public\/css\/spinner.svg\" alt=\"mosler_Wurmschloesser1\" width=\"300\" height=\"223\">\t\t<\/figure>\n\t<\/a>\n\t\t<\/div>\n<\/div>\n\t<div class=\"swiper-slide\">\n\t<div class=\"wpcp-single-item\">\n\t\t\t<a class=\"wcp-light-box\" data-buttons='[\"close\"]' data-wpc_url='https:\/\/lzo-im-norden.de\/wp-content\/uploads\/2024\/05\/mosler_450-226x300.jpg' href=\"https:\/\/lzo-im-norden.de\/wp-content\/uploads\/2024\/05\/mosler_450.jpg\" data-fancybox=\"wpcp_view\">\n\t\t<figure>\n\t\t\t<img loading=\"lazy\" decoding=\"async\" class=\"wcp-lazy swiper-lazy\" data-src=\"https:\/\/lzo-im-norden.de\/wp-content\/uploads\/2024\/05\/mosler_450-226x300.jpg\" src=\"https:\/\/lzo-im-norden.de\/wp-content\/plugins\/wp-carousel-free\/public\/css\/spinner.svg\" alt=\"Wurmschl\u00f6sser, 2008\/2009 Fotografie, Lambda-Laserprint, Colorpapier Silberfolie auf Dibond 120 x 90 cm\" width=\"226\" height=\"300\">\t\t<\/figure>\n\t<\/a>\n\t\t<\/div>\n<\/div>\n\t\t\t<\/div>\n\t\t\t\t\t<div class=\"wpcp-swiper-dots swiper-pagination\"><\/div>\n\t\t\t\t<!-- If we need navigation buttons -->\n\t\t\t\t\t<div class=\"wpcp-prev-button swiper-button-prev\"><i class=\"fa fa-angle-left\"><\/i><\/div>\n\t\t\t<div class=\"wpcp-next-button swiper-button-next\"><i class=\"fa fa-angle-right\"><\/i><\/div>\n\t\t\t<\/div>\n\t<\/div>\n<\/div>\n\n\n\n\n<div style=\"height:50px\" aria-hidden=\"true\" class=\"wp-block-spacer\"><\/div>\n\n\n\n<p>SEHEN ALS ANSTRENGUNG<\/p>\n\n\n\n<p>Sinnest\u00e4uschung, Projektion gar? Oder existiert, was ein Mensch sieht, tats\u00e4chlich? Eine Frage, die seit Beginn der Neuzeit die f\u00fchrenden Geister in der westlichen Hemisph\u00e4re besch\u00e4ftigt hat, Philosophen, Naturwissenschaftler und K\u00fcnstler gleicherma\u00dfen. Die Antworten fielen und fallen unterschiedlich aus \u2013 und nicht minder die Beweise f\u00fcr die eine und die andere Ansicht.<br>Mariella Mosler findet in ihrem Bildzyklus \u201eWurmschl\u00f6sser\u201c eine originelle Variante \u2013 ganz auf der H\u00f6he der Erkenntnisse neurologischer Forschungen. Schmale Streifen aus Silberfolie in vertikalem regelm\u00e4\u00dfigem Verlauf erschweren den Blick auf die vermeintlichen Motive ihrer Bilder und bef\u00f6rdern die Betrachter je nach Position selber ins Bildfeld. Auch wenn die neuen wie die eigentlichen Motive streifenf\u00f6rmig zerschnitten und ein wenig verzerrt sind, ist ihre Identifizierung leichter. Dank der Vertrautheit mit dem eigenen Spiegel-Ich ist die Chance des (Wieder-)Erkennens gr\u00f6\u00dfer. Gleichwohl ruft die Begegnung Irritationen hervor. Die fotografischen Bildmotive, die sich in Wahrheit hinter oder unter den Streifen entfalten und in ihrer physischen Integrit\u00e4t nicht angetastet werden, teilen sich auf einmal das Bildterrain mit dem Widerschein der jeweiligen Betrachter. Doch die optischen Reflexe der Betrachter haben einen v\u00f6llig anderen Stellenwert.&nbsp;<br>Es sind fl\u00fcchtige Schemen, die kommen und verschwinden und obendrein zwangsl\u00e4ufig verschieden wahrgenommen werden.<br>In verbl\u00fcffend einfacher Form liefert Mariella Mosler das anschauliche Exempel, dass jeder Mensch die vielf\u00e4ltigen Impulse, Daten und Reize einer scheinbar oder tats\u00e4chlich au\u00dferhalb seines oder ihres K\u00f6rpers existierenden Realit\u00e4t zu einer subjektiven Realit\u00e4tserfahrung verschneidet. Insofern erhalten die Wattw\u00fcrmer in den Bildern, die jene im Titel des Zyklus als \u201eWurmschl\u00f6sser\u201c apostrophierten Sandgebilde hervorbringen, eine metaphorische Bedeutung. Wie sie ihre \u201eBurgen\u201c, m\u00fcssen sich die Betrachter deren Anschauung f\u00f6rmlich erarbeiten. Was sie gew\u00f6hnlich ohne Nachdenken registrieren, wiederholen sie angesichts der besonderen Struktur der Bilder in bewussten Schritten. Dabei stellen sie fest, dass Sehen ein Resultat k\u00f6rperlicher Anstrengung ist.<br><br>Nicht von ungef\u00e4hr sind Installationen das bevorzugte \u201eMedium\u201c von Mariella Mosler, um ihre k\u00fcnstlerischen Vorstellungen zu verwirklichen. Mit ihnen ist sie in der zeitgen\u00f6ssischen Kunstszene bekannt geworden. In den Installationen verwendet sie ebenfalls vorwiegend spiegelnde Oberfl\u00e4chen und treibt ein verwirrendes Spiel mit der menschlichen Wahrnehmung sowie der Identit\u00e4t der Dinge. Zwar bilden Muster und Gewohnheiten das Fundament der Wahrnehmungsmodi, aber sobald sie sich zu unver\u00e4nderbaren Rastern verfestigen, leisten sie Vorurteilen Vorschub. Im Unterschied zu den Strategen der Unterhaltungsindustrie hintertreiben K\u00fcnstler wie Mariella Mosler mit subversiver List und Lust solche Tendenzen.<br>(Klaus Honnef , Sammlungskatalog \u201eIM NORDEN\u201c, 2009)<\/p>\n","protected":false},"excerpt":{"rendered":"<p>Mariella Mosler * 1962 in Oldenburg 1985 &#8211; 1993 Kunst- und Philosophiestudium in Hamburg&nbsp; diverse K\u00fcnstleraufenthalte im In- und Ausland 1997 Teilnahme an der documenta X seit 2003 Professorin an der Staatlichen Akademie der Bildenden K\u00fcnste, Stuttgart viel beachtete Ausstellungen und Projekte im In- und Ausland lebt in Hamburg. www.mariellamosler.de Werke SEHEN ALS ANSTRENGUNG Sinnest\u00e4uschung, [&hellip;]<\/p>\n","protected":false},"author":1,"featured_media":0,"parent":184,"menu_order":0,"comment_status":"closed","ping_status":"closed","template":"","meta":{"footnotes":""},"class_list":["post-536","page","type-page","status-publish","hentry"],"yoast_head":"<!-- This site is optimized with the Yoast SEO plugin v27.4 - https:\/\/yoast.com\/product\/yoast-seo-wordpress\/ -->\n<title>Mariella Mosler - IM NORDEN - die Kunstsammlung der Landessparkasse zu Oldenburg<\/title>\n<meta name=\"robots\" content=\"index, follow, max-snippet:-1, max-image-preview:large, max-video-preview:-1\" \/>\n<link rel=\"canonical\" href=\"https:\/\/lzo-im-norden.de\/?page_id=536\" \/>\n<meta property=\"og:locale\" content=\"de_DE\" \/>\n<meta property=\"og:type\" content=\"article\" \/>\n<meta property=\"og:title\" content=\"Mariella Mosler - IM NORDEN - die Kunstsammlung der Landessparkasse zu Oldenburg\" \/>\n<meta property=\"og:description\" content=\"Mariella Mosler * 1962 in Oldenburg 1985 &#8211; 1993 Kunst- und Philosophiestudium in Hamburg&nbsp; diverse K\u00fcnstleraufenthalte im In- und Ausland 1997 Teilnahme an der documenta X seit 2003 Professorin an der Staatlichen Akademie der Bildenden K\u00fcnste, Stuttgart viel beachtete Ausstellungen und Projekte im In- und Ausland lebt in Hamburg. www.mariellamosler.de Werke SEHEN ALS ANSTRENGUNG Sinnest\u00e4uschung, [&hellip;]\" \/>\n<meta property=\"og:url\" content=\"https:\/\/lzo-im-norden.de\/?page_id=536\" \/>\n<meta property=\"og:site_name\" content=\"IM NORDEN - die Kunstsammlung der Landessparkasse zu Oldenburg\" \/>\n<meta property=\"article:modified_time\" content=\"2024-05-13T07:20:28+00:00\" \/>\n<meta property=\"og:image\" content=\"https:\/\/lzo-im-norden.de\/wp-content\/uploads\/2024\/05\/port-29.jpg\" \/>\n<meta name=\"twitter:card\" content=\"summary_large_image\" \/>\n<meta name=\"twitter:label1\" content=\"Gesch\u00e4tzte Lesezeit\" \/>\n\t<meta name=\"twitter:data1\" content=\"3\u00a0Minuten\" \/>\n<script type=\"application\/ld+json\" class=\"yoast-schema-graph\">{\"@context\":\"https:\\\/\\\/schema.org\",\"@graph\":[{\"@type\":\"WebPage\",\"@id\":\"https:\\\/\\\/lzo-im-norden.de\\\/?page_id=536\",\"url\":\"https:\\\/\\\/lzo-im-norden.de\\\/?page_id=536\",\"name\":\"Mariella Mosler - IM NORDEN - die Kunstsammlung der Landessparkasse zu Oldenburg\",\"isPartOf\":{\"@id\":\"https:\\\/\\\/lzo-im-norden.de\\\/#website\"},\"primaryImageOfPage\":{\"@id\":\"https:\\\/\\\/lzo-im-norden.de\\\/?page_id=536#primaryimage\"},\"image\":{\"@id\":\"https:\\\/\\\/lzo-im-norden.de\\\/?page_id=536#primaryimage\"},\"thumbnailUrl\":\"https:\\\/\\\/lzo-im-norden.de\\\/wp-content\\\/uploads\\\/2024\\\/05\\\/port-29.jpg\",\"datePublished\":\"2024-05-13T07:20:27+00:00\",\"dateModified\":\"2024-05-13T07:20:28+00:00\",\"breadcrumb\":{\"@id\":\"https:\\\/\\\/lzo-im-norden.de\\\/?page_id=536#breadcrumb\"},\"inLanguage\":\"de\",\"potentialAction\":[{\"@type\":\"ReadAction\",\"target\":[\"https:\\\/\\\/lzo-im-norden.de\\\/?page_id=536\"]}]},{\"@type\":\"ImageObject\",\"inLanguage\":\"de\",\"@id\":\"https:\\\/\\\/lzo-im-norden.de\\\/?page_id=536#primaryimage\",\"url\":\"https:\\\/\\\/lzo-im-norden.de\\\/wp-content\\\/uploads\\\/2024\\\/05\\\/port-29.jpg\",\"contentUrl\":\"https:\\\/\\\/lzo-im-norden.de\\\/wp-content\\\/uploads\\\/2024\\\/05\\\/port-29.jpg\",\"width\":150,\"height\":186},{\"@type\":\"BreadcrumbList\",\"@id\":\"https:\\\/\\\/lzo-im-norden.de\\\/?page_id=536#breadcrumb\",\"itemListElement\":[{\"@type\":\"ListItem\",\"position\":1,\"name\":\"Startseite\",\"item\":\"https:\\\/\\\/lzo-im-norden.de\\\/\"},{\"@type\":\"ListItem\",\"position\":2,\"name\":\"Die K\u00fcnstler\",\"item\":\"https:\\\/\\\/lzo-im-norden.de\\\/?page_id=184\"},{\"@type\":\"ListItem\",\"position\":3,\"name\":\"Mariella Mosler\"}]},{\"@type\":\"WebSite\",\"@id\":\"https:\\\/\\\/lzo-im-norden.de\\\/#website\",\"url\":\"https:\\\/\\\/lzo-im-norden.de\\\/\",\"name\":\"IM NORDEN - die Kunstsammlung der Landessparkasse zu Oldenburg\",\"description\":\"\",\"publisher\":{\"@id\":\"https:\\\/\\\/lzo-im-norden.de\\\/#organization\"},\"potentialAction\":[{\"@type\":\"SearchAction\",\"target\":{\"@type\":\"EntryPoint\",\"urlTemplate\":\"https:\\\/\\\/lzo-im-norden.de\\\/?s={search_term_string}\"},\"query-input\":{\"@type\":\"PropertyValueSpecification\",\"valueRequired\":true,\"valueName\":\"search_term_string\"}}],\"inLanguage\":\"de\"},{\"@type\":\"Organization\",\"@id\":\"https:\\\/\\\/lzo-im-norden.de\\\/#organization\",\"name\":\"IM NORDEN - die Kunstsammlung der Landessparkasse zu Oldenburg\",\"url\":\"https:\\\/\\\/lzo-im-norden.de\\\/\",\"logo\":{\"@type\":\"ImageObject\",\"inLanguage\":\"de\",\"@id\":\"https:\\\/\\\/lzo-im-norden.de\\\/#\\\/schema\\\/logo\\\/image\\\/\",\"url\":\"https:\\\/\\\/lzo-im-norden.de\\\/wp-content\\\/uploads\\\/2024\\\/05\\\/im-norden.png\",\"contentUrl\":\"https:\\\/\\\/lzo-im-norden.de\\\/wp-content\\\/uploads\\\/2024\\\/05\\\/im-norden.png\",\"width\":356,\"height\":105,\"caption\":\"IM NORDEN - die Kunstsammlung der Landessparkasse zu Oldenburg\"},\"image\":{\"@id\":\"https:\\\/\\\/lzo-im-norden.de\\\/#\\\/schema\\\/logo\\\/image\\\/\"}}]}<\/script>\n<!-- \/ Yoast SEO plugin. -->","yoast_head_json":{"title":"Mariella Mosler - IM NORDEN - die Kunstsammlung der Landessparkasse zu Oldenburg","robots":{"index":"index","follow":"follow","max-snippet":"max-snippet:-1","max-image-preview":"max-image-preview:large","max-video-preview":"max-video-preview:-1"},"canonical":"https:\/\/lzo-im-norden.de\/?page_id=536","og_locale":"de_DE","og_type":"article","og_title":"Mariella Mosler - IM NORDEN - die Kunstsammlung der Landessparkasse zu Oldenburg","og_description":"Mariella Mosler * 1962 in Oldenburg 1985 &#8211; 1993 Kunst- und Philosophiestudium in Hamburg&nbsp; diverse K\u00fcnstleraufenthalte im In- und Ausland 1997 Teilnahme an der documenta X seit 2003 Professorin an der Staatlichen Akademie der Bildenden K\u00fcnste, Stuttgart viel beachtete Ausstellungen und Projekte im In- und Ausland lebt in Hamburg. www.mariellamosler.de Werke SEHEN ALS ANSTRENGUNG Sinnest\u00e4uschung, [&hellip;]","og_url":"https:\/\/lzo-im-norden.de\/?page_id=536","og_site_name":"IM NORDEN - die Kunstsammlung der Landessparkasse zu Oldenburg","article_modified_time":"2024-05-13T07:20:28+00:00","og_image":[{"url":"https:\/\/lzo-im-norden.de\/wp-content\/uploads\/2024\/05\/port-29.jpg","type":"","width":"","height":""}],"twitter_card":"summary_large_image","twitter_misc":{"Gesch\u00e4tzte Lesezeit":"3\u00a0Minuten"},"schema":{"@context":"https:\/\/schema.org","@graph":[{"@type":"WebPage","@id":"https:\/\/lzo-im-norden.de\/?page_id=536","url":"https:\/\/lzo-im-norden.de\/?page_id=536","name":"Mariella Mosler - IM NORDEN - die Kunstsammlung der Landessparkasse zu Oldenburg","isPartOf":{"@id":"https:\/\/lzo-im-norden.de\/#website"},"primaryImageOfPage":{"@id":"https:\/\/lzo-im-norden.de\/?page_id=536#primaryimage"},"image":{"@id":"https:\/\/lzo-im-norden.de\/?page_id=536#primaryimage"},"thumbnailUrl":"https:\/\/lzo-im-norden.de\/wp-content\/uploads\/2024\/05\/port-29.jpg","datePublished":"2024-05-13T07:20:27+00:00","dateModified":"2024-05-13T07:20:28+00:00","breadcrumb":{"@id":"https:\/\/lzo-im-norden.de\/?page_id=536#breadcrumb"},"inLanguage":"de","potentialAction":[{"@type":"ReadAction","target":["https:\/\/lzo-im-norden.de\/?page_id=536"]}]},{"@type":"ImageObject","inLanguage":"de","@id":"https:\/\/lzo-im-norden.de\/?page_id=536#primaryimage","url":"https:\/\/lzo-im-norden.de\/wp-content\/uploads\/2024\/05\/port-29.jpg","contentUrl":"https:\/\/lzo-im-norden.de\/wp-content\/uploads\/2024\/05\/port-29.jpg","width":150,"height":186},{"@type":"BreadcrumbList","@id":"https:\/\/lzo-im-norden.de\/?page_id=536#breadcrumb","itemListElement":[{"@type":"ListItem","position":1,"name":"Startseite","item":"https:\/\/lzo-im-norden.de\/"},{"@type":"ListItem","position":2,"name":"Die K\u00fcnstler","item":"https:\/\/lzo-im-norden.de\/?page_id=184"},{"@type":"ListItem","position":3,"name":"Mariella Mosler"}]},{"@type":"WebSite","@id":"https:\/\/lzo-im-norden.de\/#website","url":"https:\/\/lzo-im-norden.de\/","name":"IM NORDEN - die Kunstsammlung der Landessparkasse zu Oldenburg","description":"","publisher":{"@id":"https:\/\/lzo-im-norden.de\/#organization"},"potentialAction":[{"@type":"SearchAction","target":{"@type":"EntryPoint","urlTemplate":"https:\/\/lzo-im-norden.de\/?s={search_term_string}"},"query-input":{"@type":"PropertyValueSpecification","valueRequired":true,"valueName":"search_term_string"}}],"inLanguage":"de"},{"@type":"Organization","@id":"https:\/\/lzo-im-norden.de\/#organization","name":"IM NORDEN - die Kunstsammlung der Landessparkasse zu Oldenburg","url":"https:\/\/lzo-im-norden.de\/","logo":{"@type":"ImageObject","inLanguage":"de","@id":"https:\/\/lzo-im-norden.de\/#\/schema\/logo\/image\/","url":"https:\/\/lzo-im-norden.de\/wp-content\/uploads\/2024\/05\/im-norden.png","contentUrl":"https:\/\/lzo-im-norden.de\/wp-content\/uploads\/2024\/05\/im-norden.png","width":356,"height":105,"caption":"IM NORDEN - die Kunstsammlung der Landessparkasse zu Oldenburg"},"image":{"@id":"https:\/\/lzo-im-norden.de\/#\/schema\/logo\/image\/"}}]}},"_links":{"self":[{"href":"https:\/\/lzo-im-norden.de\/index.php?rest_route=\/wp\/v2\/pages\/536","targetHints":{"allow":["GET"]}}],"collection":[{"href":"https:\/\/lzo-im-norden.de\/index.php?rest_route=\/wp\/v2\/pages"}],"about":[{"href":"https:\/\/lzo-im-norden.de\/index.php?rest_route=\/wp\/v2\/types\/page"}],"author":[{"embeddable":true,"href":"https:\/\/lzo-im-norden.de\/index.php?rest_route=\/wp\/v2\/users\/1"}],"replies":[{"embeddable":true,"href":"https:\/\/lzo-im-norden.de\/index.php?rest_route=%2Fwp%2Fv2%2Fcomments&post=536"}],"version-history":[{"count":1,"href":"https:\/\/lzo-im-norden.de\/index.php?rest_route=\/wp\/v2\/pages\/536\/revisions"}],"predecessor-version":[{"id":537,"href":"https:\/\/lzo-im-norden.de\/index.php?rest_route=\/wp\/v2\/pages\/536\/revisions\/537"}],"up":[{"embeddable":true,"href":"https:\/\/lzo-im-norden.de\/index.php?rest_route=\/wp\/v2\/pages\/184"}],"wp:attachment":[{"href":"https:\/\/lzo-im-norden.de\/index.php?rest_route=%2Fwp%2Fv2%2Fmedia&parent=536"}],"curies":[{"name":"wp","href":"https:\/\/api.w.org\/{rel}","templated":true}]}}