{"id":540,"date":"2024-05-13T07:23:35","date_gmt":"2024-05-13T07:23:35","guid":{"rendered":"https:\/\/lzo-im-norden.de\/?page_id=540"},"modified":"2024-05-13T07:23:35","modified_gmt":"2024-05-13T07:23:35","slug":"hartmut-neumann","status":"publish","type":"page","link":"https:\/\/lzo-im-norden.de\/?page_id=540","title":{"rendered":"Hartmut Neumann"},"content":{"rendered":"\n<h1 class=\"wp-block-heading has-text-align-center\">Hartmut Neumann<\/h1>\n\n\n\n<div class=\"wp-block-columns is-layout-flex wp-container-core-columns-is-layout-28f84493 wp-block-columns-is-layout-flex\">\n<div class=\"wp-block-column is-layout-flow wp-block-column-is-layout-flow\" style=\"flex-basis:25%\">\n<figure class=\"wp-block-image size-full\"><img loading=\"lazy\" decoding=\"async\" width=\"150\" height=\"187\" src=\"https:\/\/lzo-im-norden.de\/wp-content\/uploads\/2024\/05\/port-11.jpg\" alt=\"\" class=\"wp-image-260\"\/><\/figure>\n<\/div>\n\n\n\n<div class=\"wp-block-column is-layout-flow wp-block-column-is-layout-flow\" style=\"flex-basis:75%\">\n<figure class=\"wp-block-table is-style-stripes\"><table><tbody><tr><td>* 1954<\/td><td>in Delmenhorst<\/td><\/tr><tr><td>1976 &#8211; 1980<\/td><td>Studium an der Hochschule f\u00fcr K\u00fcnste in Bremen bei Rolf Thiele<\/td><\/tr><tr><td>ab 1981<\/td><td>diverse Preise und Stipendien<\/td><\/tr><tr><td>seit 1992<\/td><td>Professur an der Hochschule f\u00fcr Bildende K\u00fcnste in Braunschweig<\/td><\/tr><tr><td>1992<\/td><td>documenta IX<\/td><\/tr><tr><td colspan=\"2\">lebt in K\u00f6ln und Braunschweig.<\/td><\/tr><\/tbody><\/table><\/figure>\n<\/div>\n<\/div>\n\n\n\n<div style=\"height:50px\" aria-hidden=\"true\" class=\"wp-block-spacer\"><\/div>\n\n\n\n<h1 class=\"wp-block-heading has-text-align-center\">Werke<\/h1>\n\n\n<style id=\"wp_carousel_dynamic_css453\">.sp-wp-carousel-free-id-453.wpcf-fancybox-wrapper .fancybox-bg{background: #0b0b0b;opacity: 0.8;}.sp-wp-carousel-free-id-453.wpcf-fancybox-wrapper .fancybox-navigation .fancybox-button .wpcp-fancybox-nav-arrow i {color: #ccc;}.sp-wp-carousel-free-id-453.wpcf-fancybox-wrapper .fancybox-navigation .fancybox-button .wpcp-fancybox-nav-arrow i:hover {color: #fff;}.sp-wp-carousel-free-id-453.wpcf-fancybox-wrapper .fancybox-navigation .fancybox-button {background: #1e1e1e;}.sp-wp-carousel-free-id-453.wpcf-fancybox-wrapper .fancybox-navigation .fancybox-button:hover {background: #1e1e1e;}#sp-wp-carousel-free-id-453 .wpcp-swiper-dots {margin: 40px 0px 0px 0px;}.wpcp-wrapper-453 .swiper-wrapper .swiper-slide-kenburn, .wpcp-wrapper-453 .swiper-wrapper, .wpcp-wrapper-453 .wpcpro-row{align-items: center;}#sp-wp-carousel-free-id-453 .wpcp-single-item {box-shadow: 0px 0px 0px 0px #dddddd;transition: all .3s;margin: 0px;}#sp-wp-carousel-free-id-453.swiper-flip .wpcp-single-item{margin: 0!important;}#sp-wp-carousel-free-id-453 .wpcp-single-item:hover {box-shadow: 0px 0px 0px 0px #dddddd;}#sp-wp-carousel-free-id-453.sp-wpcp-453 .wpcp-single-item {border: 1px solid transparent;}#sp-wp-carousel-free-id-453.wpcp-carousel-section.sp-wpcp-453 .swiper-button-prev,#sp-wp-carousel-free-id-453.wpcp-carousel-section.sp-wpcp-453 .swiper-button-next,#sp-wp-carousel-free-id-453.wpcp-carousel-section.sp-wpcp-453 .swiper-button-prev:hover,#sp-wp-carousel-free-id-453.wpcp-carousel-section.sp-wpcp-453 .swiper-button-next:hover {font-size: 18px ; font-weight: 400;}#sp-wp-carousel-free-id-453.sp-wpcp-453 .swiper-button-prev,#sp-wp-carousel-free-id-453.sp-wpcp-453 .swiper-button-next,#sp-wp-carousel-free-id-453.sp-wpcp-453 .swiper-button-prev:hover,#sp-wp-carousel-free-id-453.sp-wpcp-453 .swiper-button-next:hover {background: none;border: none;font-size: 30px;}#sp-wp-carousel-free-id-453.sp-wpcp-453 .swiper-button-prev i,#sp-wp-carousel-free-id-453.sp-wpcp-453 .swiper-button-next i {color: #aaa;}#sp-wp-carousel-free-id-453.sp-wpcp-453 .swiper-button-prev i:hover,#sp-wp-carousel-free-id-453.sp-wpcp-453 .swiper-button-next i:hover {color: #d52a29;}#sp-wp-carousel-free-id-453.sp-wpcp-453 .wpcp-swiper-dots .swiper-pagination-bullet {background-color: #cccccc;}#sp-wp-carousel-free-id-453.sp-wpcp-453 .wpcp-swiper-dots .swiper-pagination-bullet.swiper-pagination-bullet-active {background-color: #d52a29;} #sp-wp-carousel-free-id-453.sp-wpcp-453.wpcp-image-carousel .wpcp-single-item:hover img, #sp-wp-carousel-free-id-453.sp-wpcp-453.wpcp-post-carousel .wpcp-single-item:hover img, #sp-wp-carousel-free-id-453.sp-wpcp-453.wpcp-product-carousel .wpcp-single-item:hover img{-webkit-transform: scale(1.2);-moz-transform: scale(1.2);transform: scale(1.2);}#sp-wp-carousel-free-id-453 .wpcpro-row>[class*=\"wpcpro-col-\"] { padding: 0 10px; padding-bottom: 20px;} #sp-wp-carousel-free-id-453 .swiper-slide .single-item-fade:not(:last-child) { margin-right: 20px;}@media (min-width: 480px) { .wpcpro-row .wpcpro-col-sm-1 { flex: 0 0 100%; max-width: 100%; } .wpcpro-row .wpcpro-col-sm-2 { flex: 0 0 50%; max-width: 50%; } .wpcpro-row .wpcpro-col-sm-2-5 { flex: 0 0 75%; max-width: 75%; } .wpcpro-row .wpcpro-col-sm-3 { flex: 0 0 33.333%; max-width: 33.333%; } .wpcpro-row .wpcpro-col-sm-4 { flex: 0 0 25%; max-width: 25%; } .wpcpro-row .wpcpro-col-sm-5 { flex: 0 0 20%; max-width: 20%; } .wpcpro-row .wpcpro-col-sm-6 { flex: 0 0 16.66666666666667%; max-width: 16.66666666666667%; } .wpcpro-row .wpcpro-col-sm-7 { flex: 0 0 14.28571428%; max-width: 14.28571428%; } .wpcpro-row .wpcpro-col-sm-8 { flex: 0 0 12.5%; max-width: 12.5%; } } @media (max-width: 480px) { .wpcpro-row .wpcpro-col-xs-1 { flex: 0 0 100%; max-width: 100%; } .wpcpro-row .wpcpro-col-xs-2 { flex: 0 0 50%; max-width: 50%; } .wpcpro-row .wpcpro-col-xs-3 { flex: 0 0 33.222%; max-width: 33.222%; } .wpcpro-row .wpcpro-col-xs-4 { flex: 0 0 25%; max-width: 25%; } .wpcpro-row .wpcpro-col-xs-5 { flex: 0 0 20%; max-width: 20%; } .wpcpro-row .wpcpro-col-xs-6 { flex: 0 0 16.6667%; max-width: 16.6667%; } .wpcpro-row .wpcpro-col-xs-7 { flex: 0 0 14.28571428%; max-width: 14.28571428%; } .wpcpro-row .wpcpro-col-xs-8 { flex: 0 0 12.5%; max-width: 12.5%; } } @media (min-width: 736px) { .wpcpro-row .wpcpro-col-md-1 { flex: 0 0 100%; max-width: 100%; } .wpcpro-row .wpcpro-col-md-2 { flex: 0 0 50%; max-width: 50%; } .wpcpro-row .wpcpro-col-md-2-5 { flex: 0 0 75%; max-width: 75%; } .wpcpro-row .wpcpro-col-md-3 { flex: 0 0 33.333%; max-width: 33.333%; } .wpcpro-row .wpcpro-col-md-4 { flex: 0 0 25%; max-width: 25%; } .wpcpro-row .wpcpro-col-md-5 { flex: 0 0 20%; max-width: 20%; } .wpcpro-row .wpcpro-col-md-6 { flex: 0 0 16.66666666666667%; max-width: 16.66666666666667%; } .wpcpro-row .wpcpro-col-md-7 { flex: 0 0 14.28571428%; max-width: 14.28571428%; } .wpcpro-row .wpcpro-col-md-8 { flex: 0 0 12.5%; max-width: 12.5%; } } @media (min-width: 980px) { .wpcpro-row .wpcpro-col-lg-1 { flex: 0 0 100%; max-width: 100%; } .wpcpro-row .wpcpro-col-lg-2 { flex: 0 0 50%; max-width: 50%; } .wpcpro-row .wpcpro-col-lg-3 { flex: 0 0 33.222%; max-width: 33.222%; } .wpcpro-row .wpcpro-col-lg-4 { flex: 0 0 25%; max-width: 25%; } .wpcpro-row .wpcpro-col-lg-5 { flex: 0 0 20%; max-width: 20%; } .wpcpro-row .wpcpro-col-lg-6 { flex: 0 0 16.6667%; max-width: 16.6667%; } .wpcpro-row .wpcpro-col-lg-7 { flex: 0 0 14.28571428%; max-width: 14.28571428%; } .wpcpro-row .wpcpro-col-lg-8 { flex: 0 0 12.5%; max-width: 12.5%; } } @media (min-width: 1200px) { .wpcpro-row .wpcpro-col-xl-1 { flex: 0 0 100%; max-width: 100%; } .wpcpro-row .wpcpro-col-xl-2 { flex: 0 0 50%; max-width: 50%; } .wpcpro-row .wpcpro-col-xl-3 { flex: 0 0 33.22222222%; max-width: 33.22222222%; } .wpcpro-row .wpcpro-col-xl-4 { flex: 0 0 25%; max-width: 25%; } .wpcpro-row .wpcpro-col-xl-5 { flex: 0 0 20%; max-width: 20%; } .wpcpro-row .wpcpro-col-xl-6 { flex: 0 0 16.66667%; max-width: 16.66667%; } .wpcpro-row .wpcpro-col-xl-7 { flex: 0 0 14.28571428%; max-width: 14.28571428%; } .wpcpro-row .wpcpro-col-xl-8 { flex: 0 0 12.5%; max-width: 12.5%; } }<\/style><div class=\"wpcp-carousel-wrapper wpcp-wrapper-453\">\n\t<div id=\"wpcp-preloader-453\" class=\"wpcp-carousel-preloader\"><img decoding=\"async\" src=\"https:\/\/lzo-im-norden.de\/wp-content\/plugins\/wp-carousel-free\/public\/css\/spinner.svg\" alt=\"Preloader Image\" \/><\/div>\t<div class=\"wpcp-carousel-content-wrapper\">\n\t<div id=\"sp-wp-carousel-free-id-453\" class=\"wpcp-carousel-section sp-wpcp-453  nav-vertical-center wpcp-image-carousel wpcp-preloader wpcp-standard\" data-swiper='{ &quot;pagination_type&quot;: &quot;dots&quot;,&quot;accessibility&quot;:true, &quot;spaceBetween&quot;:20, &quot;arrows&quot;:true, &quot;freeMode&quot;: true, &quot;autoplay&quot;:true, &quot;effect&quot;: &quot;&quot;, &quot;centerMode&quot;: false, &quot;autoplaySpeed&quot;:3000, &quot;dots&quot;:true, &quot;infinite&quot;:true, &quot;speed&quot;:600, &quot;pauseOnHover&quot;:true,\n\t\t\t&quot;slidesToShow&quot;:{&quot;lg_desktop&quot;:3, &quot;desktop&quot;: 2, &quot;laptop&quot;: 2, &quot;tablet&quot;: 1, &quot;mobile&quot;: 1}, &quot;responsive&quot;:{&quot;desktop&quot;:1200, &quot;laptop&quot;: 980, &quot;tablet&quot;: 736, &quot;mobile&quot;: 480}, &quot;rtl&quot;:false, &quot;lazyLoad&quot;: &quot;ondemand&quot;, &quot;swipe&quot;: true, &quot;draggable&quot;: true, &quot;swipeToSlide&quot;:true }' dir=\"ltr\">\n\t\t<div class=\"swiper-wrapper\">\n\t\t<div class=\"swiper-slide\">\n\t<div class=\"wpcp-single-item\">\n\t\t\t<a class=\"wcp-light-box\" data-buttons='[\"close\"]' data-wpc_url='https:\/\/lzo-im-norden.de\/wp-content\/uploads\/2024\/05\/Neumann_Im_Feld-223x300.jpg' href=\"https:\/\/lzo-im-norden.de\/wp-content\/uploads\/2024\/05\/Neumann_Im_Feld.jpg\" data-fancybox=\"wpcp_view\">\n\t\t<figure>\n\t\t\t<img loading=\"lazy\" decoding=\"async\" class=\"wcp-lazy swiper-lazy\" data-src=\"https:\/\/lzo-im-norden.de\/wp-content\/uploads\/2024\/05\/Neumann_Im_Feld-223x300.jpg\" src=\"https:\/\/lzo-im-norden.de\/wp-content\/plugins\/wp-carousel-free\/public\/css\/spinner.svg\" alt=\"Im Feld und auf der Wiese, 2008, \u00d6l auf Leinwand, 160 x 120 cm\" width=\"223\" height=\"300\">\t\t<\/figure>\n\t<\/a>\n\t\t<\/div>\n<\/div>\n\t<div class=\"swiper-slide\">\n\t<div class=\"wpcp-single-item\">\n\t\t\t<a class=\"wcp-light-box\" data-buttons='[\"close\"]' data-wpc_url='https:\/\/lzo-im-norden.de\/wp-content\/uploads\/2024\/05\/neumann_450-1-300x235.jpg' href=\"https:\/\/lzo-im-norden.de\/wp-content\/uploads\/2024\/05\/neumann_450-1.jpg\" data-fancybox=\"wpcp_view\">\n\t\t<figure>\n\t\t\t<img loading=\"lazy\" decoding=\"async\" class=\"wcp-lazy swiper-lazy\" data-src=\"https:\/\/lzo-im-norden.de\/wp-content\/uploads\/2024\/05\/neumann_450-1-300x235.jpg\" src=\"https:\/\/lzo-im-norden.de\/wp-content\/plugins\/wp-carousel-free\/public\/css\/spinner.svg\" alt=\"Im nordischen Paradies, 2008 \u00d6l auf Leinwand 220 x 280 cm\" width=\"300\" height=\"235\">\t\t<\/figure>\n\t<\/a>\n\t\t<\/div>\n<\/div>\n\t\t\t<\/div>\n\t\t\t\t\t<div class=\"wpcp-swiper-dots swiper-pagination\"><\/div>\n\t\t\t\t<!-- If we need navigation buttons -->\n\t\t\t\t\t<div class=\"wpcp-prev-button swiper-button-prev\"><i class=\"fa fa-angle-left\"><\/i><\/div>\n\t\t\t<div class=\"wpcp-next-button swiper-button-next\"><i class=\"fa fa-angle-right\"><\/i><\/div>\n\t\t\t<\/div>\n\t<\/div>\n<\/div>\n\n\n\n\n<div style=\"height:50px\" aria-hidden=\"true\" class=\"wp-block-spacer\"><\/div>\n\n\n\n<p>FASZIATION DES K\u00dcNSTLICHEN<\/p>\n\n\n\n<p>Das Paradies ist ohne S\u00fcndenfall nicht denkbar. Doch in fl\u00e4mischen Bildern des fr\u00fchen 17. Jahrhunderts stellt es sich noch als Ort der Gl\u00fcckseligkeit dar, bev\u00f6lkert von Tieren aller Art, die in harmonischer Koexistenz den vollkommenen Frieden verk\u00f6rpern. Hartmut Neumann kennt nat\u00fcrlich solche Beispiele aus der Kunstgeschichte. Auch seine Paradieslandschaft pr\u00e4sentiert sich als farbpr\u00e4chtige Szenerie aus Flora und Fauna, aber dar\u00fcber hinaus erinnert nichts mehr an die weitr\u00e4umigen Landschaften der Flamen.<br><br>\u201eIm nordischen Paradies\u201c des K\u00fcnstlers kommen nur heimische Tiere vor, tauchen inmitten von Pflanzen Graureiher und Storch, Eichh\u00f6rnchen, Fuchs, Hase und Wildschwein auf. Das Reh \u2013 als Bambi fast schon so tabuisiert wie der \u201aR\u00f6hrende Hirsch\u2019 \u2013 \u00fcbernimmt jeweils die rahmende Au\u00dfenposition. In diesem Garten Eden breiten sich urwaldgleich Feldblumen und Blattwerk, Schoten und Doldengew\u00e4chse aus. \u00c4ste bilden Girlanden, Kr\u00e4nze betonen die vier Eckpunkte des Bildes und formen am Boden Nester. Selbst die Tiere wirken wie aufgesteckte Blumen. Natur und K\u00fcnstlichkeit gehen im paradiesischen Utopia ineinander \u00fcber. Ob Pflanzen, V\u00f6gel, Fuchs \u2013 sie alle sind Teil der gro\u00dfen ornamentalen Umrandung, die das Bildzentrum begrenzt.<br>So \u00f6ffnet sich die \u00fcppige Vegetation wie ein Guckkasten und gibt den Blick auf ein Getreidefeld frei, das in dunstigem Wei\u00df zu verglimmen scheint.&nbsp;<br>Wobei die Sicht in die Weite gleichsam als Sehnsuchtsblick das Atmosph\u00e4rische der norddeutschen Landschaft evoziert. Hinter der Horizontlinie des \u00c4hrenfelds \u00f6ffnet sich ein Raum aus diffusem Licht, changiert ins Zartros\u00e9, verblaut, und nimmt oben ein fast schon mystisches Zitronengelb an. Die Sonne selbst versteckt sich. \u00dcberhaupt die Farben: Sie leuchten und lodern, erscheinen mal durchscheinend zart und fl\u00fcssig wie im Aquarell, dann wieder kompakt. Auch der Stil wechselt. R\u00e4umliches provoziert den fl\u00e4chigen Gegenpart. Da kontrastiert ein abstrahiertes, windradartiges Streifengebilde mit der Realistik der Tiere und dem m\u00e4rchenbuchgleichen Charakter der Flora \u2013 ornamental gez\u00e4hmte Natur, aus der im Bildzentrum der Strohballen wie eine Skulptur auf dunklem Sockel hochragt. Gelborangefarben und bewusst im Pinselduktus van Goghs gemalt, scheint er ins Kreisen zu geraten und wird von einem gestischen Farbwirbel wie eine Feueraureole umstrahlt.<br>Harmlos ist das nicht. Das Bedrohliche dringt in die Natur ein und signalisiert, dass selbst das verwunschene \u201anordische Paradies\u2019 seine Unschuld verliert. So wird die Idee der Idylle konterkariert, der Betrachter gen\u00f6tigt, sich zu Natur und Kreatur und zur Zerst\u00f6rung des Menschheitstraums vom Garten Eden zu verhalten.<br>Immer wieder gibt es in diesem Bild Korrespondenzen: die wirbelf\u00f6rmige Bl\u00fcte gegen\u00fcber dem Windrad, die Kr\u00e4nze, die beiden Rehe, der Fuchs und der isolierte Fuchsschwanz oder das Wildschwein frontal und abgekehrt \u2013 nur noch am Fell erkennbar. Hartmut Neumann fasziniert \u201edie Kunst in der Kunst\u201c, das K\u00fcnstliche, die Irritation. Er geht von abstrakten Konstruktionen aus und plant alles genau durch, doch im Lauf des Malprozesses k\u00f6nnen sich Konstellationen ver\u00e4ndern. Sich selbst bezeichnet er als Sortierer und Ordner, der dennoch mit \u00fcberbordender \u00dcppigkeit malen muss. \u201eIm nordischen Paradies\u201c erf\u00fcllt sich, so konzeptuell der Ansatz auch sein mag, vollkommen Neumanns Forderung: \u201eMan muss auch die Lust an der Malerei sp\u00fcren\u201c (Annette Lettau, Sammlungskatalog \u201eIM NORDEN\u201c , 2009).<\/p>\n","protected":false},"excerpt":{"rendered":"<p>Hartmut Neumann * 1954 in Delmenhorst 1976 &#8211; 1980 Studium an der Hochschule f\u00fcr K\u00fcnste in Bremen bei Rolf Thiele ab 1981 diverse Preise und Stipendien seit 1992 Professur an der Hochschule f\u00fcr Bildende K\u00fcnste in Braunschweig 1992 documenta IX lebt in K\u00f6ln und Braunschweig. Werke FASZIATION DES K\u00dcNSTLICHEN Das Paradies ist ohne S\u00fcndenfall nicht [&hellip;]<\/p>\n","protected":false},"author":1,"featured_media":0,"parent":184,"menu_order":0,"comment_status":"closed","ping_status":"closed","template":"","meta":{"footnotes":""},"class_list":["post-540","page","type-page","status-publish","hentry"],"yoast_head":"<!-- This site is optimized with the Yoast SEO plugin v27.5 - https:\/\/yoast.com\/product\/yoast-seo-wordpress\/ -->\n<title>Hartmut Neumann - IM NORDEN - die Kunstsammlung der Landessparkasse zu Oldenburg<\/title>\n<meta name=\"robots\" content=\"index, follow, max-snippet:-1, max-image-preview:large, max-video-preview:-1\" \/>\n<link rel=\"canonical\" href=\"https:\/\/lzo-im-norden.de\/?page_id=540\" \/>\n<meta property=\"og:locale\" content=\"de_DE\" \/>\n<meta property=\"og:type\" content=\"article\" \/>\n<meta property=\"og:title\" content=\"Hartmut Neumann - IM NORDEN - die Kunstsammlung der Landessparkasse zu Oldenburg\" \/>\n<meta property=\"og:description\" content=\"Hartmut Neumann * 1954 in Delmenhorst 1976 &#8211; 1980 Studium an der Hochschule f\u00fcr K\u00fcnste in Bremen bei Rolf Thiele ab 1981 diverse Preise und Stipendien seit 1992 Professur an der Hochschule f\u00fcr Bildende K\u00fcnste in Braunschweig 1992 documenta IX lebt in K\u00f6ln und Braunschweig. Werke FASZIATION DES K\u00dcNSTLICHEN Das Paradies ist ohne S\u00fcndenfall nicht [&hellip;]\" \/>\n<meta property=\"og:url\" content=\"https:\/\/lzo-im-norden.de\/?page_id=540\" \/>\n<meta property=\"og:site_name\" content=\"IM NORDEN - die Kunstsammlung der Landessparkasse zu Oldenburg\" \/>\n<meta property=\"og:image\" content=\"https:\/\/lzo-im-norden.de\/wp-content\/uploads\/2024\/05\/port-11.jpg\" \/>\n<meta name=\"twitter:card\" content=\"summary_large_image\" \/>\n<meta name=\"twitter:label1\" content=\"Gesch\u00e4tzte Lesezeit\" \/>\n\t<meta name=\"twitter:data1\" content=\"4\u00a0Minuten\" \/>\n<script type=\"application\/ld+json\" class=\"yoast-schema-graph\">{\"@context\":\"https:\\\/\\\/schema.org\",\"@graph\":[{\"@type\":\"WebPage\",\"@id\":\"https:\\\/\\\/lzo-im-norden.de\\\/?page_id=540\",\"url\":\"https:\\\/\\\/lzo-im-norden.de\\\/?page_id=540\",\"name\":\"Hartmut Neumann - IM NORDEN - die Kunstsammlung der Landessparkasse zu Oldenburg\",\"isPartOf\":{\"@id\":\"https:\\\/\\\/lzo-im-norden.de\\\/#website\"},\"primaryImageOfPage\":{\"@id\":\"https:\\\/\\\/lzo-im-norden.de\\\/?page_id=540#primaryimage\"},\"image\":{\"@id\":\"https:\\\/\\\/lzo-im-norden.de\\\/?page_id=540#primaryimage\"},\"thumbnailUrl\":\"https:\\\/\\\/lzo-im-norden.de\\\/wp-content\\\/uploads\\\/2024\\\/05\\\/port-11.jpg\",\"datePublished\":\"2024-05-13T07:23:35+00:00\",\"breadcrumb\":{\"@id\":\"https:\\\/\\\/lzo-im-norden.de\\\/?page_id=540#breadcrumb\"},\"inLanguage\":\"de\",\"potentialAction\":[{\"@type\":\"ReadAction\",\"target\":[\"https:\\\/\\\/lzo-im-norden.de\\\/?page_id=540\"]}]},{\"@type\":\"ImageObject\",\"inLanguage\":\"de\",\"@id\":\"https:\\\/\\\/lzo-im-norden.de\\\/?page_id=540#primaryimage\",\"url\":\"https:\\\/\\\/lzo-im-norden.de\\\/wp-content\\\/uploads\\\/2024\\\/05\\\/port-11.jpg\",\"contentUrl\":\"https:\\\/\\\/lzo-im-norden.de\\\/wp-content\\\/uploads\\\/2024\\\/05\\\/port-11.jpg\",\"width\":150,\"height\":187},{\"@type\":\"BreadcrumbList\",\"@id\":\"https:\\\/\\\/lzo-im-norden.de\\\/?page_id=540#breadcrumb\",\"itemListElement\":[{\"@type\":\"ListItem\",\"position\":1,\"name\":\"Startseite\",\"item\":\"https:\\\/\\\/lzo-im-norden.de\\\/\"},{\"@type\":\"ListItem\",\"position\":2,\"name\":\"Die K\u00fcnstler\",\"item\":\"https:\\\/\\\/lzo-im-norden.de\\\/?page_id=184\"},{\"@type\":\"ListItem\",\"position\":3,\"name\":\"Hartmut Neumann\"}]},{\"@type\":\"WebSite\",\"@id\":\"https:\\\/\\\/lzo-im-norden.de\\\/#website\",\"url\":\"https:\\\/\\\/lzo-im-norden.de\\\/\",\"name\":\"IM NORDEN - die Kunstsammlung der Landessparkasse zu Oldenburg\",\"description\":\"\",\"publisher\":{\"@id\":\"https:\\\/\\\/lzo-im-norden.de\\\/#organization\"},\"potentialAction\":[{\"@type\":\"SearchAction\",\"target\":{\"@type\":\"EntryPoint\",\"urlTemplate\":\"https:\\\/\\\/lzo-im-norden.de\\\/?s={search_term_string}\"},\"query-input\":{\"@type\":\"PropertyValueSpecification\",\"valueRequired\":true,\"valueName\":\"search_term_string\"}}],\"inLanguage\":\"de\"},{\"@type\":\"Organization\",\"@id\":\"https:\\\/\\\/lzo-im-norden.de\\\/#organization\",\"name\":\"IM NORDEN - die Kunstsammlung der Landessparkasse zu Oldenburg\",\"url\":\"https:\\\/\\\/lzo-im-norden.de\\\/\",\"logo\":{\"@type\":\"ImageObject\",\"inLanguage\":\"de\",\"@id\":\"https:\\\/\\\/lzo-im-norden.de\\\/#\\\/schema\\\/logo\\\/image\\\/\",\"url\":\"https:\\\/\\\/lzo-im-norden.de\\\/wp-content\\\/uploads\\\/2024\\\/05\\\/im-norden.png\",\"contentUrl\":\"https:\\\/\\\/lzo-im-norden.de\\\/wp-content\\\/uploads\\\/2024\\\/05\\\/im-norden.png\",\"width\":356,\"height\":105,\"caption\":\"IM NORDEN - die Kunstsammlung der Landessparkasse zu Oldenburg\"},\"image\":{\"@id\":\"https:\\\/\\\/lzo-im-norden.de\\\/#\\\/schema\\\/logo\\\/image\\\/\"}}]}<\/script>\n<!-- \/ Yoast SEO plugin. -->","yoast_head_json":{"title":"Hartmut Neumann - IM NORDEN - die Kunstsammlung der Landessparkasse zu Oldenburg","robots":{"index":"index","follow":"follow","max-snippet":"max-snippet:-1","max-image-preview":"max-image-preview:large","max-video-preview":"max-video-preview:-1"},"canonical":"https:\/\/lzo-im-norden.de\/?page_id=540","og_locale":"de_DE","og_type":"article","og_title":"Hartmut Neumann - IM NORDEN - die Kunstsammlung der Landessparkasse zu Oldenburg","og_description":"Hartmut Neumann * 1954 in Delmenhorst 1976 &#8211; 1980 Studium an der Hochschule f\u00fcr K\u00fcnste in Bremen bei Rolf Thiele ab 1981 diverse Preise und Stipendien seit 1992 Professur an der Hochschule f\u00fcr Bildende K\u00fcnste in Braunschweig 1992 documenta IX lebt in K\u00f6ln und Braunschweig. Werke FASZIATION DES K\u00dcNSTLICHEN Das Paradies ist ohne S\u00fcndenfall nicht [&hellip;]","og_url":"https:\/\/lzo-im-norden.de\/?page_id=540","og_site_name":"IM NORDEN - die Kunstsammlung der Landessparkasse zu Oldenburg","og_image":[{"url":"https:\/\/lzo-im-norden.de\/wp-content\/uploads\/2024\/05\/port-11.jpg","type":"","width":"","height":""}],"twitter_card":"summary_large_image","twitter_misc":{"Gesch\u00e4tzte Lesezeit":"4\u00a0Minuten"},"schema":{"@context":"https:\/\/schema.org","@graph":[{"@type":"WebPage","@id":"https:\/\/lzo-im-norden.de\/?page_id=540","url":"https:\/\/lzo-im-norden.de\/?page_id=540","name":"Hartmut Neumann - IM NORDEN - die Kunstsammlung der Landessparkasse zu Oldenburg","isPartOf":{"@id":"https:\/\/lzo-im-norden.de\/#website"},"primaryImageOfPage":{"@id":"https:\/\/lzo-im-norden.de\/?page_id=540#primaryimage"},"image":{"@id":"https:\/\/lzo-im-norden.de\/?page_id=540#primaryimage"},"thumbnailUrl":"https:\/\/lzo-im-norden.de\/wp-content\/uploads\/2024\/05\/port-11.jpg","datePublished":"2024-05-13T07:23:35+00:00","breadcrumb":{"@id":"https:\/\/lzo-im-norden.de\/?page_id=540#breadcrumb"},"inLanguage":"de","potentialAction":[{"@type":"ReadAction","target":["https:\/\/lzo-im-norden.de\/?page_id=540"]}]},{"@type":"ImageObject","inLanguage":"de","@id":"https:\/\/lzo-im-norden.de\/?page_id=540#primaryimage","url":"https:\/\/lzo-im-norden.de\/wp-content\/uploads\/2024\/05\/port-11.jpg","contentUrl":"https:\/\/lzo-im-norden.de\/wp-content\/uploads\/2024\/05\/port-11.jpg","width":150,"height":187},{"@type":"BreadcrumbList","@id":"https:\/\/lzo-im-norden.de\/?page_id=540#breadcrumb","itemListElement":[{"@type":"ListItem","position":1,"name":"Startseite","item":"https:\/\/lzo-im-norden.de\/"},{"@type":"ListItem","position":2,"name":"Die K\u00fcnstler","item":"https:\/\/lzo-im-norden.de\/?page_id=184"},{"@type":"ListItem","position":3,"name":"Hartmut Neumann"}]},{"@type":"WebSite","@id":"https:\/\/lzo-im-norden.de\/#website","url":"https:\/\/lzo-im-norden.de\/","name":"IM NORDEN - die Kunstsammlung der Landessparkasse zu Oldenburg","description":"","publisher":{"@id":"https:\/\/lzo-im-norden.de\/#organization"},"potentialAction":[{"@type":"SearchAction","target":{"@type":"EntryPoint","urlTemplate":"https:\/\/lzo-im-norden.de\/?s={search_term_string}"},"query-input":{"@type":"PropertyValueSpecification","valueRequired":true,"valueName":"search_term_string"}}],"inLanguage":"de"},{"@type":"Organization","@id":"https:\/\/lzo-im-norden.de\/#organization","name":"IM NORDEN - die Kunstsammlung der Landessparkasse zu Oldenburg","url":"https:\/\/lzo-im-norden.de\/","logo":{"@type":"ImageObject","inLanguage":"de","@id":"https:\/\/lzo-im-norden.de\/#\/schema\/logo\/image\/","url":"https:\/\/lzo-im-norden.de\/wp-content\/uploads\/2024\/05\/im-norden.png","contentUrl":"https:\/\/lzo-im-norden.de\/wp-content\/uploads\/2024\/05\/im-norden.png","width":356,"height":105,"caption":"IM NORDEN - die Kunstsammlung der Landessparkasse zu Oldenburg"},"image":{"@id":"https:\/\/lzo-im-norden.de\/#\/schema\/logo\/image\/"}}]}},"_links":{"self":[{"href":"https:\/\/lzo-im-norden.de\/index.php?rest_route=\/wp\/v2\/pages\/540","targetHints":{"allow":["GET"]}}],"collection":[{"href":"https:\/\/lzo-im-norden.de\/index.php?rest_route=\/wp\/v2\/pages"}],"about":[{"href":"https:\/\/lzo-im-norden.de\/index.php?rest_route=\/wp\/v2\/types\/page"}],"author":[{"embeddable":true,"href":"https:\/\/lzo-im-norden.de\/index.php?rest_route=\/wp\/v2\/users\/1"}],"replies":[{"embeddable":true,"href":"https:\/\/lzo-im-norden.de\/index.php?rest_route=%2Fwp%2Fv2%2Fcomments&post=540"}],"version-history":[{"count":1,"href":"https:\/\/lzo-im-norden.de\/index.php?rest_route=\/wp\/v2\/pages\/540\/revisions"}],"predecessor-version":[{"id":541,"href":"https:\/\/lzo-im-norden.de\/index.php?rest_route=\/wp\/v2\/pages\/540\/revisions\/541"}],"up":[{"embeddable":true,"href":"https:\/\/lzo-im-norden.de\/index.php?rest_route=\/wp\/v2\/pages\/184"}],"wp:attachment":[{"href":"https:\/\/lzo-im-norden.de\/index.php?rest_route=%2Fwp%2Fv2%2Fmedia&parent=540"}],"curies":[{"name":"wp","href":"https:\/\/api.w.org\/{rel}","templated":true}]}}