{"id":545,"date":"2024-05-13T07:26:05","date_gmt":"2024-05-13T07:26:05","guid":{"rendered":"https:\/\/lzo-im-norden.de\/?page_id=545"},"modified":"2024-05-13T07:26:06","modified_gmt":"2024-05-13T07:26:06","slug":"hermann-pitz","status":"publish","type":"page","link":"https:\/\/lzo-im-norden.de\/?page_id=545","title":{"rendered":"Hermann Pitz"},"content":{"rendered":"\n<h1 class=\"wp-block-heading has-text-align-center\">Hermann Pitz<\/h1>\n\n\n\n<div class=\"wp-block-columns is-layout-flex wp-container-core-columns-is-layout-28f84493 wp-block-columns-is-layout-flex\">\n<div class=\"wp-block-column is-layout-flow wp-block-column-is-layout-flow\" style=\"flex-basis:25%\">\n<figure class=\"wp-block-image size-full\"><img loading=\"lazy\" decoding=\"async\" width=\"150\" height=\"186\" src=\"https:\/\/lzo-im-norden.de\/wp-content\/uploads\/2024\/05\/port-16.jpg\" alt=\"\" class=\"wp-image-290\"\/><\/figure>\n<\/div>\n\n\n\n<div class=\"wp-block-column is-layout-flow wp-block-column-is-layout-flow\" style=\"flex-basis:75%\">\n<figure class=\"wp-block-table is-style-stripes\"><table><tbody><tr><td>*1956<\/td><td>in Oldenburg<\/td><\/tr><tr><td>1975 &#8211; 1981<\/td><td>Studium der Malerei an der Hochschule der K\u00fcnste Berlin; Meistersch\u00fcler bei Raimund Girke<\/td><\/tr><tr><td>1987<\/td><td>documenta VIII; Skulptur. Projekte M\u00fcnster<\/td><\/tr><tr><td>1988<\/td><td>Biennale Venedig<\/td><\/tr><tr><td>1992<\/td><td>documenta IX<\/td><\/tr><tr><td>seit 1990<\/td><td>Dozent an der Rijksakademie Amsterdam<\/td><\/tr><tr><td>seit 2002<\/td><td>Lehrstuhl f\u00fcr Bildhauerei an der Akademie der Bildenden K\u00fcnste in M\u00fcnchen<\/td><\/tr><tr><td>seit 2006<\/td><td>Stv. Direktor der Sektion Bildende Kunst der Akademie der K\u00fcnste, Berlin<\/td><\/tr><tr><td colspan=\"2\">zahlreiche Preise und Nominierungen&nbsp;<\/td><\/tr><tr><td colspan=\"2\">internationale Ausstellungst\u00e4tigkeit und<br>Projekte im \u00f6ffentlichen Raum<\/td><\/tr><tr><td colspan=\"2\">lebt in M\u00fcnchen.<\/td><\/tr><\/tbody><\/table><\/figure>\n<\/div>\n<\/div>\n\n\n\n<div style=\"height:50px\" aria-hidden=\"true\" class=\"wp-block-spacer\"><\/div>\n\n\n\n<h1 class=\"wp-block-heading has-text-align-center\">Werke<\/h1>\n\n\n<style id=\"wp_carousel_dynamic_css455\">.sp-wp-carousel-free-id-455.wpcf-fancybox-wrapper .fancybox-bg{background: #0b0b0b;opacity: 0.8;}.sp-wp-carousel-free-id-455.wpcf-fancybox-wrapper .fancybox-navigation .fancybox-button .wpcp-fancybox-nav-arrow i {color: #ccc;}.sp-wp-carousel-free-id-455.wpcf-fancybox-wrapper .fancybox-navigation .fancybox-button .wpcp-fancybox-nav-arrow i:hover {color: #fff;}.sp-wp-carousel-free-id-455.wpcf-fancybox-wrapper .fancybox-navigation .fancybox-button {background: #1e1e1e;}.sp-wp-carousel-free-id-455.wpcf-fancybox-wrapper .fancybox-navigation .fancybox-button:hover {background: #1e1e1e;}#sp-wp-carousel-free-id-455 .wpcp-swiper-dots {margin: 40px 0px 0px 0px;}.wpcp-wrapper-455 .swiper-wrapper .swiper-slide-kenburn, .wpcp-wrapper-455 .swiper-wrapper, .wpcp-wrapper-455 .wpcpro-row{align-items: center;}#sp-wp-carousel-free-id-455 .wpcp-single-item {box-shadow: 0px 0px 0px 0px #dddddd;transition: all .3s;margin: 0px;}#sp-wp-carousel-free-id-455.swiper-flip .wpcp-single-item{margin: 0!important;}#sp-wp-carousel-free-id-455 .wpcp-single-item:hover {box-shadow: 0px 0px 0px 0px #dddddd;}#sp-wp-carousel-free-id-455.sp-wpcp-455 .wpcp-single-item {border: 1px solid transparent;}#sp-wp-carousel-free-id-455.wpcp-carousel-section.sp-wpcp-455 .swiper-button-prev,#sp-wp-carousel-free-id-455.wpcp-carousel-section.sp-wpcp-455 .swiper-button-next,#sp-wp-carousel-free-id-455.wpcp-carousel-section.sp-wpcp-455 .swiper-button-prev:hover,#sp-wp-carousel-free-id-455.wpcp-carousel-section.sp-wpcp-455 .swiper-button-next:hover {font-size: 18px ; font-weight: 400;}#sp-wp-carousel-free-id-455.sp-wpcp-455 .swiper-button-prev,#sp-wp-carousel-free-id-455.sp-wpcp-455 .swiper-button-next,#sp-wp-carousel-free-id-455.sp-wpcp-455 .swiper-button-prev:hover,#sp-wp-carousel-free-id-455.sp-wpcp-455 .swiper-button-next:hover {background: none;border: none;font-size: 30px;}#sp-wp-carousel-free-id-455.sp-wpcp-455 .swiper-button-prev i,#sp-wp-carousel-free-id-455.sp-wpcp-455 .swiper-button-next i {color: #aaa;}#sp-wp-carousel-free-id-455.sp-wpcp-455 .swiper-button-prev i:hover,#sp-wp-carousel-free-id-455.sp-wpcp-455 .swiper-button-next i:hover {color: #d52a29;}#sp-wp-carousel-free-id-455.sp-wpcp-455 .wpcp-swiper-dots .swiper-pagination-bullet {background-color: #cccccc;}#sp-wp-carousel-free-id-455.sp-wpcp-455 .wpcp-swiper-dots .swiper-pagination-bullet.swiper-pagination-bullet-active {background-color: #d52a29;} #sp-wp-carousel-free-id-455.sp-wpcp-455.wpcp-image-carousel .wpcp-single-item:hover img, #sp-wp-carousel-free-id-455.sp-wpcp-455.wpcp-post-carousel .wpcp-single-item:hover img, #sp-wp-carousel-free-id-455.sp-wpcp-455.wpcp-product-carousel .wpcp-single-item:hover img{-webkit-transform: scale(1.2);-moz-transform: scale(1.2);transform: scale(1.2);}#sp-wp-carousel-free-id-455 .wpcpro-row>[class*=\"wpcpro-col-\"] { padding: 0 10px; padding-bottom: 20px;} #sp-wp-carousel-free-id-455 .swiper-slide .single-item-fade:not(:last-child) { margin-right: 20px;}@media (min-width: 480px) { .wpcpro-row .wpcpro-col-sm-1 { flex: 0 0 100%; max-width: 100%; } .wpcpro-row .wpcpro-col-sm-2 { flex: 0 0 50%; max-width: 50%; } .wpcpro-row .wpcpro-col-sm-2-5 { flex: 0 0 75%; max-width: 75%; } .wpcpro-row .wpcpro-col-sm-3 { flex: 0 0 33.333%; max-width: 33.333%; } .wpcpro-row .wpcpro-col-sm-4 { flex: 0 0 25%; max-width: 25%; } .wpcpro-row .wpcpro-col-sm-5 { flex: 0 0 20%; max-width: 20%; } .wpcpro-row .wpcpro-col-sm-6 { flex: 0 0 16.66666666666667%; max-width: 16.66666666666667%; } .wpcpro-row .wpcpro-col-sm-7 { flex: 0 0 14.28571428%; max-width: 14.28571428%; } .wpcpro-row .wpcpro-col-sm-8 { flex: 0 0 12.5%; max-width: 12.5%; } } @media (max-width: 480px) { .wpcpro-row .wpcpro-col-xs-1 { flex: 0 0 100%; max-width: 100%; } .wpcpro-row .wpcpro-col-xs-2 { flex: 0 0 50%; max-width: 50%; } .wpcpro-row .wpcpro-col-xs-3 { flex: 0 0 33.222%; max-width: 33.222%; } .wpcpro-row .wpcpro-col-xs-4 { flex: 0 0 25%; max-width: 25%; } .wpcpro-row .wpcpro-col-xs-5 { flex: 0 0 20%; max-width: 20%; } .wpcpro-row .wpcpro-col-xs-6 { flex: 0 0 16.6667%; max-width: 16.6667%; } .wpcpro-row .wpcpro-col-xs-7 { flex: 0 0 14.28571428%; max-width: 14.28571428%; } .wpcpro-row .wpcpro-col-xs-8 { flex: 0 0 12.5%; max-width: 12.5%; } } @media (min-width: 736px) { .wpcpro-row .wpcpro-col-md-1 { flex: 0 0 100%; max-width: 100%; } .wpcpro-row .wpcpro-col-md-2 { flex: 0 0 50%; max-width: 50%; } .wpcpro-row .wpcpro-col-md-2-5 { flex: 0 0 75%; max-width: 75%; } .wpcpro-row .wpcpro-col-md-3 { flex: 0 0 33.333%; max-width: 33.333%; } .wpcpro-row .wpcpro-col-md-4 { flex: 0 0 25%; max-width: 25%; } .wpcpro-row .wpcpro-col-md-5 { flex: 0 0 20%; max-width: 20%; } .wpcpro-row .wpcpro-col-md-6 { flex: 0 0 16.66666666666667%; max-width: 16.66666666666667%; } .wpcpro-row .wpcpro-col-md-7 { flex: 0 0 14.28571428%; max-width: 14.28571428%; } .wpcpro-row .wpcpro-col-md-8 { flex: 0 0 12.5%; max-width: 12.5%; } } @media (min-width: 980px) { .wpcpro-row .wpcpro-col-lg-1 { flex: 0 0 100%; max-width: 100%; } .wpcpro-row .wpcpro-col-lg-2 { flex: 0 0 50%; max-width: 50%; } .wpcpro-row .wpcpro-col-lg-3 { flex: 0 0 33.222%; max-width: 33.222%; } .wpcpro-row .wpcpro-col-lg-4 { flex: 0 0 25%; max-width: 25%; } .wpcpro-row .wpcpro-col-lg-5 { flex: 0 0 20%; max-width: 20%; } .wpcpro-row .wpcpro-col-lg-6 { flex: 0 0 16.6667%; max-width: 16.6667%; } .wpcpro-row .wpcpro-col-lg-7 { flex: 0 0 14.28571428%; max-width: 14.28571428%; } .wpcpro-row .wpcpro-col-lg-8 { flex: 0 0 12.5%; max-width: 12.5%; } } @media (min-width: 1200px) { .wpcpro-row .wpcpro-col-xl-1 { flex: 0 0 100%; max-width: 100%; } .wpcpro-row .wpcpro-col-xl-2 { flex: 0 0 50%; max-width: 50%; } .wpcpro-row .wpcpro-col-xl-3 { flex: 0 0 33.22222222%; max-width: 33.22222222%; } .wpcpro-row .wpcpro-col-xl-4 { flex: 0 0 25%; max-width: 25%; } .wpcpro-row .wpcpro-col-xl-5 { flex: 0 0 20%; max-width: 20%; } .wpcpro-row .wpcpro-col-xl-6 { flex: 0 0 16.66667%; max-width: 16.66667%; } .wpcpro-row .wpcpro-col-xl-7 { flex: 0 0 14.28571428%; max-width: 14.28571428%; } .wpcpro-row .wpcpro-col-xl-8 { flex: 0 0 12.5%; max-width: 12.5%; } }<\/style><div class=\"wpcp-carousel-wrapper wpcp-wrapper-455\">\n\t<div id=\"wpcp-preloader-455\" class=\"wpcp-carousel-preloader\"><img decoding=\"async\" src=\"https:\/\/lzo-im-norden.de\/wp-content\/plugins\/wp-carousel-free\/public\/css\/spinner.svg\" alt=\"Preloader Image\" \/><\/div>\t<div class=\"wpcp-carousel-content-wrapper\">\n\t<div id=\"sp-wp-carousel-free-id-455\" class=\"wpcp-carousel-section sp-wpcp-455  nav-vertical-center wpcp-image-carousel wpcp-preloader wpcp-standard\" data-swiper='{ &quot;pagination_type&quot;: &quot;dots&quot;,&quot;accessibility&quot;:true, &quot;spaceBetween&quot;:20, &quot;arrows&quot;:true, &quot;freeMode&quot;: true, &quot;autoplay&quot;:true, &quot;effect&quot;: &quot;&quot;, &quot;centerMode&quot;: false, &quot;autoplaySpeed&quot;:3000, &quot;dots&quot;:true, &quot;infinite&quot;:true, &quot;speed&quot;:600, &quot;pauseOnHover&quot;:true,\n\t\t\t&quot;slidesToShow&quot;:{&quot;lg_desktop&quot;:3, &quot;desktop&quot;: 2, &quot;laptop&quot;: 2, &quot;tablet&quot;: 1, &quot;mobile&quot;: 1}, &quot;responsive&quot;:{&quot;desktop&quot;:1200, &quot;laptop&quot;: 980, &quot;tablet&quot;: 736, &quot;mobile&quot;: 480}, &quot;rtl&quot;:false, &quot;lazyLoad&quot;: &quot;ondemand&quot;, &quot;swipe&quot;: true, &quot;draggable&quot;: true, &quot;swipeToSlide&quot;:true }' dir=\"ltr\">\n\t\t<div class=\"swiper-wrapper\">\n\t\t<div class=\"swiper-slide\">\n\t<div class=\"wpcp-single-item\">\n\t\t\t<a class=\"wcp-light-box\" data-buttons='[\"close\"]' data-wpc_url='https:\/\/lzo-im-norden.de\/wp-content\/uploads\/2024\/05\/pitz-1_450-300x292.jpg' href=\"https:\/\/lzo-im-norden.de\/wp-content\/uploads\/2024\/05\/pitz-1_450.jpg\" data-fancybox=\"wpcp_view\">\n\t\t<figure>\n\t\t\t<img loading=\"lazy\" decoding=\"async\" class=\"wcp-lazy swiper-lazy\" data-src=\"https:\/\/lzo-im-norden.de\/wp-content\/uploads\/2024\/05\/pitz-1_450-300x292.jpg\" src=\"https:\/\/lzo-im-norden.de\/wp-content\/plugins\/wp-carousel-free\/public\/css\/spinner.svg\" alt=\"Arch\u00e4ologie des Ortes \/ Mikro-Landschaft Aluminium, 2008\/2009 ca. 220 x 700 x 220 cm\" width=\"300\" height=\"292\">\t\t<\/figure>\n\t<\/a>\n\t\t<\/div>\n<\/div>\n\t<div class=\"swiper-slide\">\n\t<div class=\"wpcp-single-item\">\n\t\t\t<a class=\"wcp-light-box\" data-buttons='[\"close\"]' data-wpc_url='https:\/\/lzo-im-norden.de\/wp-content\/uploads\/2024\/05\/pitz_detail_3-200x300.jpg' href=\"https:\/\/lzo-im-norden.de\/wp-content\/uploads\/2024\/05\/pitz_detail_3.jpg\" data-fancybox=\"wpcp_view\">\n\t\t<figure>\n\t\t\t<img loading=\"lazy\" decoding=\"async\" class=\"wcp-lazy swiper-lazy\" data-src=\"https:\/\/lzo-im-norden.de\/wp-content\/uploads\/2024\/05\/pitz_detail_3-200x300.jpg\" src=\"https:\/\/lzo-im-norden.de\/wp-content\/plugins\/wp-carousel-free\/public\/css\/spinner.svg\" alt=\"pitz_detail_3\" width=\"200\" height=\"300\">\t\t<\/figure>\n\t<\/a>\n\t\t<\/div>\n<\/div>\n\t<div class=\"swiper-slide\">\n\t<div class=\"wpcp-single-item\">\n\t\t\t<a class=\"wcp-light-box\" data-buttons='[\"close\"]' data-wpc_url='https:\/\/lzo-im-norden.de\/wp-content\/uploads\/2024\/05\/pitz_detail_2-300x200.jpg' href=\"https:\/\/lzo-im-norden.de\/wp-content\/uploads\/2024\/05\/pitz_detail_2.jpg\" data-fancybox=\"wpcp_view\">\n\t\t<figure>\n\t\t\t<img loading=\"lazy\" decoding=\"async\" class=\"wcp-lazy swiper-lazy\" data-src=\"https:\/\/lzo-im-norden.de\/wp-content\/uploads\/2024\/05\/pitz_detail_2-300x200.jpg\" src=\"https:\/\/lzo-im-norden.de\/wp-content\/plugins\/wp-carousel-free\/public\/css\/spinner.svg\" alt=\"pitz_detail_2\" width=\"300\" height=\"200\">\t\t<\/figure>\n\t<\/a>\n\t\t<\/div>\n<\/div>\n\t\t\t<\/div>\n\t\t\t\t\t<div class=\"wpcp-swiper-dots swiper-pagination\"><\/div>\n\t\t\t\t<!-- If we need navigation buttons -->\n\t\t\t\t\t<div class=\"wpcp-prev-button swiper-button-prev\"><i class=\"fa fa-angle-left\"><\/i><\/div>\n\t\t\t<div class=\"wpcp-next-button swiper-button-next\"><i class=\"fa fa-angle-right\"><\/i><\/div>\n\t\t\t<\/div>\n\t<\/div>\n<\/div>\n\n\n\n\n<div style=\"height:50px\" aria-hidden=\"true\" class=\"wp-block-spacer\"><\/div>\n\n\n\n<p>HISTORISCHE SCHICHTUNGEN<\/p>\n\n\n\n<p>In den letzten Jahren sind durch Satelliten\u00fcbertragung, Navigationssysteme und Anbieter wie Google Earth h\u00f6chst komplexe kartographische Techniken und Verfahren zu Alltagsinstrumentarien geworden. Noch ist nicht abzusehen, welche Folgen sie auf unser Weltbild haben werden. Die Auseinandersetzung damit hat auch im k\u00fcnstlerischen Bereich eine starke Resonanz erfahren.&nbsp;<\/p>\n\n\n\n<p>Der j\u00fcngere Begriff des \u201eMapping\u201c umschreibt eine Strategie, die sich im weitesten Sinne durch das bewusste Vermessen, Analysieren, Strukturieren und Kartographieren geographischer, statistischer, historischer, symbolischer oder metaphorischer R\u00e4ume kennzeichnet.<\/p>\n\n\n\n<p>Hermann Pitz hat sich seit den fr\u00fchen 1980er Jahren mit Landkarten und kartographischen Methoden besch\u00e4ftigt und verschiedene Formen des \u201eMapping\u201c entwickelt.&nbsp;<\/p>\n\n\n\n<p>Die Ver\u00e4nderung der Ma\u00dfst\u00e4be, vor allem die Miniaturisierung von Landschaften, die Betrachtung durch Linsen und Sehapparate, die Deformierung von Objekten auf der Wahrnehmungsebene sind grundlegende Themen des K\u00fcnstlers. Was bedeutet es letztlich, wenn eine Landschaft auf die Fl\u00e4che projiziert wird?<\/p>\n\n\n\n<p>F\u00fcr den Neubau der Landessparkasse zu Oldenburg hat Pitz eine gro\u00dfformatige Skulptur entworfen, die sich mit den historischen Schichtungen und der perspektivischen Relativiertheit kartographischer Darstellungen besch\u00e4ftigt.<\/p>\n\n\n\n<p>Ausgangspunkt sind historische Darstellungen der Grund- fl\u00e4che der Grafschaft bzw. des Herzogtums und ehemaligen Landes Oldenburg. Die prominent im Atrium pr\u00e4sentierte Skulptur besteht aus einem tisch\u00e4hnlichen Rahmen und 19 Elementen von gefr\u00e4sten Umrisszeichnungen geografischer Fl\u00e4chen. Diese sind als Aluminiumplatten ausgef\u00fchrt, auf deren matt gl\u00e4nzender Oberfl\u00e4che starke Sonnenlichtspiegelungen m\u00f6glich sind. Mit ihrem Scherenschnitt- Charakter schafft der K\u00fcnstler ein \u201eretinales Bild im Gegenlicht\u201c (Pitz), das sich zudem gegen die stark aufgerasterten Glasfronten der Architektur zu behaupten wei\u00df. Einige Kartenumrisse liegen auf den Rahmenkanten des oberfl\u00e4chenlosen Tisches, andere sind im Rahmenfeld vertikal \u00fcbereinandergelehnt, wieder andere sind am Tischrahmen befestigt oder befinden sich unter dem Tisch. Pitz verr\u00e4umlicht derart ein kartographisches Geflecht verschiedener Quellen und Zeiten, darunter Darstellungen aus den Jahren 1546, 1618, 1648, 1815, 1877 und 1966 und vergegenw\u00e4rtigt damit auch gr\u00f6\u00dfere historische Ereignisse wie die Reformationsbewegung, den Drei\u00dfigj\u00e4hrigen Krieg, die Befreiungskriege und Phasen der Verwaltungsreform.<\/p>\n\n\n\n<p>Kartographien sind immer mit territorialen Machtanspr\u00fcchen verkn\u00fcpft. So zeigen Landkarten gemeinhin einen schematisierten, \u00fcberdehnten und verformten Blick auf das Territorium, das sie darstellen. Pitz zeigt mit der Anordnung seiner Elemente nicht nur territoriale Ver\u00e4nderungen, sondern vor allem auch perspektivische Verschiebungen auf. Bisweilen verselbstst\u00e4ndigen sich so figurative Metamorphosen. Um der Wandelbarkeit der Formen doch einen Halt zu geben, entschied sich der K\u00fcnstler, den Namen des Landes einzuarbeiten, auch markierend, dass die Nomenklatur essentieller Bestandteil einer Karte ist.<\/p>\n\n\n\n<p>Deutlich bleibt aber vor allem der symbolische Gehalt, den der fragmentarische Charakter der Darstellung besitzt. Eine Karte ist immer aus Segmenten zusammengesetzt, und auch die jetzige Geschichte Oldenburgs bleibt nur Teil eines h\u00f6heren Zusammenhanges, in der die \u201eLokalit\u00e4t des Ereignishaften\u201c (Marie-Ange Brayer) die geographische Globalisierung immer wieder zu irritieren wei\u00df.<\/p>\n\n\n\n<p>(Sabine Maria Schmidt , Sammlungskatalog \u201eIM NORDEN\u201c, 2009)<\/p>\n","protected":false},"excerpt":{"rendered":"<p>Hermann Pitz *1956 in Oldenburg 1975 &#8211; 1981 Studium der Malerei an der Hochschule der K\u00fcnste Berlin; Meistersch\u00fcler bei Raimund Girke 1987 documenta VIII; Skulptur. Projekte M\u00fcnster 1988 Biennale Venedig 1992 documenta IX seit 1990 Dozent an der Rijksakademie Amsterdam seit 2002 Lehrstuhl f\u00fcr Bildhauerei an der Akademie der Bildenden K\u00fcnste in M\u00fcnchen seit 2006 [&hellip;]<\/p>\n","protected":false},"author":1,"featured_media":0,"parent":184,"menu_order":0,"comment_status":"closed","ping_status":"closed","template":"","meta":{"footnotes":""},"class_list":["post-545","page","type-page","status-publish","hentry"],"yoast_head":"<!-- This site is optimized with the Yoast SEO plugin v27.4 - https:\/\/yoast.com\/product\/yoast-seo-wordpress\/ -->\n<title>Hermann Pitz - IM NORDEN - die Kunstsammlung der Landessparkasse zu Oldenburg<\/title>\n<meta name=\"robots\" content=\"index, follow, max-snippet:-1, max-image-preview:large, max-video-preview:-1\" \/>\n<link rel=\"canonical\" href=\"https:\/\/lzo-im-norden.de\/?page_id=545\" \/>\n<meta property=\"og:locale\" content=\"de_DE\" \/>\n<meta property=\"og:type\" content=\"article\" \/>\n<meta property=\"og:title\" content=\"Hermann Pitz - IM NORDEN - die Kunstsammlung der Landessparkasse zu Oldenburg\" \/>\n<meta property=\"og:description\" content=\"Hermann Pitz *1956 in Oldenburg 1975 &#8211; 1981 Studium der Malerei an der Hochschule der K\u00fcnste Berlin; Meistersch\u00fcler bei Raimund Girke 1987 documenta VIII; Skulptur. Projekte M\u00fcnster 1988 Biennale Venedig 1992 documenta IX seit 1990 Dozent an der Rijksakademie Amsterdam seit 2002 Lehrstuhl f\u00fcr Bildhauerei an der Akademie der Bildenden K\u00fcnste in M\u00fcnchen seit 2006 [&hellip;]\" \/>\n<meta property=\"og:url\" content=\"https:\/\/lzo-im-norden.de\/?page_id=545\" \/>\n<meta property=\"og:site_name\" content=\"IM NORDEN - die Kunstsammlung der Landessparkasse zu Oldenburg\" \/>\n<meta property=\"article:modified_time\" content=\"2024-05-13T07:26:06+00:00\" \/>\n<meta property=\"og:image\" content=\"https:\/\/lzo-im-norden.de\/wp-content\/uploads\/2024\/05\/port-16.jpg\" \/>\n<meta name=\"twitter:card\" content=\"summary_large_image\" \/>\n<meta name=\"twitter:label1\" content=\"Gesch\u00e4tzte Lesezeit\" \/>\n\t<meta name=\"twitter:data1\" content=\"4\u00a0Minuten\" \/>\n<script type=\"application\/ld+json\" class=\"yoast-schema-graph\">{\"@context\":\"https:\\\/\\\/schema.org\",\"@graph\":[{\"@type\":\"WebPage\",\"@id\":\"https:\\\/\\\/lzo-im-norden.de\\\/?page_id=545\",\"url\":\"https:\\\/\\\/lzo-im-norden.de\\\/?page_id=545\",\"name\":\"Hermann Pitz - IM NORDEN - die Kunstsammlung der Landessparkasse zu Oldenburg\",\"isPartOf\":{\"@id\":\"https:\\\/\\\/lzo-im-norden.de\\\/#website\"},\"primaryImageOfPage\":{\"@id\":\"https:\\\/\\\/lzo-im-norden.de\\\/?page_id=545#primaryimage\"},\"image\":{\"@id\":\"https:\\\/\\\/lzo-im-norden.de\\\/?page_id=545#primaryimage\"},\"thumbnailUrl\":\"https:\\\/\\\/lzo-im-norden.de\\\/wp-content\\\/uploads\\\/2024\\\/05\\\/port-16.jpg\",\"datePublished\":\"2024-05-13T07:26:05+00:00\",\"dateModified\":\"2024-05-13T07:26:06+00:00\",\"breadcrumb\":{\"@id\":\"https:\\\/\\\/lzo-im-norden.de\\\/?page_id=545#breadcrumb\"},\"inLanguage\":\"de\",\"potentialAction\":[{\"@type\":\"ReadAction\",\"target\":[\"https:\\\/\\\/lzo-im-norden.de\\\/?page_id=545\"]}]},{\"@type\":\"ImageObject\",\"inLanguage\":\"de\",\"@id\":\"https:\\\/\\\/lzo-im-norden.de\\\/?page_id=545#primaryimage\",\"url\":\"https:\\\/\\\/lzo-im-norden.de\\\/wp-content\\\/uploads\\\/2024\\\/05\\\/port-16.jpg\",\"contentUrl\":\"https:\\\/\\\/lzo-im-norden.de\\\/wp-content\\\/uploads\\\/2024\\\/05\\\/port-16.jpg\",\"width\":150,\"height\":186},{\"@type\":\"BreadcrumbList\",\"@id\":\"https:\\\/\\\/lzo-im-norden.de\\\/?page_id=545#breadcrumb\",\"itemListElement\":[{\"@type\":\"ListItem\",\"position\":1,\"name\":\"Startseite\",\"item\":\"https:\\\/\\\/lzo-im-norden.de\\\/\"},{\"@type\":\"ListItem\",\"position\":2,\"name\":\"Die K\u00fcnstler\",\"item\":\"https:\\\/\\\/lzo-im-norden.de\\\/?page_id=184\"},{\"@type\":\"ListItem\",\"position\":3,\"name\":\"Hermann Pitz\"}]},{\"@type\":\"WebSite\",\"@id\":\"https:\\\/\\\/lzo-im-norden.de\\\/#website\",\"url\":\"https:\\\/\\\/lzo-im-norden.de\\\/\",\"name\":\"IM NORDEN - die Kunstsammlung der Landessparkasse zu Oldenburg\",\"description\":\"\",\"publisher\":{\"@id\":\"https:\\\/\\\/lzo-im-norden.de\\\/#organization\"},\"potentialAction\":[{\"@type\":\"SearchAction\",\"target\":{\"@type\":\"EntryPoint\",\"urlTemplate\":\"https:\\\/\\\/lzo-im-norden.de\\\/?s={search_term_string}\"},\"query-input\":{\"@type\":\"PropertyValueSpecification\",\"valueRequired\":true,\"valueName\":\"search_term_string\"}}],\"inLanguage\":\"de\"},{\"@type\":\"Organization\",\"@id\":\"https:\\\/\\\/lzo-im-norden.de\\\/#organization\",\"name\":\"IM NORDEN - die Kunstsammlung der Landessparkasse zu Oldenburg\",\"url\":\"https:\\\/\\\/lzo-im-norden.de\\\/\",\"logo\":{\"@type\":\"ImageObject\",\"inLanguage\":\"de\",\"@id\":\"https:\\\/\\\/lzo-im-norden.de\\\/#\\\/schema\\\/logo\\\/image\\\/\",\"url\":\"https:\\\/\\\/lzo-im-norden.de\\\/wp-content\\\/uploads\\\/2024\\\/05\\\/im-norden.png\",\"contentUrl\":\"https:\\\/\\\/lzo-im-norden.de\\\/wp-content\\\/uploads\\\/2024\\\/05\\\/im-norden.png\",\"width\":356,\"height\":105,\"caption\":\"IM NORDEN - die Kunstsammlung der Landessparkasse zu Oldenburg\"},\"image\":{\"@id\":\"https:\\\/\\\/lzo-im-norden.de\\\/#\\\/schema\\\/logo\\\/image\\\/\"}}]}<\/script>\n<!-- \/ Yoast SEO plugin. -->","yoast_head_json":{"title":"Hermann Pitz - IM NORDEN - die Kunstsammlung der Landessparkasse zu Oldenburg","robots":{"index":"index","follow":"follow","max-snippet":"max-snippet:-1","max-image-preview":"max-image-preview:large","max-video-preview":"max-video-preview:-1"},"canonical":"https:\/\/lzo-im-norden.de\/?page_id=545","og_locale":"de_DE","og_type":"article","og_title":"Hermann Pitz - IM NORDEN - die Kunstsammlung der Landessparkasse zu Oldenburg","og_description":"Hermann Pitz *1956 in Oldenburg 1975 &#8211; 1981 Studium der Malerei an der Hochschule der K\u00fcnste Berlin; Meistersch\u00fcler bei Raimund Girke 1987 documenta VIII; Skulptur. Projekte M\u00fcnster 1988 Biennale Venedig 1992 documenta IX seit 1990 Dozent an der Rijksakademie Amsterdam seit 2002 Lehrstuhl f\u00fcr Bildhauerei an der Akademie der Bildenden K\u00fcnste in M\u00fcnchen seit 2006 [&hellip;]","og_url":"https:\/\/lzo-im-norden.de\/?page_id=545","og_site_name":"IM NORDEN - die Kunstsammlung der Landessparkasse zu Oldenburg","article_modified_time":"2024-05-13T07:26:06+00:00","og_image":[{"url":"https:\/\/lzo-im-norden.de\/wp-content\/uploads\/2024\/05\/port-16.jpg","type":"","width":"","height":""}],"twitter_card":"summary_large_image","twitter_misc":{"Gesch\u00e4tzte Lesezeit":"4\u00a0Minuten"},"schema":{"@context":"https:\/\/schema.org","@graph":[{"@type":"WebPage","@id":"https:\/\/lzo-im-norden.de\/?page_id=545","url":"https:\/\/lzo-im-norden.de\/?page_id=545","name":"Hermann Pitz - IM NORDEN - die Kunstsammlung der Landessparkasse zu Oldenburg","isPartOf":{"@id":"https:\/\/lzo-im-norden.de\/#website"},"primaryImageOfPage":{"@id":"https:\/\/lzo-im-norden.de\/?page_id=545#primaryimage"},"image":{"@id":"https:\/\/lzo-im-norden.de\/?page_id=545#primaryimage"},"thumbnailUrl":"https:\/\/lzo-im-norden.de\/wp-content\/uploads\/2024\/05\/port-16.jpg","datePublished":"2024-05-13T07:26:05+00:00","dateModified":"2024-05-13T07:26:06+00:00","breadcrumb":{"@id":"https:\/\/lzo-im-norden.de\/?page_id=545#breadcrumb"},"inLanguage":"de","potentialAction":[{"@type":"ReadAction","target":["https:\/\/lzo-im-norden.de\/?page_id=545"]}]},{"@type":"ImageObject","inLanguage":"de","@id":"https:\/\/lzo-im-norden.de\/?page_id=545#primaryimage","url":"https:\/\/lzo-im-norden.de\/wp-content\/uploads\/2024\/05\/port-16.jpg","contentUrl":"https:\/\/lzo-im-norden.de\/wp-content\/uploads\/2024\/05\/port-16.jpg","width":150,"height":186},{"@type":"BreadcrumbList","@id":"https:\/\/lzo-im-norden.de\/?page_id=545#breadcrumb","itemListElement":[{"@type":"ListItem","position":1,"name":"Startseite","item":"https:\/\/lzo-im-norden.de\/"},{"@type":"ListItem","position":2,"name":"Die K\u00fcnstler","item":"https:\/\/lzo-im-norden.de\/?page_id=184"},{"@type":"ListItem","position":3,"name":"Hermann Pitz"}]},{"@type":"WebSite","@id":"https:\/\/lzo-im-norden.de\/#website","url":"https:\/\/lzo-im-norden.de\/","name":"IM NORDEN - die Kunstsammlung der Landessparkasse zu Oldenburg","description":"","publisher":{"@id":"https:\/\/lzo-im-norden.de\/#organization"},"potentialAction":[{"@type":"SearchAction","target":{"@type":"EntryPoint","urlTemplate":"https:\/\/lzo-im-norden.de\/?s={search_term_string}"},"query-input":{"@type":"PropertyValueSpecification","valueRequired":true,"valueName":"search_term_string"}}],"inLanguage":"de"},{"@type":"Organization","@id":"https:\/\/lzo-im-norden.de\/#organization","name":"IM NORDEN - die Kunstsammlung der Landessparkasse zu Oldenburg","url":"https:\/\/lzo-im-norden.de\/","logo":{"@type":"ImageObject","inLanguage":"de","@id":"https:\/\/lzo-im-norden.de\/#\/schema\/logo\/image\/","url":"https:\/\/lzo-im-norden.de\/wp-content\/uploads\/2024\/05\/im-norden.png","contentUrl":"https:\/\/lzo-im-norden.de\/wp-content\/uploads\/2024\/05\/im-norden.png","width":356,"height":105,"caption":"IM NORDEN - die Kunstsammlung der Landessparkasse zu Oldenburg"},"image":{"@id":"https:\/\/lzo-im-norden.de\/#\/schema\/logo\/image\/"}}]}},"_links":{"self":[{"href":"https:\/\/lzo-im-norden.de\/index.php?rest_route=\/wp\/v2\/pages\/545","targetHints":{"allow":["GET"]}}],"collection":[{"href":"https:\/\/lzo-im-norden.de\/index.php?rest_route=\/wp\/v2\/pages"}],"about":[{"href":"https:\/\/lzo-im-norden.de\/index.php?rest_route=\/wp\/v2\/types\/page"}],"author":[{"embeddable":true,"href":"https:\/\/lzo-im-norden.de\/index.php?rest_route=\/wp\/v2\/users\/1"}],"replies":[{"embeddable":true,"href":"https:\/\/lzo-im-norden.de\/index.php?rest_route=%2Fwp%2Fv2%2Fcomments&post=545"}],"version-history":[{"count":1,"href":"https:\/\/lzo-im-norden.de\/index.php?rest_route=\/wp\/v2\/pages\/545\/revisions"}],"predecessor-version":[{"id":546,"href":"https:\/\/lzo-im-norden.de\/index.php?rest_route=\/wp\/v2\/pages\/545\/revisions\/546"}],"up":[{"embeddable":true,"href":"https:\/\/lzo-im-norden.de\/index.php?rest_route=\/wp\/v2\/pages\/184"}],"wp:attachment":[{"href":"https:\/\/lzo-im-norden.de\/index.php?rest_route=%2Fwp%2Fv2%2Fmedia&parent=545"}],"curies":[{"name":"wp","href":"https:\/\/api.w.org\/{rel}","templated":true}]}}