{"id":562,"date":"2024-05-13T07:37:38","date_gmt":"2024-05-13T07:37:38","guid":{"rendered":"https:\/\/lzo-im-norden.de\/?page_id=562"},"modified":"2024-05-13T07:37:39","modified_gmt":"2024-05-13T07:37:39","slug":"matthias-schoenfelder","status":"publish","type":"page","link":"https:\/\/lzo-im-norden.de\/?page_id=562","title":{"rendered":"Matthias Schoenfelder"},"content":{"rendered":"\n<h1 class=\"wp-block-heading has-text-align-center\">Matthias Schoenfelder<\/h1>\n\n\n\n<div class=\"wp-block-columns is-layout-flex wp-container-core-columns-is-layout-28f84493 wp-block-columns-is-layout-flex\">\n<div class=\"wp-block-column is-layout-flow wp-block-column-is-layout-flow\" style=\"flex-basis:25%\">\n<figure class=\"wp-block-image size-full\"><img loading=\"lazy\" decoding=\"async\" width=\"150\" height=\"180\" src=\"https:\/\/lzo-im-norden.de\/wp-content\/uploads\/2024\/05\/port-33.jpg\" alt=\"\" class=\"wp-image-369\"\/><\/figure>\n<\/div>\n\n\n\n<div class=\"wp-block-column is-layout-flow wp-block-column-is-layout-flow\" style=\"flex-basis:75%\">\n<figure class=\"wp-block-table is-style-stripes\"><table><tbody><tr><td>* 1957<\/td><td>in L\u00fcneburg<\/td><\/tr><tr><td>1970 &#8211; 1975<\/td><td>Auslandsaufenthalt Chile<\/td><\/tr><tr><td>1977 &#8211; 1989<\/td><td>Studium der Kunst, Philosophie, Sprachwissenschaft und Soziologie in&nbsp;<br>Braunschweig, Hannover, Hamburg und Oldenburg<\/td><\/tr><tr><td>seit 1987<\/td><td>selbstst\u00e4ndige k\u00fcnstlerische Arbeit<\/td><\/tr><tr><td>seit 1990<\/td><td>Ausstellungst\u00e4tigkeit im In- und Ausland<\/td><\/tr><tr><td colspan=\"2\"><\/td><\/tr><tr><td colspan=\"2\">lebt und arbeitet in Oldenburg.<\/td><\/tr><tr><td colspan=\"2\"><a href=\"http:\/\/www.m-sch.de\/\">www.m-sch.de<\/a><\/td><\/tr><\/tbody><\/table><\/figure>\n<\/div>\n<\/div>\n\n\n\n<div style=\"height:50px\" aria-hidden=\"true\" class=\"wp-block-spacer\"><\/div>\n\n\n\n<h1 class=\"wp-block-heading has-text-align-center\">Werke<\/h1>\n\n\n<style id=\"wp_carousel_dynamic_css465\">.sp-wp-carousel-free-id-465.wpcf-fancybox-wrapper .fancybox-bg{background: #0b0b0b;opacity: 0.8;}.sp-wp-carousel-free-id-465.wpcf-fancybox-wrapper .fancybox-navigation .fancybox-button .wpcp-fancybox-nav-arrow i {color: #ccc;}.sp-wp-carousel-free-id-465.wpcf-fancybox-wrapper .fancybox-navigation .fancybox-button .wpcp-fancybox-nav-arrow i:hover {color: #fff;}.sp-wp-carousel-free-id-465.wpcf-fancybox-wrapper .fancybox-navigation .fancybox-button {background: #1e1e1e;}.sp-wp-carousel-free-id-465.wpcf-fancybox-wrapper .fancybox-navigation .fancybox-button:hover {background: #1e1e1e;}#sp-wp-carousel-free-id-465 .wpcp-swiper-dots {margin: 40px 0px 0px 0px;}.wpcp-wrapper-465 .swiper-wrapper .swiper-slide-kenburn, .wpcp-wrapper-465 .swiper-wrapper, .wpcp-wrapper-465 .wpcpro-row{align-items: center;}#sp-wp-carousel-free-id-465 .wpcp-single-item {box-shadow: 0px 0px 0px 0px #dddddd;transition: all .3s;margin: 0px;}#sp-wp-carousel-free-id-465.swiper-flip .wpcp-single-item{margin: 0!important;}#sp-wp-carousel-free-id-465 .wpcp-single-item:hover {box-shadow: 0px 0px 0px 0px #dddddd;}#sp-wp-carousel-free-id-465.sp-wpcp-465 .wpcp-single-item {border: 1px solid transparent;}#sp-wp-carousel-free-id-465.wpcp-carousel-section.sp-wpcp-465 .swiper-button-prev,#sp-wp-carousel-free-id-465.wpcp-carousel-section.sp-wpcp-465 .swiper-button-next,#sp-wp-carousel-free-id-465.wpcp-carousel-section.sp-wpcp-465 .swiper-button-prev:hover,#sp-wp-carousel-free-id-465.wpcp-carousel-section.sp-wpcp-465 .swiper-button-next:hover {font-size: 18px ; font-weight: 400;}#sp-wp-carousel-free-id-465.sp-wpcp-465 .swiper-button-prev,#sp-wp-carousel-free-id-465.sp-wpcp-465 .swiper-button-next,#sp-wp-carousel-free-id-465.sp-wpcp-465 .swiper-button-prev:hover,#sp-wp-carousel-free-id-465.sp-wpcp-465 .swiper-button-next:hover {background: none;border: none;font-size: 30px;}#sp-wp-carousel-free-id-465.sp-wpcp-465 .swiper-button-prev i,#sp-wp-carousel-free-id-465.sp-wpcp-465 .swiper-button-next i {color: #aaa;}#sp-wp-carousel-free-id-465.sp-wpcp-465 .swiper-button-prev i:hover,#sp-wp-carousel-free-id-465.sp-wpcp-465 .swiper-button-next i:hover {color: #d52a29;}#sp-wp-carousel-free-id-465.sp-wpcp-465 .wpcp-swiper-dots .swiper-pagination-bullet {background-color: #cccccc;}#sp-wp-carousel-free-id-465.sp-wpcp-465 .wpcp-swiper-dots .swiper-pagination-bullet.swiper-pagination-bullet-active {background-color: #d52a29;} #sp-wp-carousel-free-id-465.sp-wpcp-465.wpcp-image-carousel .wpcp-single-item:hover img, #sp-wp-carousel-free-id-465.sp-wpcp-465.wpcp-post-carousel .wpcp-single-item:hover img, #sp-wp-carousel-free-id-465.sp-wpcp-465.wpcp-product-carousel .wpcp-single-item:hover img{-webkit-transform: scale(1.2);-moz-transform: scale(1.2);transform: scale(1.2);}#sp-wp-carousel-free-id-465 .wpcpro-row>[class*=\"wpcpro-col-\"] { padding: 0 10px; padding-bottom: 20px;} #sp-wp-carousel-free-id-465 .swiper-slide .single-item-fade:not(:last-child) { margin-right: 20px;}@media (min-width: 480px) { .wpcpro-row .wpcpro-col-sm-1 { flex: 0 0 100%; max-width: 100%; } .wpcpro-row .wpcpro-col-sm-2 { flex: 0 0 50%; max-width: 50%; } .wpcpro-row .wpcpro-col-sm-2-5 { flex: 0 0 75%; max-width: 75%; } .wpcpro-row .wpcpro-col-sm-3 { flex: 0 0 33.333%; max-width: 33.333%; } .wpcpro-row .wpcpro-col-sm-4 { flex: 0 0 25%; max-width: 25%; } .wpcpro-row .wpcpro-col-sm-5 { flex: 0 0 20%; max-width: 20%; } .wpcpro-row .wpcpro-col-sm-6 { flex: 0 0 16.66666666666667%; max-width: 16.66666666666667%; } .wpcpro-row .wpcpro-col-sm-7 { flex: 0 0 14.28571428%; max-width: 14.28571428%; } .wpcpro-row .wpcpro-col-sm-8 { flex: 0 0 12.5%; max-width: 12.5%; } } @media (max-width: 480px) { .wpcpro-row .wpcpro-col-xs-1 { flex: 0 0 100%; max-width: 100%; } .wpcpro-row .wpcpro-col-xs-2 { flex: 0 0 50%; max-width: 50%; } .wpcpro-row .wpcpro-col-xs-3 { flex: 0 0 33.222%; max-width: 33.222%; } .wpcpro-row .wpcpro-col-xs-4 { flex: 0 0 25%; max-width: 25%; } .wpcpro-row .wpcpro-col-xs-5 { flex: 0 0 20%; max-width: 20%; } .wpcpro-row .wpcpro-col-xs-6 { flex: 0 0 16.6667%; max-width: 16.6667%; } .wpcpro-row .wpcpro-col-xs-7 { flex: 0 0 14.28571428%; max-width: 14.28571428%; } .wpcpro-row .wpcpro-col-xs-8 { flex: 0 0 12.5%; max-width: 12.5%; } } @media (min-width: 736px) { .wpcpro-row .wpcpro-col-md-1 { flex: 0 0 100%; max-width: 100%; } .wpcpro-row .wpcpro-col-md-2 { flex: 0 0 50%; max-width: 50%; } .wpcpro-row .wpcpro-col-md-2-5 { flex: 0 0 75%; max-width: 75%; } .wpcpro-row .wpcpro-col-md-3 { flex: 0 0 33.333%; max-width: 33.333%; } .wpcpro-row .wpcpro-col-md-4 { flex: 0 0 25%; max-width: 25%; } .wpcpro-row .wpcpro-col-md-5 { flex: 0 0 20%; max-width: 20%; } .wpcpro-row .wpcpro-col-md-6 { flex: 0 0 16.66666666666667%; max-width: 16.66666666666667%; } .wpcpro-row .wpcpro-col-md-7 { flex: 0 0 14.28571428%; max-width: 14.28571428%; } .wpcpro-row .wpcpro-col-md-8 { flex: 0 0 12.5%; max-width: 12.5%; } } @media (min-width: 980px) { .wpcpro-row .wpcpro-col-lg-1 { flex: 0 0 100%; max-width: 100%; } .wpcpro-row .wpcpro-col-lg-2 { flex: 0 0 50%; max-width: 50%; } .wpcpro-row .wpcpro-col-lg-3 { flex: 0 0 33.222%; max-width: 33.222%; } .wpcpro-row .wpcpro-col-lg-4 { flex: 0 0 25%; max-width: 25%; } .wpcpro-row .wpcpro-col-lg-5 { flex: 0 0 20%; max-width: 20%; } .wpcpro-row .wpcpro-col-lg-6 { flex: 0 0 16.6667%; max-width: 16.6667%; } .wpcpro-row .wpcpro-col-lg-7 { flex: 0 0 14.28571428%; max-width: 14.28571428%; } .wpcpro-row .wpcpro-col-lg-8 { flex: 0 0 12.5%; max-width: 12.5%; } } @media (min-width: 1200px) { .wpcpro-row .wpcpro-col-xl-1 { flex: 0 0 100%; max-width: 100%; } .wpcpro-row .wpcpro-col-xl-2 { flex: 0 0 50%; max-width: 50%; } .wpcpro-row .wpcpro-col-xl-3 { flex: 0 0 33.22222222%; max-width: 33.22222222%; } .wpcpro-row .wpcpro-col-xl-4 { flex: 0 0 25%; max-width: 25%; } .wpcpro-row .wpcpro-col-xl-5 { flex: 0 0 20%; max-width: 20%; } .wpcpro-row .wpcpro-col-xl-6 { flex: 0 0 16.66667%; max-width: 16.66667%; } .wpcpro-row .wpcpro-col-xl-7 { flex: 0 0 14.28571428%; max-width: 14.28571428%; } .wpcpro-row .wpcpro-col-xl-8 { flex: 0 0 12.5%; max-width: 12.5%; } }<\/style><div class=\"wpcp-carousel-wrapper wpcp-wrapper-465\">\n\t<div id=\"wpcp-preloader-465\" class=\"wpcp-carousel-preloader\"><img decoding=\"async\" src=\"https:\/\/lzo-im-norden.de\/wp-content\/plugins\/wp-carousel-free\/public\/css\/spinner.svg\" alt=\"Preloader Image\" \/><\/div>\t<div class=\"wpcp-carousel-content-wrapper\">\n\t<div id=\"sp-wp-carousel-free-id-465\" class=\"wpcp-carousel-section sp-wpcp-465  nav-vertical-center wpcp-image-carousel wpcp-preloader wpcp-standard\" data-swiper='{ &quot;pagination_type&quot;: &quot;dots&quot;,&quot;accessibility&quot;:true, &quot;spaceBetween&quot;:20, &quot;arrows&quot;:true, &quot;freeMode&quot;: true, &quot;autoplay&quot;:true, &quot;effect&quot;: &quot;&quot;, &quot;centerMode&quot;: false, &quot;autoplaySpeed&quot;:3000, &quot;dots&quot;:true, &quot;infinite&quot;:true, &quot;speed&quot;:600, &quot;pauseOnHover&quot;:true,\n\t\t\t&quot;slidesToShow&quot;:{&quot;lg_desktop&quot;:3, &quot;desktop&quot;: 2, &quot;laptop&quot;: 2, &quot;tablet&quot;: 1, &quot;mobile&quot;: 1}, &quot;responsive&quot;:{&quot;desktop&quot;:1200, &quot;laptop&quot;: 980, &quot;tablet&quot;: 736, &quot;mobile&quot;: 480}, &quot;rtl&quot;:false, &quot;lazyLoad&quot;: &quot;ondemand&quot;, &quot;swipe&quot;: true, &quot;draggable&quot;: true, &quot;swipeToSlide&quot;:true }' dir=\"ltr\">\n\t\t<div class=\"swiper-wrapper\">\n\t\t<div class=\"swiper-slide\">\n\t<div class=\"wpcp-single-item\">\n\t\t\t<a class=\"wcp-light-box\" data-buttons='[\"close\"]' data-wpc_url='https:\/\/lzo-im-norden.de\/wp-content\/uploads\/2024\/05\/Matthias_Schoenfelder_Green_Leaves-Eva-300x258.jpg' href=\"https:\/\/lzo-im-norden.de\/wp-content\/uploads\/2024\/05\/Matthias_Schoenfelder_Green_Leaves-Eva.jpg\" data-fancybox=\"wpcp_view\">\n\t\t<figure>\n\t\t\t<img loading=\"lazy\" decoding=\"async\" class=\"wcp-lazy swiper-lazy\" data-src=\"https:\/\/lzo-im-norden.de\/wp-content\/uploads\/2024\/05\/Matthias_Schoenfelder_Green_Leaves-Eva-300x258.jpg\" src=\"https:\/\/lzo-im-norden.de\/wp-content\/plugins\/wp-carousel-free\/public\/css\/spinner.svg\" alt=\"Green Leaves - Eva, 2009 \u00d6l, Acryl auf Papier 130 x 150 cm\" width=\"300\" height=\"258\">\t\t<\/figure>\n\t<\/a>\n\t\t<\/div>\n<\/div>\n\t<div class=\"swiper-slide\">\n\t<div class=\"wpcp-single-item\">\n\t\t\t<a class=\"wcp-light-box\" data-buttons='[\"close\"]' data-wpc_url='https:\/\/lzo-im-norden.de\/wp-content\/uploads\/2024\/05\/Matthias_Schoenfelder_Green_Leaves-Adam-300x258.jpg' href=\"https:\/\/lzo-im-norden.de\/wp-content\/uploads\/2024\/05\/Matthias_Schoenfelder_Green_Leaves-Adam.jpg\" data-fancybox=\"wpcp_view\">\n\t\t<figure>\n\t\t\t<img loading=\"lazy\" decoding=\"async\" class=\"wcp-lazy swiper-lazy\" data-src=\"https:\/\/lzo-im-norden.de\/wp-content\/uploads\/2024\/05\/Matthias_Schoenfelder_Green_Leaves-Adam-300x258.jpg\" src=\"https:\/\/lzo-im-norden.de\/wp-content\/plugins\/wp-carousel-free\/public\/css\/spinner.svg\" alt=\"Green Leaves - Adam, 2009 \u00d6l, Acryl auf Papier 130 x 150 cm\" width=\"300\" height=\"258\">\t\t<\/figure>\n\t<\/a>\n\t\t<\/div>\n<\/div>\n\t\t\t<\/div>\n\t\t\t\t\t<div class=\"wpcp-swiper-dots swiper-pagination\"><\/div>\n\t\t\t\t<!-- If we need navigation buttons -->\n\t\t\t\t\t<div class=\"wpcp-prev-button swiper-button-prev\"><i class=\"fa fa-angle-left\"><\/i><\/div>\n\t\t\t<div class=\"wpcp-next-button swiper-button-next\"><i class=\"fa fa-angle-right\"><\/i><\/div>\n\t\t\t<\/div>\n\t<\/div>\n<\/div>\n\n\n\n\n<div style=\"height:50px\" aria-hidden=\"true\" class=\"wp-block-spacer\"><\/div>\n\n\n\n<p>MUSIKALISCHE GRUNDSTRUKTUR<\/p>\n\n\n\n<p>Die Malerei von Matthias Schoenfelder bewegt sich zwischen Abstraktion und Gegenst\u00e4ndlichkeit, verwebt Figuratives und Zeichenhaftes. In den linienbetonten und turbulenten Formulierungen versteckt sich stets eine F\u00fclle von Motivischen und Anspielungen auf Biographisches. F\u00fcr den Bildaufbau spielen zeichenhafte Wiederholungen und rhythmische Bewegungen im Stil der gestischen Malerei eine Rolle. Sie ergeben eine \u201emusikalische Grundstruktur\u201c der Bilder, die er gern mit Sinfonien vergleicht.<\/p>\n\n\n\n<p>Die beiden Papierarbeiten \u201eGreen Leaves \u2013 Adam\u201c und \u201eGreen Leaves \u2013 Eva\u201c wirken im Vergleich zu Schoenfelders sonstigen Kompositionen fast lakonisch. Gelbe Farbformationen stehen auf grauem Grund, ein wogendes Gelbgr\u00fcn dehnt sich bis an eine Horizontlinie. Dar\u00fcber wehen kurze gr\u00fcne Farbschw\u00fcnge wie ein stilisierter Bl\u00e4tterregen. Die Bilder strahlen Sommerstimmung aus, die Atmosph\u00e4re Sonnen beschienener und wolkig verhangener Weite. Zwei schemenhafte Gestalten, die sich aus dem Grau l\u00f6sen, lassen an Strohgarben denken, an Ernte und Jahreskreislauf. Doch geht es nicht nur um paradiesische Natur im Allgemeinen. Die Hinweise auf \u201eAdam\u201c und \u201eEva\u201c in den Bildtiteln m\u00f6chte Schoenfelder konkret verstanden wissen. Es geht, so sein Kommentar, um Adam und Eva als eine \u201eEinheit an der Schwelle vom Werden und Vergehen, von fr\u00fchem Morgen und sp\u00e4tem Abend, Fr\u00fchling und Herbst. Aus dem utopischen Paradies in das Leben gedr\u00e4ngt, begegnen sie sich immer wieder. Sie lieben und vereinigen sich. Sie tanzen miteinander und wandeln gemeinsam in der Zeit. Sie k\u00f6nnen ohne einander nicht leben, nicht lieben, nicht sein, so wie sie gleichzeitig f\u00fcr sich stehen und auch f\u00fcr sich bleiben, auf Augenh\u00f6he sich verabschieden und verzeihen.\u201c<\/p>\n","protected":false},"excerpt":{"rendered":"<p>Matthias Schoenfelder * 1957 in L\u00fcneburg 1970 &#8211; 1975 Auslandsaufenthalt Chile 1977 &#8211; 1989 Studium der Kunst, Philosophie, Sprachwissenschaft und Soziologie in&nbsp;Braunschweig, Hannover, Hamburg und Oldenburg seit 1987 selbstst\u00e4ndige k\u00fcnstlerische Arbeit seit 1990 Ausstellungst\u00e4tigkeit im In- und Ausland lebt und arbeitet in Oldenburg. www.m-sch.de Werke MUSIKALISCHE GRUNDSTRUKTUR Die Malerei von Matthias Schoenfelder bewegt sich zwischen [&hellip;]<\/p>\n","protected":false},"author":1,"featured_media":0,"parent":184,"menu_order":0,"comment_status":"closed","ping_status":"closed","template":"","meta":{"footnotes":""},"class_list":["post-562","page","type-page","status-publish","hentry"],"yoast_head":"<!-- This site is optimized with the Yoast SEO plugin v27.4 - https:\/\/yoast.com\/product\/yoast-seo-wordpress\/ -->\n<title>Matthias Schoenfelder - IM NORDEN - die Kunstsammlung der Landessparkasse zu Oldenburg<\/title>\n<meta name=\"robots\" content=\"index, follow, max-snippet:-1, max-image-preview:large, max-video-preview:-1\" \/>\n<link rel=\"canonical\" href=\"https:\/\/lzo-im-norden.de\/?page_id=562\" \/>\n<meta property=\"og:locale\" content=\"de_DE\" \/>\n<meta property=\"og:type\" content=\"article\" \/>\n<meta property=\"og:title\" content=\"Matthias Schoenfelder - IM NORDEN - die Kunstsammlung der Landessparkasse zu Oldenburg\" \/>\n<meta property=\"og:description\" content=\"Matthias Schoenfelder * 1957 in L\u00fcneburg 1970 &#8211; 1975 Auslandsaufenthalt Chile 1977 &#8211; 1989 Studium der Kunst, Philosophie, Sprachwissenschaft und Soziologie in&nbsp;Braunschweig, Hannover, Hamburg und Oldenburg seit 1987 selbstst\u00e4ndige k\u00fcnstlerische Arbeit seit 1990 Ausstellungst\u00e4tigkeit im In- und Ausland lebt und arbeitet in Oldenburg. www.m-sch.de Werke MUSIKALISCHE GRUNDSTRUKTUR Die Malerei von Matthias Schoenfelder bewegt sich zwischen [&hellip;]\" \/>\n<meta property=\"og:url\" content=\"https:\/\/lzo-im-norden.de\/?page_id=562\" \/>\n<meta property=\"og:site_name\" content=\"IM NORDEN - die Kunstsammlung der Landessparkasse zu Oldenburg\" \/>\n<meta property=\"article:modified_time\" content=\"2024-05-13T07:37:39+00:00\" \/>\n<meta property=\"og:image\" content=\"https:\/\/lzo-im-norden.de\/wp-content\/uploads\/2024\/05\/port-33.jpg\" \/>\n<meta name=\"twitter:card\" content=\"summary_large_image\" \/>\n<meta name=\"twitter:label1\" content=\"Gesch\u00e4tzte Lesezeit\" \/>\n\t<meta name=\"twitter:data1\" content=\"2\u00a0Minuten\" \/>\n<script type=\"application\/ld+json\" class=\"yoast-schema-graph\">{\"@context\":\"https:\\\/\\\/schema.org\",\"@graph\":[{\"@type\":\"WebPage\",\"@id\":\"https:\\\/\\\/lzo-im-norden.de\\\/?page_id=562\",\"url\":\"https:\\\/\\\/lzo-im-norden.de\\\/?page_id=562\",\"name\":\"Matthias Schoenfelder - IM NORDEN - die Kunstsammlung der Landessparkasse zu Oldenburg\",\"isPartOf\":{\"@id\":\"https:\\\/\\\/lzo-im-norden.de\\\/#website\"},\"primaryImageOfPage\":{\"@id\":\"https:\\\/\\\/lzo-im-norden.de\\\/?page_id=562#primaryimage\"},\"image\":{\"@id\":\"https:\\\/\\\/lzo-im-norden.de\\\/?page_id=562#primaryimage\"},\"thumbnailUrl\":\"https:\\\/\\\/lzo-im-norden.de\\\/wp-content\\\/uploads\\\/2024\\\/05\\\/port-33.jpg\",\"datePublished\":\"2024-05-13T07:37:38+00:00\",\"dateModified\":\"2024-05-13T07:37:39+00:00\",\"breadcrumb\":{\"@id\":\"https:\\\/\\\/lzo-im-norden.de\\\/?page_id=562#breadcrumb\"},\"inLanguage\":\"de\",\"potentialAction\":[{\"@type\":\"ReadAction\",\"target\":[\"https:\\\/\\\/lzo-im-norden.de\\\/?page_id=562\"]}]},{\"@type\":\"ImageObject\",\"inLanguage\":\"de\",\"@id\":\"https:\\\/\\\/lzo-im-norden.de\\\/?page_id=562#primaryimage\",\"url\":\"https:\\\/\\\/lzo-im-norden.de\\\/wp-content\\\/uploads\\\/2024\\\/05\\\/port-33.jpg\",\"contentUrl\":\"https:\\\/\\\/lzo-im-norden.de\\\/wp-content\\\/uploads\\\/2024\\\/05\\\/port-33.jpg\",\"width\":150,\"height\":180},{\"@type\":\"BreadcrumbList\",\"@id\":\"https:\\\/\\\/lzo-im-norden.de\\\/?page_id=562#breadcrumb\",\"itemListElement\":[{\"@type\":\"ListItem\",\"position\":1,\"name\":\"Startseite\",\"item\":\"https:\\\/\\\/lzo-im-norden.de\\\/\"},{\"@type\":\"ListItem\",\"position\":2,\"name\":\"Die K\u00fcnstler\",\"item\":\"https:\\\/\\\/lzo-im-norden.de\\\/?page_id=184\"},{\"@type\":\"ListItem\",\"position\":3,\"name\":\"Matthias Schoenfelder\"}]},{\"@type\":\"WebSite\",\"@id\":\"https:\\\/\\\/lzo-im-norden.de\\\/#website\",\"url\":\"https:\\\/\\\/lzo-im-norden.de\\\/\",\"name\":\"IM NORDEN - die Kunstsammlung der Landessparkasse zu Oldenburg\",\"description\":\"\",\"publisher\":{\"@id\":\"https:\\\/\\\/lzo-im-norden.de\\\/#organization\"},\"potentialAction\":[{\"@type\":\"SearchAction\",\"target\":{\"@type\":\"EntryPoint\",\"urlTemplate\":\"https:\\\/\\\/lzo-im-norden.de\\\/?s={search_term_string}\"},\"query-input\":{\"@type\":\"PropertyValueSpecification\",\"valueRequired\":true,\"valueName\":\"search_term_string\"}}],\"inLanguage\":\"de\"},{\"@type\":\"Organization\",\"@id\":\"https:\\\/\\\/lzo-im-norden.de\\\/#organization\",\"name\":\"IM NORDEN - die Kunstsammlung der Landessparkasse zu Oldenburg\",\"url\":\"https:\\\/\\\/lzo-im-norden.de\\\/\",\"logo\":{\"@type\":\"ImageObject\",\"inLanguage\":\"de\",\"@id\":\"https:\\\/\\\/lzo-im-norden.de\\\/#\\\/schema\\\/logo\\\/image\\\/\",\"url\":\"https:\\\/\\\/lzo-im-norden.de\\\/wp-content\\\/uploads\\\/2024\\\/05\\\/im-norden.png\",\"contentUrl\":\"https:\\\/\\\/lzo-im-norden.de\\\/wp-content\\\/uploads\\\/2024\\\/05\\\/im-norden.png\",\"width\":356,\"height\":105,\"caption\":\"IM NORDEN - die Kunstsammlung der Landessparkasse zu Oldenburg\"},\"image\":{\"@id\":\"https:\\\/\\\/lzo-im-norden.de\\\/#\\\/schema\\\/logo\\\/image\\\/\"}}]}<\/script>\n<!-- \/ Yoast SEO plugin. -->","yoast_head_json":{"title":"Matthias Schoenfelder - IM NORDEN - die Kunstsammlung der Landessparkasse zu Oldenburg","robots":{"index":"index","follow":"follow","max-snippet":"max-snippet:-1","max-image-preview":"max-image-preview:large","max-video-preview":"max-video-preview:-1"},"canonical":"https:\/\/lzo-im-norden.de\/?page_id=562","og_locale":"de_DE","og_type":"article","og_title":"Matthias Schoenfelder - IM NORDEN - die Kunstsammlung der Landessparkasse zu Oldenburg","og_description":"Matthias Schoenfelder * 1957 in L\u00fcneburg 1970 &#8211; 1975 Auslandsaufenthalt Chile 1977 &#8211; 1989 Studium der Kunst, Philosophie, Sprachwissenschaft und Soziologie in&nbsp;Braunschweig, Hannover, Hamburg und Oldenburg seit 1987 selbstst\u00e4ndige k\u00fcnstlerische Arbeit seit 1990 Ausstellungst\u00e4tigkeit im In- und Ausland lebt und arbeitet in Oldenburg. www.m-sch.de Werke MUSIKALISCHE GRUNDSTRUKTUR Die Malerei von Matthias Schoenfelder bewegt sich zwischen [&hellip;]","og_url":"https:\/\/lzo-im-norden.de\/?page_id=562","og_site_name":"IM NORDEN - die Kunstsammlung der Landessparkasse zu Oldenburg","article_modified_time":"2024-05-13T07:37:39+00:00","og_image":[{"url":"https:\/\/lzo-im-norden.de\/wp-content\/uploads\/2024\/05\/port-33.jpg","type":"","width":"","height":""}],"twitter_card":"summary_large_image","twitter_misc":{"Gesch\u00e4tzte Lesezeit":"2\u00a0Minuten"},"schema":{"@context":"https:\/\/schema.org","@graph":[{"@type":"WebPage","@id":"https:\/\/lzo-im-norden.de\/?page_id=562","url":"https:\/\/lzo-im-norden.de\/?page_id=562","name":"Matthias Schoenfelder - IM NORDEN - die Kunstsammlung der Landessparkasse zu Oldenburg","isPartOf":{"@id":"https:\/\/lzo-im-norden.de\/#website"},"primaryImageOfPage":{"@id":"https:\/\/lzo-im-norden.de\/?page_id=562#primaryimage"},"image":{"@id":"https:\/\/lzo-im-norden.de\/?page_id=562#primaryimage"},"thumbnailUrl":"https:\/\/lzo-im-norden.de\/wp-content\/uploads\/2024\/05\/port-33.jpg","datePublished":"2024-05-13T07:37:38+00:00","dateModified":"2024-05-13T07:37:39+00:00","breadcrumb":{"@id":"https:\/\/lzo-im-norden.de\/?page_id=562#breadcrumb"},"inLanguage":"de","potentialAction":[{"@type":"ReadAction","target":["https:\/\/lzo-im-norden.de\/?page_id=562"]}]},{"@type":"ImageObject","inLanguage":"de","@id":"https:\/\/lzo-im-norden.de\/?page_id=562#primaryimage","url":"https:\/\/lzo-im-norden.de\/wp-content\/uploads\/2024\/05\/port-33.jpg","contentUrl":"https:\/\/lzo-im-norden.de\/wp-content\/uploads\/2024\/05\/port-33.jpg","width":150,"height":180},{"@type":"BreadcrumbList","@id":"https:\/\/lzo-im-norden.de\/?page_id=562#breadcrumb","itemListElement":[{"@type":"ListItem","position":1,"name":"Startseite","item":"https:\/\/lzo-im-norden.de\/"},{"@type":"ListItem","position":2,"name":"Die K\u00fcnstler","item":"https:\/\/lzo-im-norden.de\/?page_id=184"},{"@type":"ListItem","position":3,"name":"Matthias Schoenfelder"}]},{"@type":"WebSite","@id":"https:\/\/lzo-im-norden.de\/#website","url":"https:\/\/lzo-im-norden.de\/","name":"IM NORDEN - die Kunstsammlung der Landessparkasse zu Oldenburg","description":"","publisher":{"@id":"https:\/\/lzo-im-norden.de\/#organization"},"potentialAction":[{"@type":"SearchAction","target":{"@type":"EntryPoint","urlTemplate":"https:\/\/lzo-im-norden.de\/?s={search_term_string}"},"query-input":{"@type":"PropertyValueSpecification","valueRequired":true,"valueName":"search_term_string"}}],"inLanguage":"de"},{"@type":"Organization","@id":"https:\/\/lzo-im-norden.de\/#organization","name":"IM NORDEN - die Kunstsammlung der Landessparkasse zu Oldenburg","url":"https:\/\/lzo-im-norden.de\/","logo":{"@type":"ImageObject","inLanguage":"de","@id":"https:\/\/lzo-im-norden.de\/#\/schema\/logo\/image\/","url":"https:\/\/lzo-im-norden.de\/wp-content\/uploads\/2024\/05\/im-norden.png","contentUrl":"https:\/\/lzo-im-norden.de\/wp-content\/uploads\/2024\/05\/im-norden.png","width":356,"height":105,"caption":"IM NORDEN - die Kunstsammlung der Landessparkasse zu Oldenburg"},"image":{"@id":"https:\/\/lzo-im-norden.de\/#\/schema\/logo\/image\/"}}]}},"_links":{"self":[{"href":"https:\/\/lzo-im-norden.de\/index.php?rest_route=\/wp\/v2\/pages\/562","targetHints":{"allow":["GET"]}}],"collection":[{"href":"https:\/\/lzo-im-norden.de\/index.php?rest_route=\/wp\/v2\/pages"}],"about":[{"href":"https:\/\/lzo-im-norden.de\/index.php?rest_route=\/wp\/v2\/types\/page"}],"author":[{"embeddable":true,"href":"https:\/\/lzo-im-norden.de\/index.php?rest_route=\/wp\/v2\/users\/1"}],"replies":[{"embeddable":true,"href":"https:\/\/lzo-im-norden.de\/index.php?rest_route=%2Fwp%2Fv2%2Fcomments&post=562"}],"version-history":[{"count":1,"href":"https:\/\/lzo-im-norden.de\/index.php?rest_route=\/wp\/v2\/pages\/562\/revisions"}],"predecessor-version":[{"id":563,"href":"https:\/\/lzo-im-norden.de\/index.php?rest_route=\/wp\/v2\/pages\/562\/revisions\/563"}],"up":[{"embeddable":true,"href":"https:\/\/lzo-im-norden.de\/index.php?rest_route=\/wp\/v2\/pages\/184"}],"wp:attachment":[{"href":"https:\/\/lzo-im-norden.de\/index.php?rest_route=%2Fwp%2Fv2%2Fmedia&parent=562"}],"curies":[{"name":"wp","href":"https:\/\/api.w.org\/{rel}","templated":true}]}}