{"id":578,"date":"2024-05-13T08:42:55","date_gmt":"2024-05-13T08:42:55","guid":{"rendered":"https:\/\/lzo-im-norden.de\/?page_id=578"},"modified":"2024-05-13T08:42:56","modified_gmt":"2024-05-13T08:42:56","slug":"insa-winkler","status":"publish","type":"page","link":"https:\/\/lzo-im-norden.de\/?page_id=578","title":{"rendered":"Insa Winkler"},"content":{"rendered":"\n<h1 class=\"wp-block-heading has-text-align-center\">Insa Winkler<\/h1>\n\n\n\n<div class=\"wp-block-columns is-layout-flex wp-container-core-columns-is-layout-28f84493 wp-block-columns-is-layout-flex\">\n<div class=\"wp-block-column is-layout-flow wp-block-column-is-layout-flow\" style=\"flex-basis:25%\">\n<figure class=\"wp-block-image size-full\"><img loading=\"lazy\" decoding=\"async\" width=\"150\" height=\"200\" src=\"https:\/\/lzo-im-norden.de\/wp-content\/uploads\/2024\/05\/port-18.jpg\" alt=\"\" class=\"wp-image-294\"\/><\/figure>\n<\/div>\n\n\n\n<div class=\"wp-block-column is-layout-flow wp-block-column-is-layout-flow\" style=\"flex-basis:75%\">\n<figure class=\"wp-block-table is-style-stripes\"><table><tbody><tr><td>* 1960<\/td><td>in Delmenhorst<\/td><\/tr><tr><td>1982 &#8211; 1988<\/td><td>Studium an der Muthesius Hochschule Kiel bei Prof. Jan Koblasa<\/td><\/tr><tr><td>2009<\/td><td>Master \u201eArchitektur und Umwelt\u201c, Hochschule Wismar<\/td><\/tr><tr><td>seit 2010<\/td><td>Graduate School der Leuphana Universit\u00e4t, Institut f\u00fcr Kulturtheorie, Kulturforschung und K\u00fcnste<\/td><\/tr><tr><td colspan=\"2\">diverse Auszeichnungen und Preise<\/td><\/tr><tr><td colspan=\"2\">Social Landart-Projekte, Lehrauftr\u00e4ge und Workshops im In- und Ausland<\/td><\/tr><tr><td colspan=\"2\">lebt in Hude.<\/td><\/tr><tr><td colspan=\"2\"><a href=\"http:\/\/www.kunstundlandschaft.de\/\">www.kunstundlandschaft.de<\/a><\/td><\/tr><\/tbody><\/table><\/figure>\n<\/div>\n<\/div>\n\n\n\n<div style=\"height:50px\" aria-hidden=\"true\" class=\"wp-block-spacer\"><\/div>\n\n\n\n<h1 class=\"wp-block-heading has-text-align-center\">Werke<\/h1>\n\n\n<style id=\"wp_carousel_dynamic_css475\">.sp-wp-carousel-free-id-475.wpcf-fancybox-wrapper .fancybox-bg{background: #0b0b0b;opacity: 0.8;}.sp-wp-carousel-free-id-475.wpcf-fancybox-wrapper .fancybox-navigation .fancybox-button .wpcp-fancybox-nav-arrow i {color: #ccc;}.sp-wp-carousel-free-id-475.wpcf-fancybox-wrapper .fancybox-navigation .fancybox-button .wpcp-fancybox-nav-arrow i:hover {color: #fff;}.sp-wp-carousel-free-id-475.wpcf-fancybox-wrapper .fancybox-navigation .fancybox-button {background: #1e1e1e;}.sp-wp-carousel-free-id-475.wpcf-fancybox-wrapper .fancybox-navigation .fancybox-button:hover {background: #1e1e1e;}#sp-wp-carousel-free-id-475 .wpcp-swiper-dots {margin: 40px 0px 0px 0px;}.wpcp-wrapper-475 .swiper-wrapper .swiper-slide-kenburn, .wpcp-wrapper-475 .swiper-wrapper, .wpcp-wrapper-475 .wpcpro-row{align-items: center;}#sp-wp-carousel-free-id-475 .wpcp-single-item {box-shadow: 0px 0px 0px 0px #dddddd;transition: all .3s;margin: 0px;}#sp-wp-carousel-free-id-475.swiper-flip .wpcp-single-item{margin: 0!important;}#sp-wp-carousel-free-id-475 .wpcp-single-item:hover {box-shadow: 0px 0px 0px 0px #dddddd;}#sp-wp-carousel-free-id-475.sp-wpcp-475 .wpcp-single-item {border: 1px solid transparent;}#sp-wp-carousel-free-id-475.wpcp-carousel-section.sp-wpcp-475 .swiper-button-prev,#sp-wp-carousel-free-id-475.wpcp-carousel-section.sp-wpcp-475 .swiper-button-next,#sp-wp-carousel-free-id-475.wpcp-carousel-section.sp-wpcp-475 .swiper-button-prev:hover,#sp-wp-carousel-free-id-475.wpcp-carousel-section.sp-wpcp-475 .swiper-button-next:hover {font-size: 18px ; font-weight: 400;}#sp-wp-carousel-free-id-475.sp-wpcp-475 .swiper-button-prev,#sp-wp-carousel-free-id-475.sp-wpcp-475 .swiper-button-next,#sp-wp-carousel-free-id-475.sp-wpcp-475 .swiper-button-prev:hover,#sp-wp-carousel-free-id-475.sp-wpcp-475 .swiper-button-next:hover {background: none;border: none;font-size: 30px;}#sp-wp-carousel-free-id-475.sp-wpcp-475 .swiper-button-prev i,#sp-wp-carousel-free-id-475.sp-wpcp-475 .swiper-button-next i {color: #aaa;}#sp-wp-carousel-free-id-475.sp-wpcp-475 .swiper-button-prev i:hover,#sp-wp-carousel-free-id-475.sp-wpcp-475 .swiper-button-next i:hover {color: #d52a29;}#sp-wp-carousel-free-id-475.sp-wpcp-475 .wpcp-swiper-dots .swiper-pagination-bullet {background-color: #cccccc;}#sp-wp-carousel-free-id-475.sp-wpcp-475 .wpcp-swiper-dots .swiper-pagination-bullet.swiper-pagination-bullet-active {background-color: #d52a29;} #sp-wp-carousel-free-id-475.sp-wpcp-475.wpcp-image-carousel .wpcp-single-item:hover img, #sp-wp-carousel-free-id-475.sp-wpcp-475.wpcp-post-carousel .wpcp-single-item:hover img, #sp-wp-carousel-free-id-475.sp-wpcp-475.wpcp-product-carousel .wpcp-single-item:hover img{-webkit-transform: scale(1.2);-moz-transform: scale(1.2);transform: scale(1.2);}#sp-wp-carousel-free-id-475 .wpcpro-row>[class*=\"wpcpro-col-\"] { padding: 0 10px; padding-bottom: 20px;} #sp-wp-carousel-free-id-475 .swiper-slide .single-item-fade:not(:last-child) { margin-right: 20px;}@media (min-width: 480px) { .wpcpro-row .wpcpro-col-sm-1 { flex: 0 0 100%; max-width: 100%; } .wpcpro-row .wpcpro-col-sm-2 { flex: 0 0 50%; max-width: 50%; } .wpcpro-row .wpcpro-col-sm-2-5 { flex: 0 0 75%; max-width: 75%; } .wpcpro-row .wpcpro-col-sm-3 { flex: 0 0 33.333%; max-width: 33.333%; } .wpcpro-row .wpcpro-col-sm-4 { flex: 0 0 25%; max-width: 25%; } .wpcpro-row .wpcpro-col-sm-5 { flex: 0 0 20%; max-width: 20%; } .wpcpro-row .wpcpro-col-sm-6 { flex: 0 0 16.66666666666667%; max-width: 16.66666666666667%; } .wpcpro-row .wpcpro-col-sm-7 { flex: 0 0 14.28571428%; max-width: 14.28571428%; } .wpcpro-row .wpcpro-col-sm-8 { flex: 0 0 12.5%; max-width: 12.5%; } } @media (max-width: 480px) { .wpcpro-row .wpcpro-col-xs-1 { flex: 0 0 100%; max-width: 100%; } .wpcpro-row .wpcpro-col-xs-2 { flex: 0 0 50%; max-width: 50%; } .wpcpro-row .wpcpro-col-xs-3 { flex: 0 0 33.222%; max-width: 33.222%; } .wpcpro-row .wpcpro-col-xs-4 { flex: 0 0 25%; max-width: 25%; } .wpcpro-row .wpcpro-col-xs-5 { flex: 0 0 20%; max-width: 20%; } .wpcpro-row .wpcpro-col-xs-6 { flex: 0 0 16.6667%; max-width: 16.6667%; } .wpcpro-row .wpcpro-col-xs-7 { flex: 0 0 14.28571428%; max-width: 14.28571428%; } .wpcpro-row .wpcpro-col-xs-8 { flex: 0 0 12.5%; max-width: 12.5%; } } @media (min-width: 736px) { .wpcpro-row .wpcpro-col-md-1 { flex: 0 0 100%; max-width: 100%; } .wpcpro-row .wpcpro-col-md-2 { flex: 0 0 50%; max-width: 50%; } .wpcpro-row .wpcpro-col-md-2-5 { flex: 0 0 75%; max-width: 75%; } .wpcpro-row .wpcpro-col-md-3 { flex: 0 0 33.333%; max-width: 33.333%; } .wpcpro-row .wpcpro-col-md-4 { flex: 0 0 25%; max-width: 25%; } .wpcpro-row .wpcpro-col-md-5 { flex: 0 0 20%; max-width: 20%; } .wpcpro-row .wpcpro-col-md-6 { flex: 0 0 16.66666666666667%; max-width: 16.66666666666667%; } .wpcpro-row .wpcpro-col-md-7 { flex: 0 0 14.28571428%; max-width: 14.28571428%; } .wpcpro-row .wpcpro-col-md-8 { flex: 0 0 12.5%; max-width: 12.5%; } } @media (min-width: 980px) { .wpcpro-row .wpcpro-col-lg-1 { flex: 0 0 100%; max-width: 100%; } .wpcpro-row .wpcpro-col-lg-2 { flex: 0 0 50%; max-width: 50%; } .wpcpro-row .wpcpro-col-lg-3 { flex: 0 0 33.222%; max-width: 33.222%; } .wpcpro-row .wpcpro-col-lg-4 { flex: 0 0 25%; max-width: 25%; } .wpcpro-row .wpcpro-col-lg-5 { flex: 0 0 20%; max-width: 20%; } .wpcpro-row .wpcpro-col-lg-6 { flex: 0 0 16.6667%; max-width: 16.6667%; } .wpcpro-row .wpcpro-col-lg-7 { flex: 0 0 14.28571428%; max-width: 14.28571428%; } .wpcpro-row .wpcpro-col-lg-8 { flex: 0 0 12.5%; max-width: 12.5%; } } @media (min-width: 1200px) { .wpcpro-row .wpcpro-col-xl-1 { flex: 0 0 100%; max-width: 100%; } .wpcpro-row .wpcpro-col-xl-2 { flex: 0 0 50%; max-width: 50%; } .wpcpro-row .wpcpro-col-xl-3 { flex: 0 0 33.22222222%; max-width: 33.22222222%; } .wpcpro-row .wpcpro-col-xl-4 { flex: 0 0 25%; max-width: 25%; } .wpcpro-row .wpcpro-col-xl-5 { flex: 0 0 20%; max-width: 20%; } .wpcpro-row .wpcpro-col-xl-6 { flex: 0 0 16.66667%; max-width: 16.66667%; } .wpcpro-row .wpcpro-col-xl-7 { flex: 0 0 14.28571428%; max-width: 14.28571428%; } .wpcpro-row .wpcpro-col-xl-8 { flex: 0 0 12.5%; max-width: 12.5%; } }<\/style><div class=\"wpcp-carousel-wrapper wpcp-wrapper-475\">\n\t<div id=\"wpcp-preloader-475\" class=\"wpcp-carousel-preloader\"><img decoding=\"async\" src=\"https:\/\/lzo-im-norden.de\/wp-content\/plugins\/wp-carousel-free\/public\/css\/spinner.svg\" alt=\"Preloader Image\" \/><\/div>\t<div class=\"wpcp-carousel-content-wrapper\">\n\t<div id=\"sp-wp-carousel-free-id-475\" class=\"wpcp-carousel-section sp-wpcp-475  nav-vertical-center wpcp-image-carousel wpcp-preloader wpcp-standard\" data-swiper='{ &quot;pagination_type&quot;: &quot;dots&quot;,&quot;accessibility&quot;:true, &quot;spaceBetween&quot;:20, &quot;arrows&quot;:true, &quot;freeMode&quot;: true, &quot;autoplay&quot;:true, &quot;effect&quot;: &quot;&quot;, &quot;centerMode&quot;: false, &quot;autoplaySpeed&quot;:3000, &quot;dots&quot;:true, &quot;infinite&quot;:false, &quot;speed&quot;:600, &quot;pauseOnHover&quot;:true,\n\t\t\t&quot;slidesToShow&quot;:{&quot;lg_desktop&quot;:3, &quot;desktop&quot;: 2, &quot;laptop&quot;: 2, &quot;tablet&quot;: 1, &quot;mobile&quot;: 1}, &quot;responsive&quot;:{&quot;desktop&quot;:1200, &quot;laptop&quot;: 980, &quot;tablet&quot;: 736, &quot;mobile&quot;: 480}, &quot;rtl&quot;:false, &quot;lazyLoad&quot;: &quot;ondemand&quot;, &quot;swipe&quot;: true, &quot;draggable&quot;: true, &quot;swipeToSlide&quot;:true }' dir=\"ltr\">\n\t\t<div class=\"swiper-wrapper\">\n\t\t<div class=\"swiper-slide\">\n\t<div class=\"wpcp-single-item\">\n\t\t\t<a class=\"wcp-light-box\" data-buttons='[\"close\"]' data-wpc_url='https:\/\/lzo-im-norden.de\/wp-content\/uploads\/2024\/05\/winkler-1_450-133x300.jpg' href=\"https:\/\/lzo-im-norden.de\/wp-content\/uploads\/2024\/05\/winkler-1_450.jpg\" data-fancybox=\"wpcp_view\">\n\t\t<figure>\n\t\t\t<img loading=\"lazy\" decoding=\"async\" class=\"wcp-lazy swiper-lazy\" data-src=\"https:\/\/lzo-im-norden.de\/wp-content\/uploads\/2024\/05\/winkler-1_450-133x300.jpg\" src=\"https:\/\/lzo-im-norden.de\/wp-content\/plugins\/wp-carousel-free\/public\/css\/spinner.svg\" alt=\"\u201eJahrespflanze\u201c, 2012, Edelstahlplastik auf Baumscheibe, ca. 180 x 60 x 40 cm\" width=\"133\" height=\"300\">\t\t<\/figure>\n\t<\/a>\n\t\t<\/div>\n<\/div>\n\t\t\t<\/div>\n\t\t\t\t\t<div class=\"wpcp-swiper-dots swiper-pagination\"><\/div>\n\t\t\t\t<!-- If we need navigation buttons -->\n\t\t\t\t\t<div class=\"wpcp-prev-button swiper-button-prev\"><i class=\"fa fa-angle-left\"><\/i><\/div>\n\t\t\t<div class=\"wpcp-next-button swiper-button-next\"><i class=\"fa fa-angle-right\"><\/i><\/div>\n\t\t\t<\/div>\n\t<\/div>\n<\/div>\n\n\n\n\n<div style=\"height:50px\" aria-hidden=\"true\" class=\"wp-block-spacer\"><\/div>\n\n\n\n<p>Im Zyklus des Jahres<\/p>\n\n\n\n<p>Zw\u00f6lf Bl\u00e4tter, als Silhouette aus Stahlplatten geschnitten, tr\u00e4gt diese Pflanze. Sie biegen sich vom St\u00e4ngel leicht in den Raum und sind doch seltsam erstarrt. Diese scheinbar nat\u00fcrliche Form ist kein Abbild aus der vegetabilen Welt. Insa Winkler, Bildhauerin, Landschaftsk\u00fcnstlerin und versierte Theoretikerin, hat sie nach Goethes Metamorphosenlehre entwickelt. Die Beziehung von Mensch und Natur ist ihr zentrales k\u00fcnstlerisches Thema. Dabei geht es ihr nicht um Romantizismus oder Idealisierungen, sondern um ein philosophisches Modell der Analogie zwischen Mensch und Natur. Aus Texten von Ovid bis Habermas leitet die K\u00fcnstlerin konzeptuelle Hieroglyphen ab &#8211; sie spricht von \u201ePflanzenalphabet\u201c &#8211; die sie in unterschiedlichen Materialien in Bild und Skulptur umsetzt.&nbsp;<\/p>\n\n\n\n<p>Die wesenhaft wirkende \u201eJahrespflanze\u201c geh\u00f6rt in diese Werkgruppe. Die \u00c4sthetik der Plastik lebt aus dem Kontrast von Nat\u00fcrlichkeit und K\u00fcnstlichkeit .Ihr Erscheinungsbild assoziiert einen Zyklus von Zeitabl\u00e4ufen: Die zw\u00f6lf Bl\u00e4tter stehen f\u00fcr die zw\u00f6lf Monate des Jahres. \u201eAuf einer Baumscheibe mit ihren Jahresringen verankert, stellt die Jahrespflanze das Prinzip der Zeit dar, in welcher der Mensch in seiner Umwelt wirkt und sch\u00f6pft\u201c so die K\u00fcnstlerin. Kunst, Leben und Natur sind eine Einheit, davon ist Insa Winkler \u00fcberzeugt. Auch mit ihren Social Landart Projekten, die sie im In- und Ausland realisiert, setzt sie sich f\u00fcr diese Idee ein.<\/p>\n","protected":false},"excerpt":{"rendered":"<p>Insa Winkler * 1960 in Delmenhorst 1982 &#8211; 1988 Studium an der Muthesius Hochschule Kiel bei Prof. Jan Koblasa 2009 Master \u201eArchitektur und Umwelt\u201c, Hochschule Wismar seit 2010 Graduate School der Leuphana Universit\u00e4t, Institut f\u00fcr Kulturtheorie, Kulturforschung und K\u00fcnste diverse Auszeichnungen und Preise Social Landart-Projekte, Lehrauftr\u00e4ge und Workshops im In- und Ausland lebt in Hude. [&hellip;]<\/p>\n","protected":false},"author":1,"featured_media":0,"parent":184,"menu_order":0,"comment_status":"closed","ping_status":"closed","template":"","meta":{"footnotes":""},"class_list":["post-578","page","type-page","status-publish","hentry"],"yoast_head":"<!-- This site is optimized with the Yoast SEO plugin v27.6 - https:\/\/yoast.com\/product\/yoast-seo-wordpress\/ -->\n<title>Insa Winkler - IM NORDEN - die Kunstsammlung der Landessparkasse zu Oldenburg<\/title>\n<meta name=\"robots\" content=\"index, follow, max-snippet:-1, max-image-preview:large, max-video-preview:-1\" \/>\n<link rel=\"canonical\" href=\"https:\/\/lzo-im-norden.de\/?page_id=578\" \/>\n<meta property=\"og:locale\" content=\"de_DE\" \/>\n<meta property=\"og:type\" content=\"article\" \/>\n<meta property=\"og:title\" content=\"Insa Winkler - IM NORDEN - die Kunstsammlung der Landessparkasse zu Oldenburg\" \/>\n<meta property=\"og:description\" content=\"Insa Winkler * 1960 in Delmenhorst 1982 &#8211; 1988 Studium an der Muthesius Hochschule Kiel bei Prof. Jan Koblasa 2009 Master \u201eArchitektur und Umwelt\u201c, Hochschule Wismar seit 2010 Graduate School der Leuphana Universit\u00e4t, Institut f\u00fcr Kulturtheorie, Kulturforschung und K\u00fcnste diverse Auszeichnungen und Preise Social Landart-Projekte, Lehrauftr\u00e4ge und Workshops im In- und Ausland lebt in Hude. [&hellip;]\" \/>\n<meta property=\"og:url\" content=\"https:\/\/lzo-im-norden.de\/?page_id=578\" \/>\n<meta property=\"og:site_name\" content=\"IM NORDEN - die Kunstsammlung der Landessparkasse zu Oldenburg\" \/>\n<meta property=\"article:modified_time\" content=\"2024-05-13T08:42:56+00:00\" \/>\n<meta property=\"og:image\" content=\"https:\/\/lzo-im-norden.de\/wp-content\/uploads\/2024\/05\/port-18.jpg\" \/>\n<meta name=\"twitter:card\" content=\"summary_large_image\" \/>\n<meta name=\"twitter:label1\" content=\"Gesch\u00e4tzte Lesezeit\" \/>\n\t<meta name=\"twitter:data1\" content=\"2\u00a0Minuten\" \/>\n<script type=\"application\/ld+json\" class=\"yoast-schema-graph\">{\"@context\":\"https:\\\/\\\/schema.org\",\"@graph\":[{\"@type\":\"WebPage\",\"@id\":\"https:\\\/\\\/lzo-im-norden.de\\\/?page_id=578\",\"url\":\"https:\\\/\\\/lzo-im-norden.de\\\/?page_id=578\",\"name\":\"Insa Winkler - IM NORDEN - die Kunstsammlung der Landessparkasse zu Oldenburg\",\"isPartOf\":{\"@id\":\"https:\\\/\\\/lzo-im-norden.de\\\/#website\"},\"primaryImageOfPage\":{\"@id\":\"https:\\\/\\\/lzo-im-norden.de\\\/?page_id=578#primaryimage\"},\"image\":{\"@id\":\"https:\\\/\\\/lzo-im-norden.de\\\/?page_id=578#primaryimage\"},\"thumbnailUrl\":\"https:\\\/\\\/lzo-im-norden.de\\\/wp-content\\\/uploads\\\/2024\\\/05\\\/port-18.jpg\",\"datePublished\":\"2024-05-13T08:42:55+00:00\",\"dateModified\":\"2024-05-13T08:42:56+00:00\",\"breadcrumb\":{\"@id\":\"https:\\\/\\\/lzo-im-norden.de\\\/?page_id=578#breadcrumb\"},\"inLanguage\":\"de\",\"potentialAction\":[{\"@type\":\"ReadAction\",\"target\":[\"https:\\\/\\\/lzo-im-norden.de\\\/?page_id=578\"]}]},{\"@type\":\"ImageObject\",\"inLanguage\":\"de\",\"@id\":\"https:\\\/\\\/lzo-im-norden.de\\\/?page_id=578#primaryimage\",\"url\":\"https:\\\/\\\/lzo-im-norden.de\\\/wp-content\\\/uploads\\\/2024\\\/05\\\/port-18.jpg\",\"contentUrl\":\"https:\\\/\\\/lzo-im-norden.de\\\/wp-content\\\/uploads\\\/2024\\\/05\\\/port-18.jpg\",\"width\":150,\"height\":200},{\"@type\":\"BreadcrumbList\",\"@id\":\"https:\\\/\\\/lzo-im-norden.de\\\/?page_id=578#breadcrumb\",\"itemListElement\":[{\"@type\":\"ListItem\",\"position\":1,\"name\":\"Startseite\",\"item\":\"https:\\\/\\\/lzo-im-norden.de\\\/\"},{\"@type\":\"ListItem\",\"position\":2,\"name\":\"Die K\u00fcnstler\",\"item\":\"https:\\\/\\\/lzo-im-norden.de\\\/?page_id=184\"},{\"@type\":\"ListItem\",\"position\":3,\"name\":\"Insa Winkler\"}]},{\"@type\":\"WebSite\",\"@id\":\"https:\\\/\\\/lzo-im-norden.de\\\/#website\",\"url\":\"https:\\\/\\\/lzo-im-norden.de\\\/\",\"name\":\"IM NORDEN - die Kunstsammlung der Landessparkasse zu Oldenburg\",\"description\":\"\",\"publisher\":{\"@id\":\"https:\\\/\\\/lzo-im-norden.de\\\/#organization\"},\"potentialAction\":[{\"@type\":\"SearchAction\",\"target\":{\"@type\":\"EntryPoint\",\"urlTemplate\":\"https:\\\/\\\/lzo-im-norden.de\\\/?s={search_term_string}\"},\"query-input\":{\"@type\":\"PropertyValueSpecification\",\"valueRequired\":true,\"valueName\":\"search_term_string\"}}],\"inLanguage\":\"de\"},{\"@type\":\"Organization\",\"@id\":\"https:\\\/\\\/lzo-im-norden.de\\\/#organization\",\"name\":\"IM NORDEN - die Kunstsammlung der Landessparkasse zu Oldenburg\",\"url\":\"https:\\\/\\\/lzo-im-norden.de\\\/\",\"logo\":{\"@type\":\"ImageObject\",\"inLanguage\":\"de\",\"@id\":\"https:\\\/\\\/lzo-im-norden.de\\\/#\\\/schema\\\/logo\\\/image\\\/\",\"url\":\"https:\\\/\\\/lzo-im-norden.de\\\/wp-content\\\/uploads\\\/2024\\\/05\\\/im-norden.png\",\"contentUrl\":\"https:\\\/\\\/lzo-im-norden.de\\\/wp-content\\\/uploads\\\/2024\\\/05\\\/im-norden.png\",\"width\":356,\"height\":105,\"caption\":\"IM NORDEN - die Kunstsammlung der Landessparkasse zu Oldenburg\"},\"image\":{\"@id\":\"https:\\\/\\\/lzo-im-norden.de\\\/#\\\/schema\\\/logo\\\/image\\\/\"}}]}<\/script>\n<!-- \/ Yoast SEO plugin. -->","yoast_head_json":{"title":"Insa Winkler - IM NORDEN - die Kunstsammlung der Landessparkasse zu Oldenburg","robots":{"index":"index","follow":"follow","max-snippet":"max-snippet:-1","max-image-preview":"max-image-preview:large","max-video-preview":"max-video-preview:-1"},"canonical":"https:\/\/lzo-im-norden.de\/?page_id=578","og_locale":"de_DE","og_type":"article","og_title":"Insa Winkler - IM NORDEN - die Kunstsammlung der Landessparkasse zu Oldenburg","og_description":"Insa Winkler * 1960 in Delmenhorst 1982 &#8211; 1988 Studium an der Muthesius Hochschule Kiel bei Prof. Jan Koblasa 2009 Master \u201eArchitektur und Umwelt\u201c, Hochschule Wismar seit 2010 Graduate School der Leuphana Universit\u00e4t, Institut f\u00fcr Kulturtheorie, Kulturforschung und K\u00fcnste diverse Auszeichnungen und Preise Social Landart-Projekte, Lehrauftr\u00e4ge und Workshops im In- und Ausland lebt in Hude. [&hellip;]","og_url":"https:\/\/lzo-im-norden.de\/?page_id=578","og_site_name":"IM NORDEN - die Kunstsammlung der Landessparkasse zu Oldenburg","article_modified_time":"2024-05-13T08:42:56+00:00","og_image":[{"url":"https:\/\/lzo-im-norden.de\/wp-content\/uploads\/2024\/05\/port-18.jpg","type":"","width":"","height":""}],"twitter_card":"summary_large_image","twitter_misc":{"Gesch\u00e4tzte Lesezeit":"2\u00a0Minuten"},"schema":{"@context":"https:\/\/schema.org","@graph":[{"@type":"WebPage","@id":"https:\/\/lzo-im-norden.de\/?page_id=578","url":"https:\/\/lzo-im-norden.de\/?page_id=578","name":"Insa Winkler - IM NORDEN - die Kunstsammlung der Landessparkasse zu Oldenburg","isPartOf":{"@id":"https:\/\/lzo-im-norden.de\/#website"},"primaryImageOfPage":{"@id":"https:\/\/lzo-im-norden.de\/?page_id=578#primaryimage"},"image":{"@id":"https:\/\/lzo-im-norden.de\/?page_id=578#primaryimage"},"thumbnailUrl":"https:\/\/lzo-im-norden.de\/wp-content\/uploads\/2024\/05\/port-18.jpg","datePublished":"2024-05-13T08:42:55+00:00","dateModified":"2024-05-13T08:42:56+00:00","breadcrumb":{"@id":"https:\/\/lzo-im-norden.de\/?page_id=578#breadcrumb"},"inLanguage":"de","potentialAction":[{"@type":"ReadAction","target":["https:\/\/lzo-im-norden.de\/?page_id=578"]}]},{"@type":"ImageObject","inLanguage":"de","@id":"https:\/\/lzo-im-norden.de\/?page_id=578#primaryimage","url":"https:\/\/lzo-im-norden.de\/wp-content\/uploads\/2024\/05\/port-18.jpg","contentUrl":"https:\/\/lzo-im-norden.de\/wp-content\/uploads\/2024\/05\/port-18.jpg","width":150,"height":200},{"@type":"BreadcrumbList","@id":"https:\/\/lzo-im-norden.de\/?page_id=578#breadcrumb","itemListElement":[{"@type":"ListItem","position":1,"name":"Startseite","item":"https:\/\/lzo-im-norden.de\/"},{"@type":"ListItem","position":2,"name":"Die K\u00fcnstler","item":"https:\/\/lzo-im-norden.de\/?page_id=184"},{"@type":"ListItem","position":3,"name":"Insa Winkler"}]},{"@type":"WebSite","@id":"https:\/\/lzo-im-norden.de\/#website","url":"https:\/\/lzo-im-norden.de\/","name":"IM NORDEN - die Kunstsammlung der Landessparkasse zu Oldenburg","description":"","publisher":{"@id":"https:\/\/lzo-im-norden.de\/#organization"},"potentialAction":[{"@type":"SearchAction","target":{"@type":"EntryPoint","urlTemplate":"https:\/\/lzo-im-norden.de\/?s={search_term_string}"},"query-input":{"@type":"PropertyValueSpecification","valueRequired":true,"valueName":"search_term_string"}}],"inLanguage":"de"},{"@type":"Organization","@id":"https:\/\/lzo-im-norden.de\/#organization","name":"IM NORDEN - die Kunstsammlung der Landessparkasse zu Oldenburg","url":"https:\/\/lzo-im-norden.de\/","logo":{"@type":"ImageObject","inLanguage":"de","@id":"https:\/\/lzo-im-norden.de\/#\/schema\/logo\/image\/","url":"https:\/\/lzo-im-norden.de\/wp-content\/uploads\/2024\/05\/im-norden.png","contentUrl":"https:\/\/lzo-im-norden.de\/wp-content\/uploads\/2024\/05\/im-norden.png","width":356,"height":105,"caption":"IM NORDEN - die Kunstsammlung der Landessparkasse zu Oldenburg"},"image":{"@id":"https:\/\/lzo-im-norden.de\/#\/schema\/logo\/image\/"}}]}},"_links":{"self":[{"href":"https:\/\/lzo-im-norden.de\/index.php?rest_route=\/wp\/v2\/pages\/578","targetHints":{"allow":["GET"]}}],"collection":[{"href":"https:\/\/lzo-im-norden.de\/index.php?rest_route=\/wp\/v2\/pages"}],"about":[{"href":"https:\/\/lzo-im-norden.de\/index.php?rest_route=\/wp\/v2\/types\/page"}],"author":[{"embeddable":true,"href":"https:\/\/lzo-im-norden.de\/index.php?rest_route=\/wp\/v2\/users\/1"}],"replies":[{"embeddable":true,"href":"https:\/\/lzo-im-norden.de\/index.php?rest_route=%2Fwp%2Fv2%2Fcomments&post=578"}],"version-history":[{"count":1,"href":"https:\/\/lzo-im-norden.de\/index.php?rest_route=\/wp\/v2\/pages\/578\/revisions"}],"predecessor-version":[{"id":579,"href":"https:\/\/lzo-im-norden.de\/index.php?rest_route=\/wp\/v2\/pages\/578\/revisions\/579"}],"up":[{"embeddable":true,"href":"https:\/\/lzo-im-norden.de\/index.php?rest_route=\/wp\/v2\/pages\/184"}],"wp:attachment":[{"href":"https:\/\/lzo-im-norden.de\/index.php?rest_route=%2Fwp%2Fv2%2Fmedia&parent=578"}],"curies":[{"name":"wp","href":"https:\/\/api.w.org\/{rel}","templated":true}]}}